{"id":742,"date":"2025-06-29T22:12:25","date_gmt":"2025-06-29T20:12:25","guid":{"rendered":"http:\/\/localhost:8888\/WordPress\/?page_id=742"},"modified":"2026-01-19T16:20:33","modified_gmt":"2026-01-19T15:20:33","slug":"chambre-35-berwartstein","status":"publish","type":"page","link":"https:\/\/ecrevisse-wissembourg.com\/index.php\/nos-chambres\/chambre-35-berwartstein\/","title":{"rendered":"Chambre 35 Berwartstein\u200b"},"content":{"rendered":"\t\t<div data-elementor-type=\"wp-page\" data-elementor-id=\"742\" class=\"elementor elementor-742\" data-elementor-post-type=\"page\">\n\t\t\t\t<div class=\"elementor-element elementor-element-2162105 e-con-full e-flex e-con e-parent\" data-id=\"2162105\" data-element_type=\"container\" data-e-type=\"container\" data-settings=\"{&quot;background_background&quot;:&quot;classic&quot;}\">\n\t\t\t\t<div class=\"elementor-element elementor-element-681e962 elementor-widget__width-initial elementor-widget elementor-widget-heading\" data-id=\"681e962\" data-element_type=\"widget\" data-e-type=\"widget\" data-widget_type=\"heading.default\">\n\t\t\t\t<div class=\"elementor-widget-container\">\n\t\t\t\t\t<h1 class=\"elementor-heading-title elementor-size-default\">Chambre 35<br>Berwartstein<\/h1>\t\t\t\t<\/div>\n\t\t\t\t<\/div>\n\t\t\t\t<\/div>\n\t\t<div class=\"elementor-element elementor-element-e501c8a e-con-full e-flex e-con e-parent\" data-id=\"e501c8a\" data-element_type=\"container\" data-e-type=\"container\">\n\t\t\t\t<div class=\"elementor-element elementor-element-df5225d elementor-align-left elementor-widget elementor-widget-breadcrumbs\" data-id=\"df5225d\" data-element_type=\"widget\" data-e-type=\"widget\" data-widget_type=\"breadcrumbs.default\">\n\t\t\t\t<div class=\"elementor-widget-container\">\n\t\t\t\t\t<p id=\"breadcrumbs\"><span><span><a href=\"https:\/\/ecrevisse-wissembourg.com\/\">Accueil<\/a><\/span><\/span><\/p>\t\t\t\t<\/div>\n\t\t\t\t<\/div>\n\t\t\t\t<\/div>\n\t\t<div class=\"elementor-element elementor-element-b7dcc9b e-con-full e-flex e-con e-parent\" data-id=\"b7dcc9b\" data-element_type=\"container\" data-e-type=\"container\">\n\t\t<div class=\"elementor-element elementor-element-bc5d80e e-con-full e-flex e-con e-child\" data-id=\"bc5d80e\" data-element_type=\"container\" data-e-type=\"container\" data-settings=\"{&quot;background_background&quot;:&quot;classic&quot;}\">\n\t\t<div class=\"elementor-element elementor-element-d4ef9c2 e-con-full e-flex e-con e-child\" data-id=\"d4ef9c2\" data-element_type=\"container\" data-e-type=\"container\" data-settings=\"{&quot;background_background&quot;:&quot;classic&quot;}\">\n\t\t\t\t<div class=\"elementor-element elementor-element-830861d elementor-widget__width-inherit elementor-widget elementor-widget-heading\" data-id=\"830861d\" data-element_type=\"widget\" data-e-type=\"widget\" data-widget_type=\"heading.default\">\n\t\t\t\t<div class=\"elementor-widget-container\">\n\t\t\t\t\t<span class=\"elementor-heading-title elementor-size-default\">Un nid accessible baign\u00e9 de lumi\u00e8re\n<\/span>\t\t\t\t<\/div>\n\t\t\t\t<\/div>\n\t\t\t\t<\/div>\n\t\t<div class=\"elementor-element elementor-element-4f30383 e-con-full e-flex e-con e-child\" data-id=\"4f30383\" data-element_type=\"container\" data-e-type=\"container\" data-settings=\"{&quot;background_background&quot;:&quot;classic&quot;}\">\n\t\t\t\t<div class=\"elementor-element elementor-element-c61ae29 elementor-widget elementor-widget-text-editor\" data-id=\"c61ae29\" data-element_type=\"widget\" data-e-type=\"widget\" data-widget_type=\"text-editor.default\">\n\t\t\t\t<div class=\"elementor-widget-container\">\n\t\t\t\t\t\t\t\t\t<div data-id=\"c61ae29\" data-element_type=\"widget\" data-widget_type=\"text-editor.default\"><div><p>Avec sa surface optimis\u00e9e de 25 m\u00b2, la chambre Berwartstein accueille confortablement deux personnes dans une atmosph\u00e8re douce et \u00e9pur\u00e9e. Deux lits jumeaux 90 \u00d7 200 cm offrent une literie haut de gamme tr\u00e8s confortable. Enti\u00e8rement accessible PMR, l\u2019espace b\u00e9n\u00e9ficie de passages \u00e9largis et d\u2019un mobilier ergonomique pour garantir une circulation fluide.<\/p><p>\u00a0<\/p><\/div><\/div><div data-id=\"1a3cc4e\" data-element_type=\"widget\" data-widget_type=\"text-editor.default\"><div><p>La salle de bains attenante de 6 m\u00b2 prolonge cet esprit inclusif : une grande douche \u00e0 l\u2019italienne \u00e9quip\u00e9e PMR permet de se d\u00e9lasser en toute s\u00e9curit\u00e9 apr\u00e8s vos escapades dans le centre historique.<\/p><\/div><\/div><div data-id=\"c1aee6a\" data-element_type=\"widget\" data-widget_type=\"text-editor.default\"><div><p data-start=\"810\" data-end=\"1003\">\u00a0<\/p><p data-start=\"810\" data-end=\"1003\">Con\u00e7ue comme un cocon moderne au charme alsacien, Berwartstein allie poutres apparentes, mat\u00e9riaux naturels et \u00e9quipements high-tech discrets : climatisation r\u00e9versible, Wi-Fi haut d\u00e9bit et lecteur DVD\/USB pour des soir\u00e9es cin\u00e9ma improvis\u00e9es. Chaque d\u00e9tail a \u00e9t\u00e9 pens\u00e9 pour un s\u00e9jour serein, qu\u2019il s\u2019agisse d\u2019une escapade romantique ou d\u2019un voyage accessible \u00e0 tous.<\/p><p data-start=\"810\" data-end=\"1003\">\u00a0<\/p><p>Tarifs d\u00e9gressifs d\u00e8s la seconde nuit.<\/p><\/div><\/div>\t\t\t\t\t\t\t\t<\/div>\n\t\t\t\t<\/div>\n\t\t\t\t<\/div>\n\t\t\t\t<div class=\"elementor-element elementor-element-9a6dee2 elementor-align-center elementor-widget elementor-widget-button\" data-id=\"9a6dee2\" data-element_type=\"widget\" data-e-type=\"widget\" data-widget_type=\"button.default\">\n\t\t\t\t<div class=\"elementor-widget-container\">\n\t\t\t\t\t\t\t\t\t<div class=\"elementor-button-wrapper\">\n\t\t\t\t\t<a class=\"elementor-button elementor-button-link elementor-size-sm\" href=\"https:\/\/via.eviivo.com\/LEcrevisse\">\n\t\t\t\t\t\t<span class=\"elementor-button-content-wrapper\">\n\t\t\t\t\t\t\t\t\t<span class=\"elementor-button-text\">R\u00e9server<\/span>\n\t\t\t\t\t<\/span>\n\t\t\t\t\t<\/a>\n\t\t\t\t<\/div>\n\t\t\t\t\t\t\t\t<\/div>\n\t\t\t\t<\/div>\n\t\t\t\t<\/div>\n\t\t\t\t<div class=\"elementor-element elementor-element-29c4ca3 elementor-arrows-position-outside elementor-pagination-position-outside elementor-widget elementor-widget-image-carousel\" data-id=\"29c4ca3\" data-element_type=\"widget\" data-e-type=\"widget\" data-settings=\"{&quot;slides_to_show&quot;:&quot;1&quot;,&quot;navigation&quot;:&quot;both&quot;,&quot;autoplay&quot;:&quot;yes&quot;,&quot;pause_on_hover&quot;:&quot;yes&quot;,&quot;pause_on_interaction&quot;:&quot;yes&quot;,&quot;autoplay_speed&quot;:5000,&quot;infinite&quot;:&quot;yes&quot;,&quot;effect&quot;:&quot;slide&quot;,&quot;speed&quot;:500}\" data-widget_type=\"image-carousel.default\">\n\t\t\t\t<div class=\"elementor-widget-container\">\n\t\t\t\t\t\t\t<div class=\"elementor-image-carousel-wrapper swiper\" role=\"region\" aria-roledescription=\"carousel\" aria-label=\"Carrousel d\u2019images\" dir=\"ltr\">\n\t\t\t<div class=\"elementor-image-carousel swiper-wrapper\" aria-live=\"off\">\n\t\t\t\t\t\t\t\t<div class=\"swiper-slide\" role=\"group\" aria-roledescription=\"slide\" aria-label=\"1 sur 5\"><figure class=\"swiper-slide-inner\"><img decoding=\"async\" class=\"swiper-slide-image\" src=\"https:\/\/ecrevisse-wissembourg.com\/wp-content\/uploads\/2025\/07\/CHAMBRE-35-1.jpg\" alt=\"Vue g\u00e9n\u00e9rale de la chambre 35 avec lit double, fauteuil beige et fen\u00eatres lumineuses\" \/><\/figure><\/div><div class=\"swiper-slide\" role=\"group\" aria-roledescription=\"slide\" aria-label=\"2 sur 5\"><figure class=\"swiper-slide-inner\"><img decoding=\"async\" class=\"swiper-slide-image\" src=\"https:\/\/ecrevisse-wissembourg.com\/wp-content\/uploads\/2025\/07\/CHAMBRE-35-2.jpg\" alt=\"Chambre 35 avec coin bureau, chaise \u00e9l\u00e9gante et d\u00e9coration moderne\" \/><\/figure><\/div><div class=\"swiper-slide\" role=\"group\" aria-roledescription=\"slide\" aria-label=\"3 sur 5\"><figure class=\"swiper-slide-inner\"><img decoding=\"async\" class=\"swiper-slide-image\" src=\"https:\/\/ecrevisse-wissembourg.com\/wp-content\/uploads\/2025\/07\/CHAMBRE-35-salle-de-bains-2.jpg\" alt=\"Salle de bains moderne avec douche \u00e0 l&#039;italienne, lavabo et WC\" \/><\/figure><\/div><div class=\"swiper-slide\" role=\"group\" aria-roledescription=\"slide\" aria-label=\"4 sur 5\"><figure class=\"swiper-slide-inner\"><img decoding=\"async\" class=\"swiper-slide-image\" src=\"https:\/\/ecrevisse-wissembourg.com\/wp-content\/uploads\/2025\/07\/CHAMBRE-35-salle-de-bains.jpg\" alt=\"Vue compl\u00e9mentaire de la salle de bains avec lavabo, WC suspendu et accessoires\" \/><\/figure><\/div><div class=\"swiper-slide\" role=\"group\" aria-roledescription=\"slide\" aria-label=\"5 sur 5\"><figure class=\"swiper-slide-inner\"><img decoding=\"async\" class=\"swiper-slide-image\" src=\"https:\/\/ecrevisse-wissembourg.com\/wp-content\/uploads\/2026\/01\/ECREVISSE-PLATEAU-DE-COURTOISIE-7.jpg\" alt=\"\u00c9CREVISSE PLATEAU DE COURTOISIE\" \/><\/figure><\/div>\t\t\t<\/div>\n\t\t\t\t\t\t\t\t\t\t\t\t<div class=\"elementor-swiper-button elementor-swiper-button-prev\" role=\"button\" tabindex=\"0\">\n\t\t\t\t\t\t<svg aria-hidden=\"true\" class=\"e-font-icon-svg e-eicon-chevron-left\" viewBox=\"0 0 1000 1000\" xmlns=\"http:\/\/www.w3.org\/2000\/svg\"><path d=\"M646 125C629 125 613 133 604 142L308 442C296 454 292 471 292 487 292 504 296 521 308 533L604 854C617 867 629 875 646 875 663 875 679 871 692 858 704 846 713 829 713 812 713 796 708 779 692 767L438 487 692 225C700 217 708 204 708 187 708 171 704 154 692 142 675 129 663 125 646 125Z\"><\/path><\/svg>\t\t\t\t\t<\/div>\n\t\t\t\t\t<div class=\"elementor-swiper-button elementor-swiper-button-next\" role=\"button\" tabindex=\"0\">\n\t\t\t\t\t\t<svg aria-hidden=\"true\" class=\"e-font-icon-svg e-eicon-chevron-right\" viewBox=\"0 0 1000 1000\" xmlns=\"http:\/\/www.w3.org\/2000\/svg\"><path d=\"M696 533C708 521 713 504 713 487 713 471 708 454 696 446L400 146C388 133 375 125 354 125 338 125 325 129 313 142 300 154 292 171 292 187 292 204 296 221 308 233L563 492 304 771C292 783 288 800 288 817 288 833 296 850 308 863 321 871 338 875 354 875 371 875 388 867 400 854L696 533Z\"><\/path><\/svg>\t\t\t\t\t<\/div>\n\t\t\t\t\n\t\t\t\t\t\t\t\t\t<div class=\"swiper-pagination\"><\/div>\n\t\t\t\t\t\t\t\t\t<\/div>\n\t\t\t\t\t\t<\/div>\n\t\t\t\t<\/div>\n\t\t\t\t<\/div>\n\t\t<div class=\"elementor-element elementor-element-d97171d e-grid e-con-full e-con e-parent\" data-id=\"d97171d\" data-element_type=\"container\" data-e-type=\"container\" data-settings=\"{&quot;background_background&quot;:&quot;classic&quot;}\">\n\t\t<div class=\"elementor-element elementor-element-2aa7520 e-con-full e-flex e-con e-child\" data-id=\"2aa7520\" data-element_type=\"container\" data-e-type=\"container\" data-settings=\"{&quot;background_background&quot;:&quot;classic&quot;}\">\n\t\t\t\t<div class=\"elementor-element elementor-element-c3bacc7 elementor-widget elementor-widget-text-editor\" data-id=\"c3bacc7\" data-element_type=\"widget\" data-e-type=\"widget\" data-widget_type=\"text-editor.default\">\n\t\t\t\t<div class=\"elementor-widget-container\">\n\t\t\t\t\t\t\t\t\t<p data-pm-slice=\"1 1 [&quot;list&quot;,{&quot;spread&quot;:false,&quot;start&quot;:957,&quot;end&quot;:1400},&quot;regular_list_item&quot;,{&quot;start&quot;:957,&quot;end&quot;:978}]\">Chambre de 25 m\u00b2 (ascenseur)<br \/>Deux lits jumeaux 90\u00d7200 cm <\/p><p data-pm-slice=\"1 1 [&quot;list&quot;,{&quot;spread&quot;:false,&quot;start&quot;:957,&quot;end&quot;:1400},&quot;regular_list_item&quot;,{&quot;start&quot;:957,&quot;end&quot;:978}]\">Salle de bains 6 m\u00b2 avec grande douche \u00e0 l\u2019italienne PMR<br \/>Bureau confortable &amp; Wi-Fi haut d\u00e9bit<br \/>T\u00e9l\u00e9viseur, lecteur DVD &amp; USB<br \/>Climatisation r\u00e9versible<br \/>Coffre de nuit, linge de maison &amp; produits de soin fournis<br \/>Vue calme sur la cour int\u00e9rieure du b\u00e2timent historique<\/p>\t\t\t\t\t\t\t\t<\/div>\n\t\t\t\t<\/div>\n\t\t\t\t<\/div>\n\t\t\t\t<\/div>\n\t\t\t\t<\/div>\n\t\t","protected":false},"excerpt":{"rendered":"<p>Chambre 35Berwartstein Un nid accessible baign\u00e9 de lumi\u00e8re Avec sa surface optimis\u00e9e de 25 m\u00b2, la chambre Berwartstein accueille confortablement deux personnes dans une atmosph\u00e8re douce et \u00e9pur\u00e9e. Deux lits jumeaux 90 \u00d7 200 cm offrent une literie haut de gamme tr\u00e8s confortable. Enti\u00e8rement accessible PMR, l\u2019espace b\u00e9n\u00e9ficie de passages \u00e9largis et d\u2019un mobilier ergonomique [&hellip;]<\/p>\n","protected":false},"author":1,"featured_media":1062,"parent":352,"menu_order":0,"comment_status":"closed","ping_status":"closed","template":"elementor_header_footer","meta":{"tpgb_global_settings":"","footnotes":""},"class_list":["post-742","page","type-page","status-publish","has-post-thumbnail","hentry"],"yoast_head":"<!-- This site is optimized with the Yoast SEO plugin v27.3 - https:\/\/yoast.com\/product\/yoast-seo-wordpress\/ -->\n<title>L&#039;\u00c9crevisse - Chambre 35 Berwartstein\u200b<\/title>\n<meta name=\"description\" content=\"Chambre 35 Berwartstein : 25 m\u00b2, 2 lits 90\u00d7200, douche italienne PMR, Wi-Fi, TV, clim, vue cour calme. R\u00e9servez.\" \/>\n<meta name=\"robots\" content=\"index, follow, max-snippet:-1, max-image-preview:large, max-video-preview:-1\" \/>\n<link rel=\"canonical\" href=\"https:\/\/ecrevisse-wissembourg.com\/index.php\/nos-chambres\/chambre-35-berwartstein\/\" \/>\n<meta property=\"og:locale\" content=\"fr_FR\" \/>\n<meta property=\"og:type\" content=\"article\" \/>\n<meta property=\"og:title\" content=\"L&#039;\u00c9crevisse - Chambre 35 Berwartstein\u200b\" \/>\n<meta property=\"og:description\" content=\"Chambre 35 Berwartstein : 25 m\u00b2, 2 lits 90\u00d7200, douche italienne PMR, Wi-Fi, TV, clim, vue cour calme. R\u00e9servez.\" \/>\n<meta property=\"og:url\" content=\"https:\/\/ecrevisse-wissembourg.com\/index.php\/nos-chambres\/chambre-35-berwartstein\/\" \/>\n<meta property=\"og:site_name\" content=\"L&#039;\u00c9crevisse\" \/>\n<meta property=\"article:modified_time\" content=\"2026-01-19T15:20:33+00:00\" \/>\n<meta property=\"og:image\" content=\"https:\/\/ecrevisse-wissembourg.com\/wp-content\/uploads\/2025\/07\/CHAMBRE-35-1-1024x576.jpg\" \/>\n\t<meta property=\"og:image:width\" content=\"1024\" \/>\n\t<meta property=\"og:image:height\" content=\"576\" \/>\n\t<meta property=\"og:image:type\" content=\"image\/jpeg\" \/>\n<meta name=\"twitter:card\" content=\"summary_large_image\" \/>\n<meta name=\"twitter:label1\" content=\"Dur\u00e9e de lecture estim\u00e9e\" \/>\n\t<meta name=\"twitter:data1\" content=\"3 minutes\" \/>\n<script type=\"application\/ld+json\" class=\"yoast-schema-graph\">{\"@context\":\"https:\\\/\\\/schema.org\",\"@graph\":[{\"@type\":\"WebPage\",\"@id\":\"https:\\\/\\\/ecrevisse-wissembourg.com\\\/index.php\\\/nos-chambres\\\/chambre-35-berwartstein\\\/\",\"url\":\"https:\\\/\\\/ecrevisse-wissembourg.com\\\/index.php\\\/nos-chambres\\\/chambre-35-berwartstein\\\/\",\"name\":\"L&#039;\u00c9crevisse - Chambre 35 Berwartstein\u200b\",\"isPartOf\":{\"@id\":\"https:\\\/\\\/ecrevisse-wissembourg.com\\\/#website\"},\"primaryImageOfPage\":{\"@id\":\"https:\\\/\\\/ecrevisse-wissembourg.com\\\/index.php\\\/nos-chambres\\\/chambre-35-berwartstein\\\/#primaryimage\"},\"image\":{\"@id\":\"https:\\\/\\\/ecrevisse-wissembourg.com\\\/index.php\\\/nos-chambres\\\/chambre-35-berwartstein\\\/#primaryimage\"},\"thumbnailUrl\":\"https:\\\/\\\/ecrevisse-wissembourg.com\\\/wp-content\\\/uploads\\\/2025\\\/07\\\/CHAMBRE-35-1.jpg\",\"datePublished\":\"2025-06-29T20:12:25+00:00\",\"dateModified\":\"2026-01-19T15:20:33+00:00\",\"description\":\"Chambre 35 Berwartstein : 25 m\u00b2, 2 lits 90\u00d7200, douche italienne PMR, Wi-Fi, TV, clim, vue cour calme. R\u00e9servez.\",\"breadcrumb\":{\"@id\":\"https:\\\/\\\/ecrevisse-wissembourg.com\\\/index.php\\\/nos-chambres\\\/chambre-35-berwartstein\\\/#breadcrumb\"},\"inLanguage\":\"fr-FR\",\"potentialAction\":[{\"@type\":\"ReadAction\",\"target\":[\"https:\\\/\\\/ecrevisse-wissembourg.com\\\/index.php\\\/nos-chambres\\\/chambre-35-berwartstein\\\/\"]}]},{\"@type\":\"ImageObject\",\"inLanguage\":\"fr-FR\",\"@id\":\"https:\\\/\\\/ecrevisse-wissembourg.com\\\/index.php\\\/nos-chambres\\\/chambre-35-berwartstein\\\/#primaryimage\",\"url\":\"https:\\\/\\\/ecrevisse-wissembourg.com\\\/wp-content\\\/uploads\\\/2025\\\/07\\\/CHAMBRE-35-1.jpg\",\"contentUrl\":\"https:\\\/\\\/ecrevisse-wissembourg.com\\\/wp-content\\\/uploads\\\/2025\\\/07\\\/CHAMBRE-35-1.jpg\",\"width\":1920,\"height\":1080,\"caption\":\"Chambre accueillante et lumineuse\"},{\"@type\":\"BreadcrumbList\",\"@id\":\"https:\\\/\\\/ecrevisse-wissembourg.com\\\/index.php\\\/nos-chambres\\\/chambre-35-berwartstein\\\/#breadcrumb\",\"itemListElement\":[{\"@type\":\"ListItem\",\"position\":1,\"name\":\"Accueil\",\"item\":\"https:\\\/\\\/ecrevisse-wissembourg.com\\\/\"},{\"@type\":\"ListItem\",\"position\":2,\"name\":\"Nos Chambres\",\"item\":\"https:\\\/\\\/ecrevisse-wissembourg.com\\\/index.php\\\/nos-chambres\\\/\"},{\"@type\":\"ListItem\",\"position\":3,\"name\":\"Chambre 35 Berwartstein\u200b\"}]},{\"@type\":\"WebSite\",\"@id\":\"https:\\\/\\\/ecrevisse-wissembourg.com\\\/#website\",\"url\":\"https:\\\/\\\/ecrevisse-wissembourg.com\\\/\",\"name\":\"H\u00f4tel \u00c9crevisse\",\"description\":\"\",\"publisher\":{\"@id\":\"https:\\\/\\\/ecrevisse-wissembourg.com\\\/#organization\"},\"potentialAction\":[{\"@type\":\"SearchAction\",\"target\":{\"@type\":\"EntryPoint\",\"urlTemplate\":\"https:\\\/\\\/ecrevisse-wissembourg.com\\\/?s={search_term_string}\"},\"query-input\":{\"@type\":\"PropertyValueSpecification\",\"valueRequired\":true,\"valueName\":\"search_term_string\"}}],\"inLanguage\":\"fr-FR\"},{\"@type\":\"Organization\",\"@id\":\"https:\\\/\\\/ecrevisse-wissembourg.com\\\/#organization\",\"name\":\"H\u00f4tel \u00c9crevisse\",\"alternateName\":\"\u00c9crevisse\",\"url\":\"https:\\\/\\\/ecrevisse-wissembourg.com\\\/\",\"logo\":{\"@type\":\"ImageObject\",\"inLanguage\":\"fr-FR\",\"@id\":\"https:\\\/\\\/ecrevisse-wissembourg.com\\\/#\\\/schema\\\/logo\\\/image\\\/\",\"url\":\"https:\\\/\\\/ecrevisse-wissembourg.com\\\/wp-content\\\/uploads\\\/2025\\\/06\\\/Ecrevisse-1.png\",\"contentUrl\":\"https:\\\/\\\/ecrevisse-wissembourg.com\\\/wp-content\\\/uploads\\\/2025\\\/06\\\/Ecrevisse-1.png\",\"width\":513,\"height\":117,\"caption\":\"H\u00f4tel \u00c9crevisse\"},\"image\":{\"@id\":\"https:\\\/\\\/ecrevisse-wissembourg.com\\\/#\\\/schema\\\/logo\\\/image\\\/\"}}]}<\/script>\n<!-- \/ Yoast SEO plugin. -->","yoast_head_json":{"title":"L&#039;\u00c9crevisse - Chambre 35 Berwartstein\u200b","description":"Chambre 35 Berwartstein : 25 m\u00b2, 2 lits 90\u00d7200, douche italienne PMR, Wi-Fi, TV, clim, vue cour calme. R\u00e9servez.","robots":{"index":"index","follow":"follow","max-snippet":"max-snippet:-1","max-image-preview":"max-image-preview:large","max-video-preview":"max-video-preview:-1"},"canonical":"https:\/\/ecrevisse-wissembourg.com\/index.php\/nos-chambres\/chambre-35-berwartstein\/","og_locale":"fr_FR","og_type":"article","og_title":"L&#039;\u00c9crevisse - Chambre 35 Berwartstein\u200b","og_description":"Chambre 35 Berwartstein : 25 m\u00b2, 2 lits 90\u00d7200, douche italienne PMR, Wi-Fi, TV, clim, vue cour calme. R\u00e9servez.","og_url":"https:\/\/ecrevisse-wissembourg.com\/index.php\/nos-chambres\/chambre-35-berwartstein\/","og_site_name":"L&#039;\u00c9crevisse","article_modified_time":"2026-01-19T15:20:33+00:00","og_image":[{"width":1024,"height":576,"url":"https:\/\/ecrevisse-wissembourg.com\/wp-content\/uploads\/2025\/07\/CHAMBRE-35-1-1024x576.jpg","type":"image\/jpeg"}],"twitter_card":"summary_large_image","twitter_misc":{"Dur\u00e9e de lecture estim\u00e9e":"3 minutes"},"schema":{"@context":"https:\/\/schema.org","@graph":[{"@type":"WebPage","@id":"https:\/\/ecrevisse-wissembourg.com\/index.php\/nos-chambres\/chambre-35-berwartstein\/","url":"https:\/\/ecrevisse-wissembourg.com\/index.php\/nos-chambres\/chambre-35-berwartstein\/","name":"L&#039;\u00c9crevisse - Chambre 35 Berwartstein\u200b","isPartOf":{"@id":"https:\/\/ecrevisse-wissembourg.com\/#website"},"primaryImageOfPage":{"@id":"https:\/\/ecrevisse-wissembourg.com\/index.php\/nos-chambres\/chambre-35-berwartstein\/#primaryimage"},"image":{"@id":"https:\/\/ecrevisse-wissembourg.com\/index.php\/nos-chambres\/chambre-35-berwartstein\/#primaryimage"},"thumbnailUrl":"https:\/\/ecrevisse-wissembourg.com\/wp-content\/uploads\/2025\/07\/CHAMBRE-35-1.jpg","datePublished":"2025-06-29T20:12:25+00:00","dateModified":"2026-01-19T15:20:33+00:00","description":"Chambre 35 Berwartstein : 25 m\u00b2, 2 lits 90\u00d7200, douche italienne PMR, Wi-Fi, TV, clim, vue cour calme. R\u00e9servez.","breadcrumb":{"@id":"https:\/\/ecrevisse-wissembourg.com\/index.php\/nos-chambres\/chambre-35-berwartstein\/#breadcrumb"},"inLanguage":"fr-FR","potentialAction":[{"@type":"ReadAction","target":["https:\/\/ecrevisse-wissembourg.com\/index.php\/nos-chambres\/chambre-35-berwartstein\/"]}]},{"@type":"ImageObject","inLanguage":"fr-FR","@id":"https:\/\/ecrevisse-wissembourg.com\/index.php\/nos-chambres\/chambre-35-berwartstein\/#primaryimage","url":"https:\/\/ecrevisse-wissembourg.com\/wp-content\/uploads\/2025\/07\/CHAMBRE-35-1.jpg","contentUrl":"https:\/\/ecrevisse-wissembourg.com\/wp-content\/uploads\/2025\/07\/CHAMBRE-35-1.jpg","width":1920,"height":1080,"caption":"Chambre accueillante et lumineuse"},{"@type":"BreadcrumbList","@id":"https:\/\/ecrevisse-wissembourg.com\/index.php\/nos-chambres\/chambre-35-berwartstein\/#breadcrumb","itemListElement":[{"@type":"ListItem","position":1,"name":"Accueil","item":"https:\/\/ecrevisse-wissembourg.com\/"},{"@type":"ListItem","position":2,"name":"Nos Chambres","item":"https:\/\/ecrevisse-wissembourg.com\/index.php\/nos-chambres\/"},{"@type":"ListItem","position":3,"name":"Chambre 35 Berwartstein\u200b"}]},{"@type":"WebSite","@id":"https:\/\/ecrevisse-wissembourg.com\/#website","url":"https:\/\/ecrevisse-wissembourg.com\/","name":"H\u00f4tel \u00c9crevisse","description":"","publisher":{"@id":"https:\/\/ecrevisse-wissembourg.com\/#organization"},"potentialAction":[{"@type":"SearchAction","target":{"@type":"EntryPoint","urlTemplate":"https:\/\/ecrevisse-wissembourg.com\/?s={search_term_string}"},"query-input":{"@type":"PropertyValueSpecification","valueRequired":true,"valueName":"search_term_string"}}],"inLanguage":"fr-FR"},{"@type":"Organization","@id":"https:\/\/ecrevisse-wissembourg.com\/#organization","name":"H\u00f4tel \u00c9crevisse","alternateName":"\u00c9crevisse","url":"https:\/\/ecrevisse-wissembourg.com\/","logo":{"@type":"ImageObject","inLanguage":"fr-FR","@id":"https:\/\/ecrevisse-wissembourg.com\/#\/schema\/logo\/image\/","url":"https:\/\/ecrevisse-wissembourg.com\/wp-content\/uploads\/2025\/06\/Ecrevisse-1.png","contentUrl":"https:\/\/ecrevisse-wissembourg.com\/wp-content\/uploads\/2025\/06\/Ecrevisse-1.png","width":513,"height":117,"caption":"H\u00f4tel \u00c9crevisse"},"image":{"@id":"https:\/\/ecrevisse-wissembourg.com\/#\/schema\/logo\/image\/"}}]}},"tpgb_featured_images":{"full":["https:\/\/ecrevisse-wissembourg.com\/wp-content\/uploads\/2025\/07\/CHAMBRE-35-1.jpg",1920,1080,false],"tp-image-grid":["https:\/\/ecrevisse-wissembourg.com\/wp-content\/uploads\/2025\/07\/CHAMBRE-35-1-700x700.jpg",700,700,true],"thumbnail":["https:\/\/ecrevisse-wissembourg.com\/wp-content\/uploads\/2025\/07\/CHAMBRE-35-1-150x150.jpg",150,150,true],"medium":["https:\/\/ecrevisse-wissembourg.com\/wp-content\/uploads\/2025\/07\/CHAMBRE-35-1-300x169.jpg",300,169,true],"medium_large":["https:\/\/ecrevisse-wissembourg.com\/wp-content\/uploads\/2025\/07\/CHAMBRE-35-1-768x432.jpg",768,432,true],"large":["https:\/\/ecrevisse-wissembourg.com\/wp-content\/uploads\/2025\/07\/CHAMBRE-35-1-1024x576.jpg",800,450,true],"default":"https:\/\/ecrevisse-wissembourg.com\/wp-content\/plugins\/the-plus-addons-for-block-editor\/assets\/images\/tpgb-placeholder.jpg"},"tpgb_post_meta_info":{"get_date":"29 juin 2025","get_modified_date":"19 janvier 2026","author_name":"admin","author_url":"https:\/\/ecrevisse-wissembourg.com\/index.php\/author\/admin\/","author_email":"26matt.09@gmail.com","author_website":"https:\/\/ecrevisse-wissembourg.com\/","author_description":"","author_facebook":"","author_twitter":"","author_instagram":"","author_role":["administrator"],"author_firstname":"","author_lastname":"","user_login":"admin","author_avatar":"<img alt='' src='https:\/\/secure.gravatar.com\/avatar\/c1541f9bd026027cdc59818f3be1173fcde3540409c3d7136bcb4ca19fedecef?s=200&#038;d=mm&#038;r=g' srcset='https:\/\/secure.gravatar.com\/avatar\/c1541f9bd026027cdc59818f3be1173fcde3540409c3d7136bcb4ca19fedecef?s=400&#038;d=mm&#038;r=g 2x' class='avatar avatar-200 photo' height='200' width='200' decoding='async'\/>","author_avatar_url":"https:\/\/secure.gravatar.com\/avatar\/c1541f9bd026027cdc59818f3be1173fcde3540409c3d7136bcb4ca19fedecef?s=96&d=mm&r=g","comment_count":0,"post_likes":0,"post_views":0},"tpgb_post_category":[],"_links":{"self":[{"href":"https:\/\/ecrevisse-wissembourg.com\/index.php\/wp-json\/wp\/v2\/pages\/742","targetHints":{"allow":["GET"]}}],"collection":[{"href":"https:\/\/ecrevisse-wissembourg.com\/index.php\/wp-json\/wp\/v2\/pages"}],"about":[{"href":"https:\/\/ecrevisse-wissembourg.com\/index.php\/wp-json\/wp\/v2\/types\/page"}],"author":[{"embeddable":true,"href":"https:\/\/ecrevisse-wissembourg.com\/index.php\/wp-json\/wp\/v2\/users\/1"}],"replies":[{"embeddable":true,"href":"https:\/\/ecrevisse-wissembourg.com\/index.php\/wp-json\/wp\/v2\/comments?post=742"}],"version-history":[{"count":68,"href":"https:\/\/ecrevisse-wissembourg.com\/index.php\/wp-json\/wp\/v2\/pages\/742\/revisions"}],"predecessor-version":[{"id":3004,"href":"https:\/\/ecrevisse-wissembourg.com\/index.php\/wp-json\/wp\/v2\/pages\/742\/revisions\/3004"}],"up":[{"embeddable":true,"href":"https:\/\/ecrevisse-wissembourg.com\/index.php\/wp-json\/wp\/v2\/pages\/352"}],"wp:featuredmedia":[{"embeddable":true,"href":"https:\/\/ecrevisse-wissembourg.com\/index.php\/wp-json\/wp\/v2\/media\/1062"}],"wp:attachment":[{"href":"https:\/\/ecrevisse-wissembourg.com\/index.php\/wp-json\/wp\/v2\/media?parent=742"}],"curies":[{"name":"wp","href":"https:\/\/api.w.org\/{rel}","templated":true}]}}