{"id":696,"date":"2025-06-29T19:48:54","date_gmt":"2025-06-29T17:48:54","guid":{"rendered":"http:\/\/localhost:8888\/WordPress\/?page_id=696"},"modified":"2026-01-19T16:16:26","modified_gmt":"2026-01-19T15:16:26","slug":"chambre-32-verger-alsacien","status":"publish","type":"page","link":"https:\/\/ecrevisse-wissembourg.com\/index.php\/nos-chambres\/chambre-32-verger-alsacien\/","title":{"rendered":"Chambre 32 Verger Alsacien\u200b"},"content":{"rendered":"\t\t<div data-elementor-type=\"wp-page\" data-elementor-id=\"696\" class=\"elementor elementor-696\" data-elementor-post-type=\"page\">\n\t\t\t\t<div class=\"elementor-element elementor-element-2162105 e-con-full e-flex e-con e-parent\" data-id=\"2162105\" data-element_type=\"container\" data-e-type=\"container\" data-settings=\"{&quot;background_background&quot;:&quot;classic&quot;}\">\n\t\t\t\t<div class=\"elementor-element elementor-element-681e962 elementor-widget__width-initial elementor-widget elementor-widget-heading\" data-id=\"681e962\" data-element_type=\"widget\" data-e-type=\"widget\" data-widget_type=\"heading.default\">\n\t\t\t\t<div class=\"elementor-widget-container\">\n\t\t\t\t\t<h1 class=\"elementor-heading-title elementor-size-default\">Chambre 32\n<p><span lang=\"EN-US\">Verger alsacien<\/span><span style=\"letter-spacing: 1.4px\"><\/span><\/p><\/h1>\t\t\t\t<\/div>\n\t\t\t\t<\/div>\n\t\t\t\t<\/div>\n\t\t<div class=\"elementor-element elementor-element-111be1b e-con-full e-flex e-con e-parent\" data-id=\"111be1b\" data-element_type=\"container\" data-e-type=\"container\">\n\t\t\t\t<div class=\"elementor-element elementor-element-8d18454 elementor-align-left elementor-widget elementor-widget-breadcrumbs\" data-id=\"8d18454\" data-element_type=\"widget\" data-e-type=\"widget\" data-widget_type=\"breadcrumbs.default\">\n\t\t\t\t<div class=\"elementor-widget-container\">\n\t\t\t\t\t<p id=\"breadcrumbs\"><span><span><a href=\"https:\/\/ecrevisse-wissembourg.com\/\">Accueil<\/a><\/span><\/span><\/p>\t\t\t\t<\/div>\n\t\t\t\t<\/div>\n\t\t\t\t<\/div>\n\t\t<div class=\"elementor-element elementor-element-b7dcc9b e-con-full e-flex e-con e-parent\" data-id=\"b7dcc9b\" data-element_type=\"container\" data-e-type=\"container\">\n\t\t<div class=\"elementor-element elementor-element-bc5d80e e-con-full e-flex e-con e-child\" data-id=\"bc5d80e\" data-element_type=\"container\" data-e-type=\"container\" data-settings=\"{&quot;background_background&quot;:&quot;classic&quot;}\">\n\t\t<div class=\"elementor-element elementor-element-d4ef9c2 e-con-full e-flex e-con e-child\" data-id=\"d4ef9c2\" data-element_type=\"container\" data-e-type=\"container\" data-settings=\"{&quot;background_background&quot;:&quot;classic&quot;}\">\n\t\t\t\t<div class=\"elementor-element elementor-element-830861d elementor-widget__width-initial elementor-widget elementor-widget-heading\" data-id=\"830861d\" data-element_type=\"widget\" data-e-type=\"widget\" data-widget_type=\"heading.default\">\n\t\t\t\t<div class=\"elementor-widget-container\">\n\t\t\t\t\t<span class=\"elementor-heading-title elementor-size-default\">Un \u00e9crin accessible, inspir\u00e9 par les vergers d\u2019Alsace\n<\/span>\t\t\t\t<\/div>\n\t\t\t\t<\/div>\n\t\t\t\t<\/div>\n\t\t<div class=\"elementor-element elementor-element-4f30383 e-con-full e-flex e-con e-child\" data-id=\"4f30383\" data-element_type=\"container\" data-e-type=\"container\" data-settings=\"{&quot;background_background&quot;:&quot;classic&quot;}\">\n\t\t\t\t<div class=\"elementor-element elementor-element-c61ae29 elementor-widget elementor-widget-text-editor\" data-id=\"c61ae29\" data-element_type=\"widget\" data-e-type=\"widget\" data-widget_type=\"text-editor.default\">\n\t\t\t\t<div class=\"elementor-widget-container\">\n\t\t\t\t\t\t\t\t\t<div data-id=\"c61ae29\" data-element_type=\"widget\" data-widget_type=\"text-editor.default\">\n<div>\n<p>Avec sa surface optimis\u00e9e de 24 m\u00b2, la chambre Verger Alsacien accueille confortablement deux h\u00f4tes dans une ambiance douce et lumineuse. Deux lits jumeaux 90 \u00d7 200 cm offrent une literie haut de gamme qui s\u2019adapte aussi bien aux couples qu\u2019aux voyageurs souhaitant des couchages s\u00e9par\u00e9s.<\/p><p><br><\/p>\n<\/div>\n<\/div>\n<div data-id=\"1a3cc4e\" data-element_type=\"widget\" data-widget_type=\"text-editor.default\">\n<div>\n<p>Enti\u00e8rement accessible PMR, l\u2019espace a \u00e9t\u00e9 pens\u00e9 pour faciliter chaque geste : passages \u00e9largis, mobilier ergonomique et poign\u00e9e de porte adapt\u00e9e. La salle de bains de 7 m\u00b2 prolonge cet engagement inclusif avec un plan vasque spacieux et une grande douche \u00e0 l\u2019italienne \u00e9quip\u00e9e PMR, id\u00e9ale pour se d\u00e9lasser en toute s\u00e9curit\u00e9 apr\u00e8s une journ\u00e9e de d\u00e9couvertes.<\/p><p><br><\/p>\n<\/div>\n<\/div>\n<div data-id=\"c1aee6a\" data-element_type=\"widget\" data-widget_type=\"text-editor.default\">\n<div>\n<p>L\u2019atmosph\u00e8re apaisante m\u00eale mat\u00e9riaux naturels et touches de modernit\u00e9 ; un clin d\u2019\u0153il discret aux vergers alsaciens qui entourent la r\u00e9gion. Parfaits pour une parenth\u00e8se ressour\u00e7ante, les \u00e9quipements high-tech (Wi-Fi haut d\u00e9bit, t\u00e9l\u00e9viseur, lecteur DVD &amp; USB) et le linge de maison fourni compl\u00e8tent ce cocon pens\u00e9 dans les moindres d\u00e9tails.<\/p><p><br><\/p><p>Tarifs d\u00e9gressifs d\u00e8s la seconde nuit.<\/p><p><br><\/p><p><br><\/p>\n<\/div>\n<\/div>\t\t\t\t\t\t\t\t<\/div>\n\t\t\t\t<\/div>\n\t\t\t\t<\/div>\n\t\t\t\t<div class=\"elementor-element elementor-element-9a6dee2 elementor-align-center elementor-widget elementor-widget-button\" data-id=\"9a6dee2\" data-element_type=\"widget\" data-e-type=\"widget\" data-widget_type=\"button.default\">\n\t\t\t\t<div class=\"elementor-widget-container\">\n\t\t\t\t\t\t\t\t\t<div class=\"elementor-button-wrapper\">\n\t\t\t\t\t<a class=\"elementor-button elementor-button-link elementor-size-sm\" href=\"https:\/\/via.eviivo.com\/LEcrevisse\">\n\t\t\t\t\t\t<span class=\"elementor-button-content-wrapper\">\n\t\t\t\t\t\t\t\t\t<span class=\"elementor-button-text\">R\u00e9server<\/span>\n\t\t\t\t\t<\/span>\n\t\t\t\t\t<\/a>\n\t\t\t\t<\/div>\n\t\t\t\t\t\t\t\t<\/div>\n\t\t\t\t<\/div>\n\t\t\t\t<\/div>\n\t\t\t\t<div class=\"elementor-element elementor-element-29c4ca3 elementor-arrows-position-outside elementor-pagination-position-outside elementor-widget elementor-widget-image-carousel\" data-id=\"29c4ca3\" data-element_type=\"widget\" data-e-type=\"widget\" data-settings=\"{&quot;slides_to_show&quot;:&quot;1&quot;,&quot;navigation&quot;:&quot;both&quot;,&quot;autoplay&quot;:&quot;yes&quot;,&quot;pause_on_hover&quot;:&quot;yes&quot;,&quot;pause_on_interaction&quot;:&quot;yes&quot;,&quot;autoplay_speed&quot;:5000,&quot;infinite&quot;:&quot;yes&quot;,&quot;effect&quot;:&quot;slide&quot;,&quot;speed&quot;:500}\" data-widget_type=\"image-carousel.default\">\n\t\t\t\t<div class=\"elementor-widget-container\">\n\t\t\t\t\t\t\t<div class=\"elementor-image-carousel-wrapper swiper\" role=\"region\" aria-roledescription=\"carousel\" aria-label=\"Carrousel d\u2019images\" dir=\"ltr\">\n\t\t\t<div class=\"elementor-image-carousel swiper-wrapper\" aria-live=\"off\">\n\t\t\t\t\t\t\t\t<div class=\"swiper-slide\" role=\"group\" aria-roledescription=\"slide\" aria-label=\"1 sur 5\"><figure class=\"swiper-slide-inner\"><img decoding=\"async\" class=\"swiper-slide-image\" src=\"https:\/\/ecrevisse-wissembourg.com\/wp-content\/uploads\/2025\/07\/PHOTO-CHAMBRE-32-1-1.jpg\" alt=\"Chambre spacieuse avec lits jumeaux et espace d\u00e9tente.\" \/><\/figure><\/div><div class=\"swiper-slide\" role=\"group\" aria-roledescription=\"slide\" aria-label=\"2 sur 5\"><figure class=\"swiper-slide-inner\"><img decoding=\"async\" class=\"swiper-slide-image\" src=\"https:\/\/ecrevisse-wissembourg.com\/wp-content\/uploads\/2025\/07\/PHOTO-CHAMBRE-32-2.jpg\" alt=\"Coin d\u00e9tente avec fauteuil confortable et d\u00e9coration moderne.\" \/><\/figure><\/div><div class=\"swiper-slide\" role=\"group\" aria-roledescription=\"slide\" aria-label=\"3 sur 5\"><figure class=\"swiper-slide-inner\"><img decoding=\"async\" class=\"swiper-slide-image\" src=\"https:\/\/ecrevisse-wissembourg.com\/wp-content\/uploads\/2025\/07\/PHOTO-CHAMBRE-32-SALLE-DE-BAINS.jpg\" alt=\"Salle de bains contemporaine avec douche \u00e0 l\u2019italienne.\" \/><\/figure><\/div><div class=\"swiper-slide\" role=\"group\" aria-roledescription=\"slide\" aria-label=\"4 sur 5\"><figure class=\"swiper-slide-inner\"><img decoding=\"async\" class=\"swiper-slide-image\" src=\"https:\/\/ecrevisse-wissembourg.com\/wp-content\/uploads\/2025\/08\/PHOTO-ECREVISSE-SALLE-DE-BAINS-VASQUE-32-2-2.jpg\" alt=\"PHOTO E\u0301CREVISSE SALLE DE BAINS VASQUE 32 2\" \/><\/figure><\/div><div class=\"swiper-slide\" role=\"group\" aria-roledescription=\"slide\" aria-label=\"5 sur 5\"><figure class=\"swiper-slide-inner\"><img decoding=\"async\" class=\"swiper-slide-image\" src=\"https:\/\/ecrevisse-wissembourg.com\/wp-content\/uploads\/2026\/01\/ECREVISSE-PLATEAU-DE-COURTOISIE-7.jpg\" alt=\"\u00c9CREVISSE PLATEAU DE COURTOISIE\" \/><\/figure><\/div>\t\t\t<\/div>\n\t\t\t\t\t\t\t\t\t\t\t\t<div class=\"elementor-swiper-button elementor-swiper-button-prev\" role=\"button\" tabindex=\"0\">\n\t\t\t\t\t\t<svg aria-hidden=\"true\" class=\"e-font-icon-svg e-eicon-chevron-left\" viewBox=\"0 0 1000 1000\" xmlns=\"http:\/\/www.w3.org\/2000\/svg\"><path d=\"M646 125C629 125 613 133 604 142L308 442C296 454 292 471 292 487 292 504 296 521 308 533L604 854C617 867 629 875 646 875 663 875 679 871 692 858 704 846 713 829 713 812 713 796 708 779 692 767L438 487 692 225C700 217 708 204 708 187 708 171 704 154 692 142 675 129 663 125 646 125Z\"><\/path><\/svg>\t\t\t\t\t<\/div>\n\t\t\t\t\t<div class=\"elementor-swiper-button elementor-swiper-button-next\" role=\"button\" tabindex=\"0\">\n\t\t\t\t\t\t<svg aria-hidden=\"true\" class=\"e-font-icon-svg e-eicon-chevron-right\" viewBox=\"0 0 1000 1000\" xmlns=\"http:\/\/www.w3.org\/2000\/svg\"><path d=\"M696 533C708 521 713 504 713 487 713 471 708 454 696 446L400 146C388 133 375 125 354 125 338 125 325 129 313 142 300 154 292 171 292 187 292 204 296 221 308 233L563 492 304 771C292 783 288 800 288 817 288 833 296 850 308 863 321 871 338 875 354 875 371 875 388 867 400 854L696 533Z\"><\/path><\/svg>\t\t\t\t\t<\/div>\n\t\t\t\t\n\t\t\t\t\t\t\t\t\t<div class=\"swiper-pagination\"><\/div>\n\t\t\t\t\t\t\t\t\t<\/div>\n\t\t\t\t\t\t<\/div>\n\t\t\t\t<\/div>\n\t\t\t\t<\/div>\n\t\t<div class=\"elementor-element elementor-element-d97171d e-grid e-con-full e-con e-parent\" data-id=\"d97171d\" data-element_type=\"container\" data-e-type=\"container\" data-settings=\"{&quot;background_background&quot;:&quot;classic&quot;}\">\n\t\t<div class=\"elementor-element elementor-element-2aa7520 e-con-full e-flex e-con e-child\" data-id=\"2aa7520\" data-element_type=\"container\" data-e-type=\"container\" data-settings=\"{&quot;background_background&quot;:&quot;classic&quot;}\">\n\t\t\t\t<div class=\"elementor-element elementor-element-c3bacc7 elementor-widget elementor-widget-text-editor\" data-id=\"c3bacc7\" data-element_type=\"widget\" data-e-type=\"widget\" data-widget_type=\"text-editor.default\">\n\t\t\t\t<div class=\"elementor-widget-container\">\n\t\t\t\t\t\t\t\t\t<p>Chambre de 24 m\u00b2 (ascenseur)<br \/>2 lits jumeaux 90 \u00d7 200 cm<br \/>Salle de bains PMR de 7 m\u00b2 avec plan vasque<br \/>Grande douche \u00e0 l\u2019italienne \u00e9quip\u00e9e PMR<br \/>Wi-Fi haut d\u00e9bit, t\u00e9l\u00e9viseur, lecteur DVD &amp; USB<br \/>Bureau confortable, coffre de nuit<br \/>Climatisation r\u00e9versible<br \/>Linge de maison &amp; produits de soin fournis<br \/>Vue sur la cour int\u00e9rieure calme du b\u00e2timent historique<\/p>\t\t\t\t\t\t\t\t<\/div>\n\t\t\t\t<\/div>\n\t\t\t\t<\/div>\n\t\t\t\t<\/div>\n\t\t\t\t<\/div>\n\t\t","protected":false},"excerpt":{"rendered":"<p>Chambre 32 Verger alsacien Un \u00e9crin accessible, inspir\u00e9 par les vergers d\u2019Alsace Avec sa surface optimis\u00e9e de 24 m\u00b2, la chambre Verger Alsacien accueille confortablement deux h\u00f4tes dans une ambiance douce et lumineuse. Deux lits jumeaux 90 \u00d7 200 cm offrent une literie haut de gamme qui s\u2019adapte aussi bien aux couples qu\u2019aux voyageurs souhaitant [&hellip;]<\/p>\n","protected":false},"author":1,"featured_media":1036,"parent":352,"menu_order":0,"comment_status":"closed","ping_status":"closed","template":"elementor_header_footer","meta":{"tpgb_global_settings":"","footnotes":""},"class_list":["post-696","page","type-page","status-publish","has-post-thumbnail","hentry"],"yoast_head":"<!-- This site is optimized with the Yoast SEO plugin v27.3 - https:\/\/yoast.com\/product\/yoast-seo-wordpress\/ -->\n<title>L&#039;\u00c9crevisse - Chambre 32 Verger Alsacien\u200b<\/title>\n<meta name=\"description\" content=\"Chambre 32 \u00ab Verger Alsacien \u00bb : 33 m\u00b2, lit king-size, vue verger, d\u00e9cor authentique. Charme, calme, r\u00e9servation directe.\" \/>\n<meta name=\"robots\" content=\"index, follow, max-snippet:-1, max-image-preview:large, max-video-preview:-1\" \/>\n<link rel=\"canonical\" href=\"https:\/\/ecrevisse-wissembourg.com\/index.php\/nos-chambres\/chambre-32-verger-alsacien\/\" \/>\n<meta property=\"og:locale\" content=\"fr_FR\" \/>\n<meta property=\"og:type\" content=\"article\" \/>\n<meta property=\"og:title\" content=\"L&#039;\u00c9crevisse - Chambre 32 Verger Alsacien\u200b\" \/>\n<meta property=\"og:description\" content=\"Chambre 32 \u00ab Verger Alsacien \u00bb : 33 m\u00b2, lit king-size, vue verger, d\u00e9cor authentique. Charme, calme, r\u00e9servation directe.\" \/>\n<meta property=\"og:url\" content=\"https:\/\/ecrevisse-wissembourg.com\/index.php\/nos-chambres\/chambre-32-verger-alsacien\/\" \/>\n<meta property=\"og:site_name\" content=\"L&#039;\u00c9crevisse\" \/>\n<meta property=\"article:modified_time\" content=\"2026-01-19T15:16:26+00:00\" \/>\n<meta property=\"og:image\" content=\"https:\/\/ecrevisse-wissembourg.com\/wp-content\/uploads\/2025\/07\/PHOTO-CHAMBRE-32-1-1024x576.jpg\" \/>\n\t<meta property=\"og:image:width\" content=\"1024\" \/>\n\t<meta property=\"og:image:height\" content=\"576\" \/>\n\t<meta property=\"og:image:type\" content=\"image\/jpeg\" \/>\n<meta name=\"twitter:card\" content=\"summary_large_image\" \/>\n<meta name=\"twitter:label1\" content=\"Dur\u00e9e de lecture estim\u00e9e\" \/>\n\t<meta name=\"twitter:data1\" content=\"3 minutes\" \/>\n<script type=\"application\/ld+json\" class=\"yoast-schema-graph\">{\"@context\":\"https:\\\/\\\/schema.org\",\"@graph\":[{\"@type\":\"WebPage\",\"@id\":\"https:\\\/\\\/ecrevisse-wissembourg.com\\\/index.php\\\/nos-chambres\\\/chambre-32-verger-alsacien\\\/\",\"url\":\"https:\\\/\\\/ecrevisse-wissembourg.com\\\/index.php\\\/nos-chambres\\\/chambre-32-verger-alsacien\\\/\",\"name\":\"L&#039;\u00c9crevisse - Chambre 32 Verger Alsacien\u200b\",\"isPartOf\":{\"@id\":\"https:\\\/\\\/ecrevisse-wissembourg.com\\\/#website\"},\"primaryImageOfPage\":{\"@id\":\"https:\\\/\\\/ecrevisse-wissembourg.com\\\/index.php\\\/nos-chambres\\\/chambre-32-verger-alsacien\\\/#primaryimage\"},\"image\":{\"@id\":\"https:\\\/\\\/ecrevisse-wissembourg.com\\\/index.php\\\/nos-chambres\\\/chambre-32-verger-alsacien\\\/#primaryimage\"},\"thumbnailUrl\":\"https:\\\/\\\/ecrevisse-wissembourg.com\\\/wp-content\\\/uploads\\\/2025\\\/07\\\/PHOTO-CHAMBRE-32-1.jpg\",\"datePublished\":\"2025-06-29T17:48:54+00:00\",\"dateModified\":\"2026-01-19T15:16:26+00:00\",\"description\":\"Chambre 32 \u00ab Verger Alsacien \u00bb : 33 m\u00b2, lit king-size, vue verger, d\u00e9cor authentique. Charme, calme, r\u00e9servation directe.\",\"breadcrumb\":{\"@id\":\"https:\\\/\\\/ecrevisse-wissembourg.com\\\/index.php\\\/nos-chambres\\\/chambre-32-verger-alsacien\\\/#breadcrumb\"},\"inLanguage\":\"fr-FR\",\"potentialAction\":[{\"@type\":\"ReadAction\",\"target\":[\"https:\\\/\\\/ecrevisse-wissembourg.com\\\/index.php\\\/nos-chambres\\\/chambre-32-verger-alsacien\\\/\"]}]},{\"@type\":\"ImageObject\",\"inLanguage\":\"fr-FR\",\"@id\":\"https:\\\/\\\/ecrevisse-wissembourg.com\\\/index.php\\\/nos-chambres\\\/chambre-32-verger-alsacien\\\/#primaryimage\",\"url\":\"https:\\\/\\\/ecrevisse-wissembourg.com\\\/wp-content\\\/uploads\\\/2025\\\/07\\\/PHOTO-CHAMBRE-32-1.jpg\",\"contentUrl\":\"https:\\\/\\\/ecrevisse-wissembourg.com\\\/wp-content\\\/uploads\\\/2025\\\/07\\\/PHOTO-CHAMBRE-32-1.jpg\",\"width\":1920,\"height\":1080,\"caption\":\"Chambre spacieuse \u00e9quip\u00e9e de lits jumeaux et espace d\u00e9tente.\"},{\"@type\":\"BreadcrumbList\",\"@id\":\"https:\\\/\\\/ecrevisse-wissembourg.com\\\/index.php\\\/nos-chambres\\\/chambre-32-verger-alsacien\\\/#breadcrumb\",\"itemListElement\":[{\"@type\":\"ListItem\",\"position\":1,\"name\":\"Accueil\",\"item\":\"https:\\\/\\\/ecrevisse-wissembourg.com\\\/\"},{\"@type\":\"ListItem\",\"position\":2,\"name\":\"Nos Chambres\",\"item\":\"https:\\\/\\\/ecrevisse-wissembourg.com\\\/index.php\\\/nos-chambres\\\/\"},{\"@type\":\"ListItem\",\"position\":3,\"name\":\"Chambre 32 Verger Alsacien\u200b\"}]},{\"@type\":\"WebSite\",\"@id\":\"https:\\\/\\\/ecrevisse-wissembourg.com\\\/#website\",\"url\":\"https:\\\/\\\/ecrevisse-wissembourg.com\\\/\",\"name\":\"H\u00f4tel \u00c9crevisse\",\"description\":\"\",\"publisher\":{\"@id\":\"https:\\\/\\\/ecrevisse-wissembourg.com\\\/#organization\"},\"potentialAction\":[{\"@type\":\"SearchAction\",\"target\":{\"@type\":\"EntryPoint\",\"urlTemplate\":\"https:\\\/\\\/ecrevisse-wissembourg.com\\\/?s={search_term_string}\"},\"query-input\":{\"@type\":\"PropertyValueSpecification\",\"valueRequired\":true,\"valueName\":\"search_term_string\"}}],\"inLanguage\":\"fr-FR\"},{\"@type\":\"Organization\",\"@id\":\"https:\\\/\\\/ecrevisse-wissembourg.com\\\/#organization\",\"name\":\"H\u00f4tel \u00c9crevisse\",\"alternateName\":\"\u00c9crevisse\",\"url\":\"https:\\\/\\\/ecrevisse-wissembourg.com\\\/\",\"logo\":{\"@type\":\"ImageObject\",\"inLanguage\":\"fr-FR\",\"@id\":\"https:\\\/\\\/ecrevisse-wissembourg.com\\\/#\\\/schema\\\/logo\\\/image\\\/\",\"url\":\"https:\\\/\\\/ecrevisse-wissembourg.com\\\/wp-content\\\/uploads\\\/2025\\\/06\\\/Ecrevisse-1.png\",\"contentUrl\":\"https:\\\/\\\/ecrevisse-wissembourg.com\\\/wp-content\\\/uploads\\\/2025\\\/06\\\/Ecrevisse-1.png\",\"width\":513,\"height\":117,\"caption\":\"H\u00f4tel \u00c9crevisse\"},\"image\":{\"@id\":\"https:\\\/\\\/ecrevisse-wissembourg.com\\\/#\\\/schema\\\/logo\\\/image\\\/\"}}]}<\/script>\n<!-- \/ Yoast SEO plugin. -->","yoast_head_json":{"title":"L&#039;\u00c9crevisse - Chambre 32 Verger Alsacien\u200b","description":"Chambre 32 \u00ab Verger Alsacien \u00bb : 33 m\u00b2, lit king-size, vue verger, d\u00e9cor authentique. Charme, calme, r\u00e9servation directe.","robots":{"index":"index","follow":"follow","max-snippet":"max-snippet:-1","max-image-preview":"max-image-preview:large","max-video-preview":"max-video-preview:-1"},"canonical":"https:\/\/ecrevisse-wissembourg.com\/index.php\/nos-chambres\/chambre-32-verger-alsacien\/","og_locale":"fr_FR","og_type":"article","og_title":"L&#039;\u00c9crevisse - Chambre 32 Verger Alsacien\u200b","og_description":"Chambre 32 \u00ab Verger Alsacien \u00bb : 33 m\u00b2, lit king-size, vue verger, d\u00e9cor authentique. Charme, calme, r\u00e9servation directe.","og_url":"https:\/\/ecrevisse-wissembourg.com\/index.php\/nos-chambres\/chambre-32-verger-alsacien\/","og_site_name":"L&#039;\u00c9crevisse","article_modified_time":"2026-01-19T15:16:26+00:00","og_image":[{"width":1024,"height":576,"url":"https:\/\/ecrevisse-wissembourg.com\/wp-content\/uploads\/2025\/07\/PHOTO-CHAMBRE-32-1-1024x576.jpg","type":"image\/jpeg"}],"twitter_card":"summary_large_image","twitter_misc":{"Dur\u00e9e de lecture estim\u00e9e":"3 minutes"},"schema":{"@context":"https:\/\/schema.org","@graph":[{"@type":"WebPage","@id":"https:\/\/ecrevisse-wissembourg.com\/index.php\/nos-chambres\/chambre-32-verger-alsacien\/","url":"https:\/\/ecrevisse-wissembourg.com\/index.php\/nos-chambres\/chambre-32-verger-alsacien\/","name":"L&#039;\u00c9crevisse - Chambre 32 Verger Alsacien\u200b","isPartOf":{"@id":"https:\/\/ecrevisse-wissembourg.com\/#website"},"primaryImageOfPage":{"@id":"https:\/\/ecrevisse-wissembourg.com\/index.php\/nos-chambres\/chambre-32-verger-alsacien\/#primaryimage"},"image":{"@id":"https:\/\/ecrevisse-wissembourg.com\/index.php\/nos-chambres\/chambre-32-verger-alsacien\/#primaryimage"},"thumbnailUrl":"https:\/\/ecrevisse-wissembourg.com\/wp-content\/uploads\/2025\/07\/PHOTO-CHAMBRE-32-1.jpg","datePublished":"2025-06-29T17:48:54+00:00","dateModified":"2026-01-19T15:16:26+00:00","description":"Chambre 32 \u00ab Verger Alsacien \u00bb : 33 m\u00b2, lit king-size, vue verger, d\u00e9cor authentique. Charme, calme, r\u00e9servation directe.","breadcrumb":{"@id":"https:\/\/ecrevisse-wissembourg.com\/index.php\/nos-chambres\/chambre-32-verger-alsacien\/#breadcrumb"},"inLanguage":"fr-FR","potentialAction":[{"@type":"ReadAction","target":["https:\/\/ecrevisse-wissembourg.com\/index.php\/nos-chambres\/chambre-32-verger-alsacien\/"]}]},{"@type":"ImageObject","inLanguage":"fr-FR","@id":"https:\/\/ecrevisse-wissembourg.com\/index.php\/nos-chambres\/chambre-32-verger-alsacien\/#primaryimage","url":"https:\/\/ecrevisse-wissembourg.com\/wp-content\/uploads\/2025\/07\/PHOTO-CHAMBRE-32-1.jpg","contentUrl":"https:\/\/ecrevisse-wissembourg.com\/wp-content\/uploads\/2025\/07\/PHOTO-CHAMBRE-32-1.jpg","width":1920,"height":1080,"caption":"Chambre spacieuse \u00e9quip\u00e9e de lits jumeaux et espace d\u00e9tente."},{"@type":"BreadcrumbList","@id":"https:\/\/ecrevisse-wissembourg.com\/index.php\/nos-chambres\/chambre-32-verger-alsacien\/#breadcrumb","itemListElement":[{"@type":"ListItem","position":1,"name":"Accueil","item":"https:\/\/ecrevisse-wissembourg.com\/"},{"@type":"ListItem","position":2,"name":"Nos Chambres","item":"https:\/\/ecrevisse-wissembourg.com\/index.php\/nos-chambres\/"},{"@type":"ListItem","position":3,"name":"Chambre 32 Verger Alsacien\u200b"}]},{"@type":"WebSite","@id":"https:\/\/ecrevisse-wissembourg.com\/#website","url":"https:\/\/ecrevisse-wissembourg.com\/","name":"H\u00f4tel \u00c9crevisse","description":"","publisher":{"@id":"https:\/\/ecrevisse-wissembourg.com\/#organization"},"potentialAction":[{"@type":"SearchAction","target":{"@type":"EntryPoint","urlTemplate":"https:\/\/ecrevisse-wissembourg.com\/?s={search_term_string}"},"query-input":{"@type":"PropertyValueSpecification","valueRequired":true,"valueName":"search_term_string"}}],"inLanguage":"fr-FR"},{"@type":"Organization","@id":"https:\/\/ecrevisse-wissembourg.com\/#organization","name":"H\u00f4tel \u00c9crevisse","alternateName":"\u00c9crevisse","url":"https:\/\/ecrevisse-wissembourg.com\/","logo":{"@type":"ImageObject","inLanguage":"fr-FR","@id":"https:\/\/ecrevisse-wissembourg.com\/#\/schema\/logo\/image\/","url":"https:\/\/ecrevisse-wissembourg.com\/wp-content\/uploads\/2025\/06\/Ecrevisse-1.png","contentUrl":"https:\/\/ecrevisse-wissembourg.com\/wp-content\/uploads\/2025\/06\/Ecrevisse-1.png","width":513,"height":117,"caption":"H\u00f4tel \u00c9crevisse"},"image":{"@id":"https:\/\/ecrevisse-wissembourg.com\/#\/schema\/logo\/image\/"}}]}},"tpgb_featured_images":{"full":["https:\/\/ecrevisse-wissembourg.com\/wp-content\/uploads\/2025\/07\/PHOTO-CHAMBRE-32-1.jpg",1920,1080,false],"tp-image-grid":["https:\/\/ecrevisse-wissembourg.com\/wp-content\/uploads\/2025\/07\/PHOTO-CHAMBRE-32-1-700x700.jpg",700,700,true],"thumbnail":["https:\/\/ecrevisse-wissembourg.com\/wp-content\/uploads\/2025\/07\/PHOTO-CHAMBRE-32-1-150x150.jpg",150,150,true],"medium":["https:\/\/ecrevisse-wissembourg.com\/wp-content\/uploads\/2025\/07\/PHOTO-CHAMBRE-32-1-300x169.jpg",300,169,true],"medium_large":["https:\/\/ecrevisse-wissembourg.com\/wp-content\/uploads\/2025\/07\/PHOTO-CHAMBRE-32-1-768x432.jpg",768,432,true],"large":["https:\/\/ecrevisse-wissembourg.com\/wp-content\/uploads\/2025\/07\/PHOTO-CHAMBRE-32-1-1024x576.jpg",800,450,true],"default":"https:\/\/ecrevisse-wissembourg.com\/wp-content\/plugins\/the-plus-addons-for-block-editor\/assets\/images\/tpgb-placeholder.jpg"},"tpgb_post_meta_info":{"get_date":"29 juin 2025","get_modified_date":"19 janvier 2026","author_name":"admin","author_url":"https:\/\/ecrevisse-wissembourg.com\/index.php\/author\/admin\/","author_email":"26matt.09@gmail.com","author_website":"https:\/\/ecrevisse-wissembourg.com\/","author_description":"","author_facebook":"","author_twitter":"","author_instagram":"","author_role":["administrator"],"author_firstname":"","author_lastname":"","user_login":"admin","author_avatar":"<img alt='' src='https:\/\/secure.gravatar.com\/avatar\/c1541f9bd026027cdc59818f3be1173fcde3540409c3d7136bcb4ca19fedecef?s=200&#038;d=mm&#038;r=g' srcset='https:\/\/secure.gravatar.com\/avatar\/c1541f9bd026027cdc59818f3be1173fcde3540409c3d7136bcb4ca19fedecef?s=400&#038;d=mm&#038;r=g 2x' class='avatar avatar-200 photo' height='200' width='200' decoding='async'\/>","author_avatar_url":"https:\/\/secure.gravatar.com\/avatar\/c1541f9bd026027cdc59818f3be1173fcde3540409c3d7136bcb4ca19fedecef?s=96&d=mm&r=g","comment_count":0,"post_likes":0,"post_views":0},"tpgb_post_category":[],"_links":{"self":[{"href":"https:\/\/ecrevisse-wissembourg.com\/index.php\/wp-json\/wp\/v2\/pages\/696","targetHints":{"allow":["GET"]}}],"collection":[{"href":"https:\/\/ecrevisse-wissembourg.com\/index.php\/wp-json\/wp\/v2\/pages"}],"about":[{"href":"https:\/\/ecrevisse-wissembourg.com\/index.php\/wp-json\/wp\/v2\/types\/page"}],"author":[{"embeddable":true,"href":"https:\/\/ecrevisse-wissembourg.com\/index.php\/wp-json\/wp\/v2\/users\/1"}],"replies":[{"embeddable":true,"href":"https:\/\/ecrevisse-wissembourg.com\/index.php\/wp-json\/wp\/v2\/comments?post=696"}],"version-history":[{"count":59,"href":"https:\/\/ecrevisse-wissembourg.com\/index.php\/wp-json\/wp\/v2\/pages\/696\/revisions"}],"predecessor-version":[{"id":2995,"href":"https:\/\/ecrevisse-wissembourg.com\/index.php\/wp-json\/wp\/v2\/pages\/696\/revisions\/2995"}],"up":[{"embeddable":true,"href":"https:\/\/ecrevisse-wissembourg.com\/index.php\/wp-json\/wp\/v2\/pages\/352"}],"wp:featuredmedia":[{"embeddable":true,"href":"https:\/\/ecrevisse-wissembourg.com\/index.php\/wp-json\/wp\/v2\/media\/1036"}],"wp:attachment":[{"href":"https:\/\/ecrevisse-wissembourg.com\/index.php\/wp-json\/wp\/v2\/media?parent=696"}],"curies":[{"name":"wp","href":"https:\/\/api.w.org\/{rel}","templated":true}]}}