{"id":665,"date":"2025-06-29T17:04:30","date_gmt":"2025-06-29T15:04:30","guid":{"rendered":"http:\/\/localhost:8888\/WordPress\/?page_id=665"},"modified":"2025-08-22T23:32:05","modified_gmt":"2025-08-22T21:32:05","slug":"mentions-legales","status":"publish","type":"page","link":"https:\/\/ecrevisse-wissembourg.com\/index.php\/mentions-legales\/","title":{"rendered":"Mentions L\u00e9gales"},"content":{"rendered":"\t\t<div data-elementor-type=\"wp-page\" data-elementor-id=\"665\" class=\"elementor elementor-665\" data-elementor-post-type=\"page\">\n\t\t\t\t<div class=\"elementor-element elementor-element-1dc5a89 e-con-full e-flex e-con e-parent\" data-id=\"1dc5a89\" data-element_type=\"container\" data-e-type=\"container\" data-settings=\"{&quot;background_background&quot;:&quot;classic&quot;}\">\n\t\t\t\t<div class=\"elementor-element elementor-element-2a36ac7 elementor-widget elementor-widget-heading\" data-id=\"2a36ac7\" data-element_type=\"widget\" data-e-type=\"widget\" data-widget_type=\"heading.default\">\n\t\t\t\t<div class=\"elementor-widget-container\">\n\t\t\t\t\t<h1 class=\"elementor-heading-title elementor-size-default\">Mentions L\u00e9gales<\/h1>\t\t\t\t<\/div>\n\t\t\t\t<\/div>\n\t\t\t\t<\/div>\n\t\t<div class=\"elementor-element elementor-element-e663308 e-flex e-con-boxed e-con e-parent\" data-id=\"e663308\" data-element_type=\"container\" data-e-type=\"container\">\n\t\t\t\t\t<div class=\"e-con-inner\">\n\t\t<div class=\"elementor-element elementor-element-672d558 e-con-full e-flex e-con e-child\" data-id=\"672d558\" data-element_type=\"container\" data-e-type=\"container\">\n\t\t\t\t<div class=\"elementor-element elementor-element-7b46c19 elementor-widget elementor-widget-heading\" data-id=\"7b46c19\" data-element_type=\"widget\" data-e-type=\"widget\" data-widget_type=\"heading.default\">\n\t\t\t\t<div class=\"elementor-widget-container\">\n\t\t\t\t\t<h3 class=\"elementor-heading-title elementor-size-default\">1. \u00c9diteur du site<\/h3>\t\t\t\t<\/div>\n\t\t\t\t<\/div>\n\t\t\t\t<div class=\"elementor-element elementor-element-6f7617d elementor-widget elementor-widget-text-editor\" data-id=\"6f7617d\" data-element_type=\"widget\" data-e-type=\"widget\" data-widget_type=\"text-editor.default\">\n\t\t\t\t<div class=\"elementor-widget-container\">\n\t\t\t\t\t\t\t\t\t<p>\u00a0<\/p><p>Ce site est \u00e9dit\u00e9 par L&rsquo;\u00e9tablissement \u00c9crevisse, situ\u00e9 au :\u2028 <br \/>8 rue des cordonniers, 67510 Wissembourg, France\u2028 <br \/>T\u00e9l\u00e9phone : +33 3 88 54 87 87<br \/>Email : contact@ecrevisse-wissembourg.com\u2028 <br \/>Directeur de la publication : Nicolas Kany<br \/>Num\u00e9ro de SIRET : 945 373 660 00014<\/p>\t\t\t\t\t\t\t\t<\/div>\n\t\t\t\t<\/div>\n\t\t\t\t<\/div>\n\t\t<div class=\"elementor-element elementor-element-83410e9 e-con-full e-flex e-con e-child\" data-id=\"83410e9\" data-element_type=\"container\" data-e-type=\"container\">\n\t\t\t\t<div class=\"elementor-element elementor-element-8820e35 elementor-widget elementor-widget-heading\" data-id=\"8820e35\" data-element_type=\"widget\" data-e-type=\"widget\" data-widget_type=\"heading.default\">\n\t\t\t\t<div class=\"elementor-widget-container\">\n\t\t\t\t\t<h3 class=\"elementor-heading-title elementor-size-default\">2. H\u00e9bergement<\/h3>\t\t\t\t<\/div>\n\t\t\t\t<\/div>\n\t\t\t\t<div class=\"elementor-element elementor-element-d5c2a1b elementor-widget elementor-widget-text-editor\" data-id=\"d5c2a1b\" data-element_type=\"widget\" data-e-type=\"widget\" data-widget_type=\"text-editor.default\">\n\t\t\t\t<div class=\"elementor-widget-container\">\n\t\t\t\t\t\t\t\t\t<p>\u00a0<\/p><p>H\u00e9bergeur : OVH SAS\u2028 <br \/>2 rue Kellermann \u2013 59100 Roubaix \u2013 France\u2028<br \/>www.ovh.com<\/p>\t\t\t\t\t\t\t\t<\/div>\n\t\t\t\t<\/div>\n\t\t\t\t<\/div>\n\t\t<div class=\"elementor-element elementor-element-95c921e e-con-full e-flex e-con e-child\" data-id=\"95c921e\" data-element_type=\"container\" data-e-type=\"container\">\n\t\t\t\t<div class=\"elementor-element elementor-element-439f58c elementor-widget elementor-widget-heading\" data-id=\"439f58c\" data-element_type=\"widget\" data-e-type=\"widget\" data-widget_type=\"heading.default\">\n\t\t\t\t<div class=\"elementor-widget-container\">\n\t\t\t\t\t<h3 class=\"elementor-heading-title elementor-size-default\">3. Propri\u00e9t\u00e9 intellectuelle<\/h3>\t\t\t\t<\/div>\n\t\t\t\t<\/div>\n\t\t\t\t<div class=\"elementor-element elementor-element-033e65a elementor-widget elementor-widget-text-editor\" data-id=\"033e65a\" data-element_type=\"widget\" data-e-type=\"widget\" data-widget_type=\"text-editor.default\">\n\t\t\t\t<div class=\"elementor-widget-container\">\n\t\t\t\t\t\t\t\t\t<p>\u00a0<\/p><p>L\u2019ensemble du site (textes, images, graphismes, logos, vid\u00e9os, etc.) est la propri\u00e9t\u00e9 exclusive de l\u2019\u00c9crevisse.<br data-start=\"835\" data-end=\"838\" \/>Toute reproduction ou repr\u00e9sentation, int\u00e9grale ou partielle, est interdite sans autorisation pr\u00e9alable \u00e9crite.<\/p>\t\t\t\t\t\t\t\t<\/div>\n\t\t\t\t<\/div>\n\t\t\t\t<\/div>\n\t\t<div class=\"elementor-element elementor-element-623c39c e-con-full e-flex e-con e-child\" data-id=\"623c39c\" data-element_type=\"container\" data-e-type=\"container\">\n\t\t\t\t<div class=\"elementor-element elementor-element-cd5a965 elementor-widget elementor-widget-heading\" data-id=\"cd5a965\" data-element_type=\"widget\" data-e-type=\"widget\" data-widget_type=\"heading.default\">\n\t\t\t\t<div class=\"elementor-widget-container\">\n\t\t\t\t\t<h3 class=\"elementor-heading-title elementor-size-default\">4. Donn\u00e9es personnelles<\/h3>\t\t\t\t<\/div>\n\t\t\t\t<\/div>\n\t\t\t\t<div class=\"elementor-element elementor-element-fd71aea elementor-widget elementor-widget-text-editor\" data-id=\"fd71aea\" data-element_type=\"widget\" data-e-type=\"widget\" data-widget_type=\"text-editor.default\">\n\t\t\t\t<div class=\"elementor-widget-container\">\n\t\t\t\t\t\t\t\t\t<p data-start=\"982\" data-end=\"1149\">\u00a0<\/p><p data-start=\"982\" data-end=\"1149\">Aucune donn\u00e9e personnelle n\u2019est collect\u00e9e \u00e0 votre insu. Les informations envoy\u00e9es via le formulaire de contact sont utilis\u00e9es uniquement pour r\u00e9pondre \u00e0 votre demande.<\/p><p data-start=\"982\" data-end=\"1149\">\u00a0<\/p><p data-start=\"982\" data-end=\"1149\">Conform\u00e9ment au <strong data-start=\"1167\" data-end=\"1225\">R\u00e8glement G\u00e9n\u00e9ral sur la Protection des Donn\u00e9es (RGPD)<\/strong>, vous disposez d\u2019un droit d\u2019acc\u00e8s, de rectification, d\u2019effacement, d\u2019opposition, de limitation du traitement et de portabilit\u00e9 de vos donn\u00e9es.<br data-start=\"1368\" data-end=\"1371\" \/><br \/><\/p><p data-start=\"982\" data-end=\"1149\">Vous pouvez exercer ces droits \u00e0 l\u2019adresse suivante : <a class=\"cursor-pointer\" rel=\"noopener\" data-start=\"1425\" data-end=\"1502\">contact@ecrevisse-wissembourg.com<\/a><\/p><p data-start=\"982\" data-end=\"1149\"><a class=\"cursor-pointer\" rel=\"noopener\" data-start=\"1425\" data-end=\"1502\">\u00a0<\/a><\/p><ul data-start=\"1504\" data-end=\"1745\"><li data-start=\"1504\" data-end=\"1580\"><p data-start=\"1506\" data-end=\"1580\"><strong data-start=\"1506\" data-end=\"1535\">Base l\u00e9gale du traitement<\/strong> : consentement explicite de l\u2019utilisateur.<\/p><\/li><li data-start=\"1581\" data-end=\"1671\"><p data-start=\"1583\" data-end=\"1671\"><strong data-start=\"1583\" data-end=\"1620\">Dur\u00e9e de conservation des donn\u00e9es<\/strong> : 12 mois maximum apr\u00e8s la derni\u00e8re interaction.<\/p><\/li><li data-start=\"1672\" data-end=\"1745\"><p data-start=\"1674\" data-end=\"1745\">En cas de r\u00e9clamation, vous pouvez contacter la <strong data-start=\"1722\" data-end=\"1730\">CNIL<\/strong> (<a class=\"cursor-pointer\" target=\"_new\" rel=\"noopener\" data-start=\"1732\" data-end=\"1743\">www.cnil.fr<\/a>).<\/p><\/li><\/ul>\t\t\t\t\t\t\t\t<\/div>\n\t\t\t\t<\/div>\n\t\t\t\t<\/div>\n\t\t<div class=\"elementor-element elementor-element-ca2f6aa e-con-full e-flex e-con e-child\" data-id=\"ca2f6aa\" data-element_type=\"container\" data-e-type=\"container\">\n\t\t\t\t<div class=\"elementor-element elementor-element-789079a elementor-widget elementor-widget-heading\" data-id=\"789079a\" data-element_type=\"widget\" data-e-type=\"widget\" data-widget_type=\"heading.default\">\n\t\t\t\t<div class=\"elementor-widget-container\">\n\t\t\t\t\t<h3 class=\"elementor-heading-title elementor-size-default\">5. Cookies<\/h3>\t\t\t\t<\/div>\n\t\t\t\t<\/div>\n\t\t\t\t<div class=\"elementor-element elementor-element-01ad5b6 elementor-widget elementor-widget-text-editor\" data-id=\"01ad5b6\" data-element_type=\"widget\" data-e-type=\"widget\" data-widget_type=\"text-editor.default\">\n\t\t\t\t<div class=\"elementor-widget-container\">\n\t\t\t\t\t\t\t\t\t<p data-start=\"1765\" data-end=\"1799\">\u00a0<\/p><p data-start=\"1765\" data-end=\"1799\">Ce site utilise des cookies pour :<\/p><ul data-start=\"1800\" data-end=\"1907\"><li data-start=\"1800\" data-end=\"1849\"><p data-start=\"1802\" data-end=\"1849\">Mesurer l\u2019audience (ex. : via Google Analytics)<\/p><\/li><li data-start=\"1850\" data-end=\"1907\"><p data-start=\"1852\" data-end=\"1907\">Am\u00e9liorer l\u2019exp\u00e9rience utilisateur (cookies de session)<\/p><\/li><\/ul><p data-start=\"1909\" data-end=\"2021\">Lors de votre premi\u00e8re visite, un bandeau vous informe de l\u2019utilisation des cookies. Vous pouvez \u00e0 tout moment :<\/p><ul data-start=\"2022\" data-end=\"2140\"><li data-start=\"2022\" data-end=\"2055\"><p data-start=\"2024\" data-end=\"2055\">Accepter ou refuser les cookies<\/p><\/li><li data-start=\"2056\" data-end=\"2140\"><p data-start=\"2058\" data-end=\"2140\">Personnaliser vos pr\u00e9f\u00e9rences via le bandeau ou les param\u00e8tres de votre navigateur<\/p><\/li><\/ul>\t\t\t\t\t\t\t\t<\/div>\n\t\t\t\t<\/div>\n\t\t\t\t<div class=\"elementor-element elementor-element-994c719 elementor-widget elementor-widget-heading\" data-id=\"994c719\" data-element_type=\"widget\" data-e-type=\"widget\" data-widget_type=\"heading.default\">\n\t\t\t\t<div class=\"elementor-widget-container\">\n\t\t\t\t\t<h3 class=\"elementor-heading-title elementor-size-default\">6. M\u00e9diation \u00e0 la consommation<\/h3>\t\t\t\t<\/div>\n\t\t\t\t<\/div>\n\t\t\t\t<div class=\"elementor-element elementor-element-3248210 elementor-widget elementor-widget-text-editor\" data-id=\"3248210\" data-element_type=\"widget\" data-e-type=\"widget\" data-widget_type=\"text-editor.default\">\n\t\t\t\t<div class=\"elementor-widget-container\">\n\t\t\t\t\t\t\t\t\t<p data-start=\"1765\" data-end=\"1799\">\u00a0<\/p><p data-start=\"2180\" data-end=\"2367\">Conform\u00e9ment \u00e0 l\u2019article L.612-1 du Code de la consommation, tout client a le droit de recourir gratuitement \u00e0 un m\u00e9diateur de la consommation en vue de la r\u00e9solution amiable d\u2019un litige.<\/p><p data-start=\"2369\" data-end=\"2631\">En cas de litige non r\u00e9solu avec notre service, vous pouvez contacter le m\u00e9diateur suivant :<\/p><p data-start=\"2369\" data-end=\"2631\"><br data-start=\"2461\" data-end=\"2464\" \/><strong data-start=\"2464\" data-end=\"2541\">CM2C \u2013 Centre de M\u00e9diation de la Consommation de Conciliateurs de Justice<\/strong><br data-start=\"2541\" data-end=\"2544\" \/>Adresse : 49 rue de Ponthieu, 75008 Paris<br data-start=\"2585\" data-end=\"2588\" \/>Site : <a class=\"cursor-pointer\" target=\"_new\" rel=\"noopener\" data-start=\"2595\" data-end=\"2631\">www.cm2c.net<\/a><\/p>\t\t\t\t\t\t\t\t<\/div>\n\t\t\t\t<\/div>\n\t\t\t\t<\/div>\n\t\t\t\t\t<\/div>\n\t\t\t\t<\/div>\n\t\t<div class=\"elementor-element elementor-element-b3a3f70 e-con-full e-flex e-con e-child\" data-id=\"b3a3f70\" data-element_type=\"container\" data-e-type=\"container\">\n\t\t\t\t<\/div>\n\t\t\t\t<\/div>\n\t\t","protected":false},"excerpt":{"rendered":"<p>Mentions L\u00e9gales 1. \u00c9diteur du site \u00a0 Ce site est \u00e9dit\u00e9 par L&rsquo;\u00e9tablissement \u00c9crevisse, situ\u00e9 au :\u2028 8 rue des cordonniers, 67510 Wissembourg, France\u2028 T\u00e9l\u00e9phone : +33 3 88 54 87 87Email : contact@ecrevisse-wissembourg.com\u2028 Directeur de la publication : Nicolas KanyNum\u00e9ro de SIRET : 945 373 660 00014 2. H\u00e9bergement \u00a0 H\u00e9bergeur : OVH SAS\u2028 [&hellip;]<\/p>\n","protected":false},"author":1,"featured_media":0,"parent":0,"menu_order":0,"comment_status":"closed","ping_status":"closed","template":"elementor_header_footer","meta":{"tpgb_global_settings":"","footnotes":""},"class_list":["post-665","page","type-page","status-publish","hentry"],"yoast_head":"<!-- This site is optimized with the Yoast SEO plugin v27.3 - https:\/\/yoast.com\/product\/yoast-seo-wordpress\/ -->\n<title>Mentions L\u00e9gales - L&#039;\u00c9crevisse<\/title>\n<meta name=\"robots\" content=\"index, follow, max-snippet:-1, max-image-preview:large, max-video-preview:-1\" \/>\n<link rel=\"canonical\" href=\"https:\/\/ecrevisse-wissembourg.com\/index.php\/mentions-legales\/\" \/>\n<meta property=\"og:locale\" content=\"fr_FR\" \/>\n<meta property=\"og:type\" content=\"article\" \/>\n<meta property=\"og:title\" content=\"Mentions L\u00e9gales - L&#039;\u00c9crevisse\" \/>\n<meta property=\"og:description\" content=\"Mentions L\u00e9gales 1. \u00c9diteur du site \u00a0 Ce site est \u00e9dit\u00e9 par L&rsquo;\u00e9tablissement \u00c9crevisse, situ\u00e9 au :\u2028 8 rue des cordonniers, 67510 Wissembourg, France\u2028 T\u00e9l\u00e9phone : +33 3 88 54 87 87Email : contact@ecrevisse-wissembourg.com\u2028 Directeur de la publication : Nicolas KanyNum\u00e9ro de SIRET : 945 373 660 00014 2. H\u00e9bergement \u00a0 H\u00e9bergeur : OVH SAS\u2028 [&hellip;]\" \/>\n<meta property=\"og:url\" content=\"https:\/\/ecrevisse-wissembourg.com\/index.php\/mentions-legales\/\" \/>\n<meta property=\"og:site_name\" content=\"L&#039;\u00c9crevisse\" \/>\n<meta property=\"article:modified_time\" content=\"2025-08-22T21:32:05+00:00\" \/>\n<meta name=\"twitter:card\" content=\"summary_large_image\" \/>\n<meta name=\"twitter:label1\" content=\"Dur\u00e9e de lecture estim\u00e9e\" \/>\n\t<meta name=\"twitter:data1\" content=\"2 minutes\" \/>\n<script type=\"application\/ld+json\" class=\"yoast-schema-graph\">{\"@context\":\"https:\\\/\\\/schema.org\",\"@graph\":[{\"@type\":\"WebPage\",\"@id\":\"https:\\\/\\\/ecrevisse-wissembourg.com\\\/index.php\\\/mentions-legales\\\/\",\"url\":\"https:\\\/\\\/ecrevisse-wissembourg.com\\\/index.php\\\/mentions-legales\\\/\",\"name\":\"Mentions L\u00e9gales - L&#039;\u00c9crevisse\",\"isPartOf\":{\"@id\":\"https:\\\/\\\/ecrevisse-wissembourg.com\\\/#website\"},\"datePublished\":\"2025-06-29T15:04:30+00:00\",\"dateModified\":\"2025-08-22T21:32:05+00:00\",\"breadcrumb\":{\"@id\":\"https:\\\/\\\/ecrevisse-wissembourg.com\\\/index.php\\\/mentions-legales\\\/#breadcrumb\"},\"inLanguage\":\"fr-FR\",\"potentialAction\":[{\"@type\":\"ReadAction\",\"target\":[\"https:\\\/\\\/ecrevisse-wissembourg.com\\\/index.php\\\/mentions-legales\\\/\"]}]},{\"@type\":\"BreadcrumbList\",\"@id\":\"https:\\\/\\\/ecrevisse-wissembourg.com\\\/index.php\\\/mentions-legales\\\/#breadcrumb\",\"itemListElement\":[{\"@type\":\"ListItem\",\"position\":1,\"name\":\"Accueil\",\"item\":\"https:\\\/\\\/ecrevisse-wissembourg.com\\\/\"},{\"@type\":\"ListItem\",\"position\":2,\"name\":\"Mentions L\u00e9gales\"}]},{\"@type\":\"WebSite\",\"@id\":\"https:\\\/\\\/ecrevisse-wissembourg.com\\\/#website\",\"url\":\"https:\\\/\\\/ecrevisse-wissembourg.com\\\/\",\"name\":\"H\u00f4tel \u00c9crevisse\",\"description\":\"\",\"publisher\":{\"@id\":\"https:\\\/\\\/ecrevisse-wissembourg.com\\\/#organization\"},\"potentialAction\":[{\"@type\":\"SearchAction\",\"target\":{\"@type\":\"EntryPoint\",\"urlTemplate\":\"https:\\\/\\\/ecrevisse-wissembourg.com\\\/?s={search_term_string}\"},\"query-input\":{\"@type\":\"PropertyValueSpecification\",\"valueRequired\":true,\"valueName\":\"search_term_string\"}}],\"inLanguage\":\"fr-FR\"},{\"@type\":\"Organization\",\"@id\":\"https:\\\/\\\/ecrevisse-wissembourg.com\\\/#organization\",\"name\":\"H\u00f4tel \u00c9crevisse\",\"alternateName\":\"\u00c9crevisse\",\"url\":\"https:\\\/\\\/ecrevisse-wissembourg.com\\\/\",\"logo\":{\"@type\":\"ImageObject\",\"inLanguage\":\"fr-FR\",\"@id\":\"https:\\\/\\\/ecrevisse-wissembourg.com\\\/#\\\/schema\\\/logo\\\/image\\\/\",\"url\":\"https:\\\/\\\/ecrevisse-wissembourg.com\\\/wp-content\\\/uploads\\\/2025\\\/06\\\/Ecrevisse-1.png\",\"contentUrl\":\"https:\\\/\\\/ecrevisse-wissembourg.com\\\/wp-content\\\/uploads\\\/2025\\\/06\\\/Ecrevisse-1.png\",\"width\":513,\"height\":117,\"caption\":\"H\u00f4tel \u00c9crevisse\"},\"image\":{\"@id\":\"https:\\\/\\\/ecrevisse-wissembourg.com\\\/#\\\/schema\\\/logo\\\/image\\\/\"}}]}<\/script>\n<!-- \/ Yoast SEO plugin. -->","yoast_head_json":{"title":"Mentions L\u00e9gales - L&#039;\u00c9crevisse","robots":{"index":"index","follow":"follow","max-snippet":"max-snippet:-1","max-image-preview":"max-image-preview:large","max-video-preview":"max-video-preview:-1"},"canonical":"https:\/\/ecrevisse-wissembourg.com\/index.php\/mentions-legales\/","og_locale":"fr_FR","og_type":"article","og_title":"Mentions L\u00e9gales - L&#039;\u00c9crevisse","og_description":"Mentions L\u00e9gales 1. \u00c9diteur du site \u00a0 Ce site est \u00e9dit\u00e9 par L&rsquo;\u00e9tablissement \u00c9crevisse, situ\u00e9 au :\u2028 8 rue des cordonniers, 67510 Wissembourg, France\u2028 T\u00e9l\u00e9phone : +33 3 88 54 87 87Email : contact@ecrevisse-wissembourg.com\u2028 Directeur de la publication : Nicolas KanyNum\u00e9ro de SIRET : 945 373 660 00014 2. H\u00e9bergement \u00a0 H\u00e9bergeur : OVH SAS\u2028 [&hellip;]","og_url":"https:\/\/ecrevisse-wissembourg.com\/index.php\/mentions-legales\/","og_site_name":"L&#039;\u00c9crevisse","article_modified_time":"2025-08-22T21:32:05+00:00","twitter_card":"summary_large_image","twitter_misc":{"Dur\u00e9e de lecture estim\u00e9e":"2 minutes"},"schema":{"@context":"https:\/\/schema.org","@graph":[{"@type":"WebPage","@id":"https:\/\/ecrevisse-wissembourg.com\/index.php\/mentions-legales\/","url":"https:\/\/ecrevisse-wissembourg.com\/index.php\/mentions-legales\/","name":"Mentions L\u00e9gales - L&#039;\u00c9crevisse","isPartOf":{"@id":"https:\/\/ecrevisse-wissembourg.com\/#website"},"datePublished":"2025-06-29T15:04:30+00:00","dateModified":"2025-08-22T21:32:05+00:00","breadcrumb":{"@id":"https:\/\/ecrevisse-wissembourg.com\/index.php\/mentions-legales\/#breadcrumb"},"inLanguage":"fr-FR","potentialAction":[{"@type":"ReadAction","target":["https:\/\/ecrevisse-wissembourg.com\/index.php\/mentions-legales\/"]}]},{"@type":"BreadcrumbList","@id":"https:\/\/ecrevisse-wissembourg.com\/index.php\/mentions-legales\/#breadcrumb","itemListElement":[{"@type":"ListItem","position":1,"name":"Accueil","item":"https:\/\/ecrevisse-wissembourg.com\/"},{"@type":"ListItem","position":2,"name":"Mentions L\u00e9gales"}]},{"@type":"WebSite","@id":"https:\/\/ecrevisse-wissembourg.com\/#website","url":"https:\/\/ecrevisse-wissembourg.com\/","name":"H\u00f4tel \u00c9crevisse","description":"","publisher":{"@id":"https:\/\/ecrevisse-wissembourg.com\/#organization"},"potentialAction":[{"@type":"SearchAction","target":{"@type":"EntryPoint","urlTemplate":"https:\/\/ecrevisse-wissembourg.com\/?s={search_term_string}"},"query-input":{"@type":"PropertyValueSpecification","valueRequired":true,"valueName":"search_term_string"}}],"inLanguage":"fr-FR"},{"@type":"Organization","@id":"https:\/\/ecrevisse-wissembourg.com\/#organization","name":"H\u00f4tel \u00c9crevisse","alternateName":"\u00c9crevisse","url":"https:\/\/ecrevisse-wissembourg.com\/","logo":{"@type":"ImageObject","inLanguage":"fr-FR","@id":"https:\/\/ecrevisse-wissembourg.com\/#\/schema\/logo\/image\/","url":"https:\/\/ecrevisse-wissembourg.com\/wp-content\/uploads\/2025\/06\/Ecrevisse-1.png","contentUrl":"https:\/\/ecrevisse-wissembourg.com\/wp-content\/uploads\/2025\/06\/Ecrevisse-1.png","width":513,"height":117,"caption":"H\u00f4tel \u00c9crevisse"},"image":{"@id":"https:\/\/ecrevisse-wissembourg.com\/#\/schema\/logo\/image\/"}}]}},"tpgb_featured_images":null,"tpgb_post_meta_info":{"get_date":"29 juin 2025","get_modified_date":"22 ao\u00fbt 2025","author_name":"admin","author_url":"https:\/\/ecrevisse-wissembourg.com\/index.php\/author\/admin\/","author_email":"26matt.09@gmail.com","author_website":"https:\/\/ecrevisse-wissembourg.com\/","author_description":"","author_facebook":"","author_twitter":"","author_instagram":"","author_role":["administrator"],"author_firstname":"","author_lastname":"","user_login":"admin","author_avatar":"<img alt='' src='https:\/\/secure.gravatar.com\/avatar\/c1541f9bd026027cdc59818f3be1173fcde3540409c3d7136bcb4ca19fedecef?s=200&#038;d=mm&#038;r=g' srcset='https:\/\/secure.gravatar.com\/avatar\/c1541f9bd026027cdc59818f3be1173fcde3540409c3d7136bcb4ca19fedecef?s=400&#038;d=mm&#038;r=g 2x' class='avatar avatar-200 photo' height='200' width='200' decoding='async'\/>","author_avatar_url":"https:\/\/secure.gravatar.com\/avatar\/c1541f9bd026027cdc59818f3be1173fcde3540409c3d7136bcb4ca19fedecef?s=96&d=mm&r=g","comment_count":0,"post_likes":0,"post_views":0},"tpgb_post_category":[],"_links":{"self":[{"href":"https:\/\/ecrevisse-wissembourg.com\/index.php\/wp-json\/wp\/v2\/pages\/665","targetHints":{"allow":["GET"]}}],"collection":[{"href":"https:\/\/ecrevisse-wissembourg.com\/index.php\/wp-json\/wp\/v2\/pages"}],"about":[{"href":"https:\/\/ecrevisse-wissembourg.com\/index.php\/wp-json\/wp\/v2\/types\/page"}],"author":[{"embeddable":true,"href":"https:\/\/ecrevisse-wissembourg.com\/index.php\/wp-json\/wp\/v2\/users\/1"}],"replies":[{"embeddable":true,"href":"https:\/\/ecrevisse-wissembourg.com\/index.php\/wp-json\/wp\/v2\/comments?post=665"}],"version-history":[{"count":29,"href":"https:\/\/ecrevisse-wissembourg.com\/index.php\/wp-json\/wp\/v2\/pages\/665\/revisions"}],"predecessor-version":[{"id":2160,"href":"https:\/\/ecrevisse-wissembourg.com\/index.php\/wp-json\/wp\/v2\/pages\/665\/revisions\/2160"}],"wp:attachment":[{"href":"https:\/\/ecrevisse-wissembourg.com\/index.php\/wp-json\/wp\/v2\/media?parent=665"}],"curies":[{"name":"wp","href":"https:\/\/api.w.org\/{rel}","templated":true}]}}