{"id":646,"date":"2025-06-29T14:44:06","date_gmt":"2025-06-29T12:44:06","guid":{"rendered":"http:\/\/localhost:8888\/WordPress\/?page_id=646"},"modified":"2025-11-04T13:36:50","modified_gmt":"2025-11-04T12:36:50","slug":"contact","status":"publish","type":"page","link":"https:\/\/ecrevisse-wissembourg.com\/index.php\/contact\/","title":{"rendered":"Contact"},"content":{"rendered":"\t\t<div data-elementor-type=\"wp-page\" data-elementor-id=\"646\" class=\"elementor elementor-646\" data-elementor-post-type=\"page\">\n\t\t\t\t<div class=\"elementor-element elementor-element-de95584 e-con-full e-flex e-con e-parent\" data-id=\"de95584\" data-element_type=\"container\" data-e-type=\"container\" data-settings=\"{&quot;background_background&quot;:&quot;classic&quot;}\">\n\t\t\t\t<div class=\"elementor-element elementor-element-18fb1c8 elementor-widget elementor-widget-heading\" data-id=\"18fb1c8\" data-element_type=\"widget\" data-e-type=\"widget\" data-widget_type=\"heading.default\">\n\t\t\t\t<div class=\"elementor-widget-container\">\n\t\t\t\t\t<h1 class=\"elementor-heading-title elementor-size-default\">Nous contacter<\/h1>\t\t\t\t<\/div>\n\t\t\t\t<\/div>\n\t\t\t\t<\/div>\n\t\t<div class=\"elementor-element elementor-element-c25ed69 e-con-full e-flex e-con e-parent\" data-id=\"c25ed69\" data-element_type=\"container\" data-e-type=\"container\">\n\t\t\t\t<div class=\"elementor-element elementor-element-61a4a06 elementor-align-left elementor-widget elementor-widget-breadcrumbs\" data-id=\"61a4a06\" data-element_type=\"widget\" data-e-type=\"widget\" data-widget_type=\"breadcrumbs.default\">\n\t\t\t\t<div class=\"elementor-widget-container\">\n\t\t\t\t\t<p id=\"breadcrumbs\"><span><span><a href=\"https:\/\/ecrevisse-wissembourg.com\/\">Accueil<\/a><\/span><\/span><\/p>\t\t\t\t<\/div>\n\t\t\t\t<\/div>\n\t\t\t\t<\/div>\n\t\t<div class=\"elementor-element elementor-element-d5ee942 e-grid e-con-full e-con e-parent\" data-id=\"d5ee942\" data-element_type=\"container\" data-e-type=\"container\">\n\t\t<div class=\"elementor-element elementor-element-dfc20ed e-con-full e-flex e-con e-child\" data-id=\"dfc20ed\" data-element_type=\"container\" data-e-type=\"container\">\n\t\t<div class=\"elementor-element elementor-element-834778b e-con-full e-flex e-con e-child\" data-id=\"834778b\" data-element_type=\"container\" data-e-type=\"container\">\n\t\t\t\t<div class=\"elementor-element elementor-element-e90581d elementor-widget elementor-widget-heading\" data-id=\"e90581d\" data-element_type=\"widget\" data-e-type=\"widget\" data-widget_type=\"heading.default\">\n\t\t\t\t<div class=\"elementor-widget-container\">\n\t\t\t\t\t<h6 class=\"elementor-heading-title elementor-size-default\"><span style=\"letter-spacing: 0.36px\">\u00c9tablissement l'<\/span>\u00c9crevisse<\/h6>\t\t\t\t<\/div>\n\t\t\t\t<\/div>\n\t\t\t\t<div class=\"elementor-element elementor-element-a270df0 elementor-widget elementor-widget-text-editor\" data-id=\"a270df0\" data-element_type=\"widget\" data-e-type=\"widget\" data-widget_type=\"text-editor.default\">\n\t\t\t\t<div class=\"elementor-widget-container\">\n\t\t\t\t\t\t\t\t\t<p>Adresse postale : 1 Rue du sel, 67160 Wissembourg<\/p><p>Acc\u00e8s : \u00a0Par la cour de la mairie.<\/p>\t\t\t\t\t\t\t\t<\/div>\n\t\t\t\t<\/div>\n\t\t\t\t<\/div>\n\t\t<div class=\"elementor-element elementor-element-c2afe0e e-con-full e-flex e-con e-child\" data-id=\"c2afe0e\" data-element_type=\"container\" data-e-type=\"container\">\n\t\t\t\t<div class=\"elementor-element elementor-element-90f5b70 elementor-widget elementor-widget-heading\" data-id=\"90f5b70\" data-element_type=\"widget\" data-e-type=\"widget\" data-widget_type=\"heading.default\">\n\t\t\t\t<div class=\"elementor-widget-container\">\n\t\t\t\t\t<h6 class=\"elementor-heading-title elementor-size-default\">T\u00e9l\u00e9phone<\/h6>\t\t\t\t<\/div>\n\t\t\t\t<\/div>\n\t\t\t\t<div class=\"elementor-element elementor-element-002124a elementor-widget elementor-widget-text-editor\" data-id=\"002124a\" data-element_type=\"widget\" data-e-type=\"widget\" data-widget_type=\"text-editor.default\">\n\t\t\t\t<div class=\"elementor-widget-container\">\n\t\t\t\t\t\t\t\t\t<div class=\"elementor-element elementor-element-6116b61 elementor-widget__width-initial elementor-widget elementor-widget-heading\" data-id=\"6116b61\" data-element_type=\"widget\" data-widget_type=\"heading.default\"><div class=\"elementor-widget-container\">06 63 77 81 61<\/div><\/div>\t\t\t\t\t\t\t\t<\/div>\n\t\t\t\t<\/div>\n\t\t\t\t<\/div>\n\t\t<div class=\"elementor-element elementor-element-25c01b8 e-con-full e-flex e-con e-child\" data-id=\"25c01b8\" data-element_type=\"container\" data-e-type=\"container\">\n\t\t\t\t<div class=\"elementor-element elementor-element-99d88cb elementor-widget elementor-widget-heading\" data-id=\"99d88cb\" data-element_type=\"widget\" data-e-type=\"widget\" data-widget_type=\"heading.default\">\n\t\t\t\t<div class=\"elementor-widget-container\">\n\t\t\t\t\t<h6 class=\"elementor-heading-title elementor-size-default\">Mail<\/h6>\t\t\t\t<\/div>\n\t\t\t\t<\/div>\n\t\t\t\t<div class=\"elementor-element elementor-element-ab32e42 elementor-widget elementor-widget-text-editor\" data-id=\"ab32e42\" data-element_type=\"widget\" data-e-type=\"widget\" data-widget_type=\"text-editor.default\">\n\t\t\t\t<div class=\"elementor-widget-container\">\n\t\t\t\t\t\t\t\t\t<p>lecrevisse.wissembourg@gmail.com<\/p>\t\t\t\t\t\t\t\t<\/div>\n\t\t\t\t<\/div>\n\t\t\t\t<\/div>\n\t\t\t\t<\/div>\n\t\t\t\t<div class=\"elementor-element elementor-element-d617e01 elementor-widget elementor-widget-google_maps\" data-id=\"d617e01\" data-element_type=\"widget\" data-e-type=\"widget\" data-widget_type=\"google_maps.default\">\n\t\t\t\t<div class=\"elementor-widget-container\">\n\t\t\t\t\t\t\t<div class=\"elementor-custom-embed\">\n\t\t\t<iframe loading=\"lazy\"\n\t\t\t\t\tsrc=\"https:\/\/maps.google.com\/maps?q=1%20rue%20du%20sel%2C%20wissembourg&#038;t=m&#038;z=17&#038;output=embed&#038;iwloc=near\"\n\t\t\t\t\ttitle=\"1 rue du sel, wissembourg\"\n\t\t\t\t\taria-label=\"1 rue du sel, wissembourg\"\n\t\t\t><\/iframe>\n\t\t<\/div>\n\t\t\t\t\t\t<\/div>\n\t\t\t\t<\/div>\n\t\t\t\t<\/div>\n\t\t<div class=\"elementor-element elementor-element-ed517dc e-con-full e-flex e-con e-parent\" data-id=\"ed517dc\" data-element_type=\"container\" data-e-type=\"container\" data-settings=\"{&quot;background_background&quot;:&quot;classic&quot;}\">\n\t\t<section class=\"elementor-element elementor-element-175a9fe e-con-full e-flex e-con e-child\" data-id=\"175a9fe\" data-element_type=\"container\" data-e-type=\"container\" data-settings=\"{&quot;background_background&quot;:&quot;classic&quot;}\">\n\t\t<div class=\"elementor-element elementor-element-d812e2e e-con-full e-flex e-con e-child\" data-id=\"d812e2e\" data-element_type=\"container\" data-e-type=\"container\">\n\t\t<div class=\"elementor-element elementor-element-154509b e-con-full e-flex e-con e-child\" data-id=\"154509b\" data-element_type=\"container\" data-e-type=\"container\">\n\t\t<div class=\"elementor-element elementor-element-1fb673a e-con-full e-flex e-con e-child\" data-id=\"1fb673a\" data-element_type=\"container\" data-e-type=\"container\">\n\t\t\t\t<div class=\"elementor-element elementor-element-83b688a elementor-widget__width-initial elementor-widget elementor-widget-heading\" data-id=\"83b688a\" data-element_type=\"widget\" data-e-type=\"widget\" data-widget_type=\"heading.default\">\n\t\t\t\t<div class=\"elementor-widget-container\">\n\t\t\t\t\t<h2 class=\"elementor-heading-title elementor-size-default\">Contactez-nous<\/h2>\t\t\t\t<\/div>\n\t\t\t\t<\/div>\n\t\t\t\t<\/div>\n\t\t<div class=\"elementor-element elementor-element-28669ac e-con-full e-flex e-con e-child\" data-id=\"28669ac\" data-element_type=\"container\" data-e-type=\"container\">\n\t\t\t\t<div class=\"elementor-element elementor-element-cdb090c elementor-widget__width-initial elementor-widget elementor-widget-text-editor\" data-id=\"cdb090c\" data-element_type=\"widget\" data-e-type=\"widget\" data-widget_type=\"text-editor.default\">\n\t\t\t\t<div class=\"elementor-widget-container\">\n\t\t\t\t\t\t\t\t\t<p>Pour tout renseignement li\u00e9 \u00e0 notre \u00e9tablissement, n&rsquo;h\u00e9sitez pas \u00e0 remplir ce formulaire. Nous ferons au mieux pour vous r\u00e9pondre rapidement. En ce qui concerne la r\u00e9servation, merci de cliquer directement sur le lien ci-dessous.<\/p>\t\t\t\t\t\t\t\t<\/div>\n\t\t\t\t<\/div>\n\t\t\t\t<div class=\"elementor-element elementor-element-3b22de4 elementor-align-center elementor-widget elementor-widget-button\" data-id=\"3b22de4\" data-element_type=\"widget\" data-e-type=\"widget\" data-widget_type=\"button.default\">\n\t\t\t\t<div class=\"elementor-widget-container\">\n\t\t\t\t\t\t\t\t\t<div class=\"elementor-button-wrapper\">\n\t\t\t\t\t<a class=\"elementor-button elementor-button-link elementor-size-sm\" href=\"https:\/\/via.eviivo.com\/LEcrevisse\">\n\t\t\t\t\t\t<span class=\"elementor-button-content-wrapper\">\n\t\t\t\t\t\t\t\t\t<span class=\"elementor-button-text\">R\u00e9server<\/span>\n\t\t\t\t\t<\/span>\n\t\t\t\t\t<\/a>\n\t\t\t\t<\/div>\n\t\t\t\t\t\t\t\t<\/div>\n\t\t\t\t<\/div>\n\t\t\t\t<\/div>\n\t\t\t\t<\/div>\n\t\t\t\t<\/div>\n\t\t\t\t<div class=\"elementor-element elementor-element-7d7e621 elementor-button-align-center elementor-widget elementor-widget-form\" data-id=\"7d7e621\" data-element_type=\"widget\" data-e-type=\"widget\" data-settings=\"{&quot;step_next_label&quot;:&quot;Suivant&quot;,&quot;step_previous_label&quot;:&quot;Pr\\u00e9c\\u00e9dent&quot;,&quot;step_type&quot;:&quot;number_text&quot;,&quot;step_icon_shape&quot;:&quot;circle&quot;}\" data-widget_type=\"form.default\">\n\t\t\t\t<div class=\"elementor-widget-container\">\n\t\t\t\t\t\t\t<form class=\"elementor-form\" method=\"post\" name=\"Nouveau formulaire\" aria-label=\"Nouveau formulaire\">\n\t\t\t<input type=\"hidden\" name=\"post_id\" value=\"646\"\/>\n\t\t\t<input type=\"hidden\" name=\"form_id\" value=\"7d7e621\"\/>\n\t\t\t<input type=\"hidden\" name=\"referer_title\" value=\"L&#039;\u00c9crevisse - Contact\" \/>\n\n\t\t\t\t\t\t\t<input type=\"hidden\" name=\"queried_id\" value=\"646\"\/>\n\t\t\t\n\t\t\t<div class=\"elementor-form-fields-wrapper elementor-labels-\">\n\t\t\t\t\t\t\t\t<div class=\"elementor-field-type-text elementor-field-group elementor-column elementor-field-group-name elementor-col-50\">\n\t\t\t\t\t\t\t\t\t\t\t\t<label for=\"form-field-name\" class=\"elementor-field-label elementor-screen-only\">\n\t\t\t\t\t\t\t\tNom\t\t\t\t\t\t\t<\/label>\n\t\t\t\t\t\t\t\t\t\t\t\t\t\t<input size=\"1\" type=\"text\" name=\"form_fields[name]\" id=\"form-field-name\" class=\"elementor-field elementor-size-lg  elementor-field-textual\" placeholder=\"Nom\">\n\t\t\t\t\t\t\t\t\t\t\t<\/div>\n\t\t\t\t\t\t\t\t<div class=\"elementor-field-type-text elementor-field-group elementor-column elementor-field-group-field_5566e6a elementor-col-50\">\n\t\t\t\t\t\t\t\t\t\t\t\t<label for=\"form-field-field_5566e6a\" class=\"elementor-field-label elementor-screen-only\">\n\t\t\t\t\t\t\t\tPr\u00e9nom\t\t\t\t\t\t\t<\/label>\n\t\t\t\t\t\t\t\t\t\t\t\t\t\t<input size=\"1\" type=\"text\" name=\"form_fields[field_5566e6a]\" id=\"form-field-field_5566e6a\" class=\"elementor-field elementor-size-lg  elementor-field-textual\" placeholder=\"Pr\u00e9nom\">\n\t\t\t\t\t\t\t\t\t\t\t<\/div>\n\t\t\t\t\t\t\t\t<div class=\"elementor-field-type-email elementor-field-group elementor-column elementor-field-group-email elementor-col-50 elementor-field-required\">\n\t\t\t\t\t\t\t\t\t\t\t\t<label for=\"form-field-email\" class=\"elementor-field-label elementor-screen-only\">\n\t\t\t\t\t\t\t\tE-mail\t\t\t\t\t\t\t<\/label>\n\t\t\t\t\t\t\t\t\t\t\t\t\t\t<input size=\"1\" type=\"email\" name=\"form_fields[email]\" id=\"form-field-email\" class=\"elementor-field elementor-size-lg  elementor-field-textual\" placeholder=\"E-mail\" required=\"required\">\n\t\t\t\t\t\t\t\t\t\t\t<\/div>\n\t\t\t\t\t\t\t\t<div class=\"elementor-field-type-tel elementor-field-group elementor-column elementor-field-group-field_cc7f46e elementor-col-50\">\n\t\t\t\t\t\t\t\t\t\t\t\t<label for=\"form-field-field_cc7f46e\" class=\"elementor-field-label elementor-screen-only\">\n\t\t\t\t\t\t\t\tNum\u00e9ro de t\u00e9l\u00e9phone\t\t\t\t\t\t\t<\/label>\n\t\t\t\t\t\t\t\t<input size=\"1\" type=\"tel\" name=\"form_fields[field_cc7f46e]\" id=\"form-field-field_cc7f46e\" class=\"elementor-field elementor-size-lg  elementor-field-textual\" placeholder=\"Num\u00e9ro de t\u00e9l\u00e9phone\" pattern=\"[0-9()#&amp;+*-=.]+\" title=\"Seuls les caract\u00e8res de num\u00e9ros de t\u00e9l\u00e9phone (#, -, *, etc.) sont accept\u00e9s.\">\n\n\t\t\t\t\t\t<\/div>\n\t\t\t\t\t\t\t\t<div class=\"elementor-field-type-text elementor-field-group elementor-column elementor-field-group-message elementor-col-100\">\n\t\t\t\t\t\t\t\t\t\t\t\t<label for=\"form-field-message\" class=\"elementor-field-label elementor-screen-only\">\n\t\t\t\t\t\t\t\tObjet de la demande\t\t\t\t\t\t\t<\/label>\n\t\t\t\t\t\t\t\t\t\t\t\t\t\t<input size=\"1\" type=\"text\" name=\"form_fields[message]\" id=\"form-field-message\" class=\"elementor-field elementor-size-lg  elementor-field-textual\" placeholder=\"Objet de la demande\">\n\t\t\t\t\t\t\t\t\t\t\t<\/div>\n\t\t\t\t\t\t\t\t<div class=\"elementor-field-type-textarea elementor-field-group elementor-column elementor-field-group-field_189a0ff elementor-col-100\">\n\t\t\t\t\t\t\t\t\t\t\t\t<label for=\"form-field-field_189a0ff\" class=\"elementor-field-label elementor-screen-only\">\n\t\t\t\t\t\t\t\tMessage\t\t\t\t\t\t\t<\/label>\n\t\t\t\t\t\t<textarea class=\"elementor-field-textual elementor-field  elementor-size-lg\" name=\"form_fields[field_189a0ff]\" id=\"form-field-field_189a0ff\" rows=\"4\" placeholder=\"Message\"><\/textarea>\t\t\t\t<\/div>\n\t\t\t\t\t\t\t\t<div class=\"elementor-field-group elementor-column elementor-field-type-submit elementor-col-100 e-form__buttons\">\n\t\t\t\t\t<button class=\"elementor-button elementor-size-sm\" type=\"submit\">\n\t\t\t\t\t\t<span class=\"elementor-button-content-wrapper\">\n\t\t\t\t\t\t\t\t\t\t\t\t\t\t\t\t\t\t\t\t\t\t<span class=\"elementor-button-text\">Envoyer<\/span>\n\t\t\t\t\t\t\t\t\t\t\t\t\t<\/span>\n\t\t\t\t\t<\/button>\n\t\t\t\t<\/div>\n\t\t\t<\/div>\n\t\t<\/form>\n\t\t\t\t\t\t<\/div>\n\t\t\t\t<\/div>\n\t\t\t\t<\/section>\n\t\t\t\t<\/div>\n\t\t\t\t<\/div>\n\t\t","protected":false},"excerpt":{"rendered":"<p>Nous contacter \u00c9tablissement l&rsquo;\u00c9crevisse Adresse postale : 1 Rue du sel, 67160 Wissembourg Acc\u00e8s : \u00a0Par la cour de la mairie. T\u00e9l\u00e9phone 06 63 77 81 61 Mail lecrevisse.wissembourg@gmail.com Contactez-nous Pour tout renseignement li\u00e9 \u00e0 notre \u00e9tablissement, n&rsquo;h\u00e9sitez pas \u00e0 remplir ce formulaire. Nous ferons au mieux pour vous r\u00e9pondre rapidement. En ce qui concerne [&hellip;]<\/p>\n","protected":false},"author":1,"featured_media":331,"parent":0,"menu_order":0,"comment_status":"closed","ping_status":"closed","template":"elementor_header_footer","meta":{"tpgb_global_settings":"","footnotes":""},"class_list":["post-646","page","type-page","status-publish","has-post-thumbnail","hentry"],"yoast_head":"<!-- This site is optimized with the Yoast SEO plugin v27.3 - https:\/\/yoast.com\/product\/yoast-seo-wordpress\/ -->\n<title>L&#039;\u00c9crevisse - Contact<\/title>\n<meta name=\"description\" content=\"Questions ou r\u00e9servation ? Joignez l&#039;\u00c9crevisse : t\u00e9l\u00e9phone, e-mail, formulaire en ligne et itin\u00e9raire pour un s\u00e9jour serein en Alsace.\" \/>\n<meta name=\"robots\" content=\"index, follow, max-snippet:-1, max-image-preview:large, max-video-preview:-1\" \/>\n<link rel=\"canonical\" href=\"https:\/\/ecrevisse-wissembourg.com\/index.php\/contact\/\" \/>\n<meta property=\"og:locale\" content=\"fr_FR\" \/>\n<meta property=\"og:type\" content=\"article\" \/>\n<meta property=\"og:title\" content=\"L&#039;\u00c9crevisse - Contact\" \/>\n<meta property=\"og:description\" content=\"Questions ou r\u00e9servation ? Joignez l&#039;\u00c9crevisse : t\u00e9l\u00e9phone, e-mail, formulaire en ligne et itin\u00e9raire pour un s\u00e9jour serein en Alsace.\" \/>\n<meta property=\"og:url\" content=\"https:\/\/ecrevisse-wissembourg.com\/index.php\/contact\/\" \/>\n<meta property=\"og:site_name\" content=\"L&#039;\u00c9crevisse\" \/>\n<meta property=\"article:modified_time\" content=\"2025-11-04T12:36:50+00:00\" \/>\n<meta property=\"og:image\" content=\"https:\/\/ecrevisse-wissembourg.com\/wp-content\/uploads\/2025\/06\/FACADE-ECREVISSE.jpg\" \/>\n\t<meta property=\"og:image:width\" content=\"1138\" \/>\n\t<meta property=\"og:image:height\" content=\"1303\" \/>\n\t<meta property=\"og:image:type\" content=\"image\/jpeg\" \/>\n<meta name=\"twitter:card\" content=\"summary_large_image\" \/>\n<meta name=\"twitter:label1\" content=\"Dur\u00e9e de lecture estim\u00e9e\" \/>\n\t<meta name=\"twitter:data1\" content=\"1 minute\" \/>\n<script type=\"application\/ld+json\" class=\"yoast-schema-graph\">{\"@context\":\"https:\\\/\\\/schema.org\",\"@graph\":[{\"@type\":\"WebPage\",\"@id\":\"https:\\\/\\\/ecrevisse-wissembourg.com\\\/index.php\\\/contact\\\/\",\"url\":\"https:\\\/\\\/ecrevisse-wissembourg.com\\\/index.php\\\/contact\\\/\",\"name\":\"L&#039;\u00c9crevisse - Contact\",\"isPartOf\":{\"@id\":\"https:\\\/\\\/ecrevisse-wissembourg.com\\\/#website\"},\"primaryImageOfPage\":{\"@id\":\"https:\\\/\\\/ecrevisse-wissembourg.com\\\/index.php\\\/contact\\\/#primaryimage\"},\"image\":{\"@id\":\"https:\\\/\\\/ecrevisse-wissembourg.com\\\/index.php\\\/contact\\\/#primaryimage\"},\"thumbnailUrl\":\"https:\\\/\\\/ecrevisse-wissembourg.com\\\/wp-content\\\/uploads\\\/2025\\\/06\\\/FACADE-ECREVISSE.jpg\",\"datePublished\":\"2025-06-29T12:44:06+00:00\",\"dateModified\":\"2025-11-04T12:36:50+00:00\",\"description\":\"Questions ou r\u00e9servation ? Joignez l'\u00c9crevisse : t\u00e9l\u00e9phone, e-mail, formulaire en ligne et itin\u00e9raire pour un s\u00e9jour serein en Alsace.\",\"breadcrumb\":{\"@id\":\"https:\\\/\\\/ecrevisse-wissembourg.com\\\/index.php\\\/contact\\\/#breadcrumb\"},\"inLanguage\":\"fr-FR\",\"potentialAction\":[{\"@type\":\"ReadAction\",\"target\":[\"https:\\\/\\\/ecrevisse-wissembourg.com\\\/index.php\\\/contact\\\/\"]}]},{\"@type\":\"ImageObject\",\"inLanguage\":\"fr-FR\",\"@id\":\"https:\\\/\\\/ecrevisse-wissembourg.com\\\/index.php\\\/contact\\\/#primaryimage\",\"url\":\"https:\\\/\\\/ecrevisse-wissembourg.com\\\/wp-content\\\/uploads\\\/2025\\\/06\\\/FACADE-ECREVISSE.jpg\",\"contentUrl\":\"https:\\\/\\\/ecrevisse-wissembourg.com\\\/wp-content\\\/uploads\\\/2025\\\/06\\\/FACADE-ECREVISSE.jpg\",\"width\":1138,\"height\":1303},{\"@type\":\"BreadcrumbList\",\"@id\":\"https:\\\/\\\/ecrevisse-wissembourg.com\\\/index.php\\\/contact\\\/#breadcrumb\",\"itemListElement\":[{\"@type\":\"ListItem\",\"position\":1,\"name\":\"Accueil\",\"item\":\"https:\\\/\\\/ecrevisse-wissembourg.com\\\/\"},{\"@type\":\"ListItem\",\"position\":2,\"name\":\"Contact\"}]},{\"@type\":\"WebSite\",\"@id\":\"https:\\\/\\\/ecrevisse-wissembourg.com\\\/#website\",\"url\":\"https:\\\/\\\/ecrevisse-wissembourg.com\\\/\",\"name\":\"H\u00f4tel \u00c9crevisse\",\"description\":\"\",\"publisher\":{\"@id\":\"https:\\\/\\\/ecrevisse-wissembourg.com\\\/#organization\"},\"potentialAction\":[{\"@type\":\"SearchAction\",\"target\":{\"@type\":\"EntryPoint\",\"urlTemplate\":\"https:\\\/\\\/ecrevisse-wissembourg.com\\\/?s={search_term_string}\"},\"query-input\":{\"@type\":\"PropertyValueSpecification\",\"valueRequired\":true,\"valueName\":\"search_term_string\"}}],\"inLanguage\":\"fr-FR\"},{\"@type\":\"Organization\",\"@id\":\"https:\\\/\\\/ecrevisse-wissembourg.com\\\/#organization\",\"name\":\"H\u00f4tel \u00c9crevisse\",\"alternateName\":\"\u00c9crevisse\",\"url\":\"https:\\\/\\\/ecrevisse-wissembourg.com\\\/\",\"logo\":{\"@type\":\"ImageObject\",\"inLanguage\":\"fr-FR\",\"@id\":\"https:\\\/\\\/ecrevisse-wissembourg.com\\\/#\\\/schema\\\/logo\\\/image\\\/\",\"url\":\"https:\\\/\\\/ecrevisse-wissembourg.com\\\/wp-content\\\/uploads\\\/2025\\\/06\\\/Ecrevisse-1.png\",\"contentUrl\":\"https:\\\/\\\/ecrevisse-wissembourg.com\\\/wp-content\\\/uploads\\\/2025\\\/06\\\/Ecrevisse-1.png\",\"width\":513,\"height\":117,\"caption\":\"H\u00f4tel \u00c9crevisse\"},\"image\":{\"@id\":\"https:\\\/\\\/ecrevisse-wissembourg.com\\\/#\\\/schema\\\/logo\\\/image\\\/\"}}]}<\/script>\n<!-- \/ Yoast SEO plugin. -->","yoast_head_json":{"title":"L&#039;\u00c9crevisse - Contact","description":"Questions ou r\u00e9servation ? Joignez l'\u00c9crevisse : t\u00e9l\u00e9phone, e-mail, formulaire en ligne et itin\u00e9raire pour un s\u00e9jour serein en Alsace.","robots":{"index":"index","follow":"follow","max-snippet":"max-snippet:-1","max-image-preview":"max-image-preview:large","max-video-preview":"max-video-preview:-1"},"canonical":"https:\/\/ecrevisse-wissembourg.com\/index.php\/contact\/","og_locale":"fr_FR","og_type":"article","og_title":"L&#039;\u00c9crevisse - Contact","og_description":"Questions ou r\u00e9servation ? Joignez l'\u00c9crevisse : t\u00e9l\u00e9phone, e-mail, formulaire en ligne et itin\u00e9raire pour un s\u00e9jour serein en Alsace.","og_url":"https:\/\/ecrevisse-wissembourg.com\/index.php\/contact\/","og_site_name":"L&#039;\u00c9crevisse","article_modified_time":"2025-11-04T12:36:50+00:00","og_image":[{"width":1138,"height":1303,"url":"https:\/\/ecrevisse-wissembourg.com\/wp-content\/uploads\/2025\/06\/FACADE-ECREVISSE.jpg","type":"image\/jpeg"}],"twitter_card":"summary_large_image","twitter_misc":{"Dur\u00e9e de lecture estim\u00e9e":"1 minute"},"schema":{"@context":"https:\/\/schema.org","@graph":[{"@type":"WebPage","@id":"https:\/\/ecrevisse-wissembourg.com\/index.php\/contact\/","url":"https:\/\/ecrevisse-wissembourg.com\/index.php\/contact\/","name":"L&#039;\u00c9crevisse - Contact","isPartOf":{"@id":"https:\/\/ecrevisse-wissembourg.com\/#website"},"primaryImageOfPage":{"@id":"https:\/\/ecrevisse-wissembourg.com\/index.php\/contact\/#primaryimage"},"image":{"@id":"https:\/\/ecrevisse-wissembourg.com\/index.php\/contact\/#primaryimage"},"thumbnailUrl":"https:\/\/ecrevisse-wissembourg.com\/wp-content\/uploads\/2025\/06\/FACADE-ECREVISSE.jpg","datePublished":"2025-06-29T12:44:06+00:00","dateModified":"2025-11-04T12:36:50+00:00","description":"Questions ou r\u00e9servation ? Joignez l'\u00c9crevisse : t\u00e9l\u00e9phone, e-mail, formulaire en ligne et itin\u00e9raire pour un s\u00e9jour serein en Alsace.","breadcrumb":{"@id":"https:\/\/ecrevisse-wissembourg.com\/index.php\/contact\/#breadcrumb"},"inLanguage":"fr-FR","potentialAction":[{"@type":"ReadAction","target":["https:\/\/ecrevisse-wissembourg.com\/index.php\/contact\/"]}]},{"@type":"ImageObject","inLanguage":"fr-FR","@id":"https:\/\/ecrevisse-wissembourg.com\/index.php\/contact\/#primaryimage","url":"https:\/\/ecrevisse-wissembourg.com\/wp-content\/uploads\/2025\/06\/FACADE-ECREVISSE.jpg","contentUrl":"https:\/\/ecrevisse-wissembourg.com\/wp-content\/uploads\/2025\/06\/FACADE-ECREVISSE.jpg","width":1138,"height":1303},{"@type":"BreadcrumbList","@id":"https:\/\/ecrevisse-wissembourg.com\/index.php\/contact\/#breadcrumb","itemListElement":[{"@type":"ListItem","position":1,"name":"Accueil","item":"https:\/\/ecrevisse-wissembourg.com\/"},{"@type":"ListItem","position":2,"name":"Contact"}]},{"@type":"WebSite","@id":"https:\/\/ecrevisse-wissembourg.com\/#website","url":"https:\/\/ecrevisse-wissembourg.com\/","name":"H\u00f4tel \u00c9crevisse","description":"","publisher":{"@id":"https:\/\/ecrevisse-wissembourg.com\/#organization"},"potentialAction":[{"@type":"SearchAction","target":{"@type":"EntryPoint","urlTemplate":"https:\/\/ecrevisse-wissembourg.com\/?s={search_term_string}"},"query-input":{"@type":"PropertyValueSpecification","valueRequired":true,"valueName":"search_term_string"}}],"inLanguage":"fr-FR"},{"@type":"Organization","@id":"https:\/\/ecrevisse-wissembourg.com\/#organization","name":"H\u00f4tel \u00c9crevisse","alternateName":"\u00c9crevisse","url":"https:\/\/ecrevisse-wissembourg.com\/","logo":{"@type":"ImageObject","inLanguage":"fr-FR","@id":"https:\/\/ecrevisse-wissembourg.com\/#\/schema\/logo\/image\/","url":"https:\/\/ecrevisse-wissembourg.com\/wp-content\/uploads\/2025\/06\/Ecrevisse-1.png","contentUrl":"https:\/\/ecrevisse-wissembourg.com\/wp-content\/uploads\/2025\/06\/Ecrevisse-1.png","width":513,"height":117,"caption":"H\u00f4tel \u00c9crevisse"},"image":{"@id":"https:\/\/ecrevisse-wissembourg.com\/#\/schema\/logo\/image\/"}}]}},"tpgb_featured_images":{"full":["https:\/\/ecrevisse-wissembourg.com\/wp-content\/uploads\/2025\/06\/FACADE-ECREVISSE.jpg",1138,1303,false],"tp-image-grid":["https:\/\/ecrevisse-wissembourg.com\/wp-content\/uploads\/2025\/06\/FACADE-ECREVISSE-700x700.jpg",700,700,true],"thumbnail":["https:\/\/ecrevisse-wissembourg.com\/wp-content\/uploads\/2025\/06\/FACADE-ECREVISSE-150x150.jpg",150,150,true],"medium":["https:\/\/ecrevisse-wissembourg.com\/wp-content\/uploads\/2025\/06\/FACADE-ECREVISSE-262x300.jpg",262,300,true],"medium_large":["https:\/\/ecrevisse-wissembourg.com\/wp-content\/uploads\/2025\/06\/FACADE-ECREVISSE-768x879.jpg",768,879,true],"large":["https:\/\/ecrevisse-wissembourg.com\/wp-content\/uploads\/2025\/06\/FACADE-ECREVISSE-894x1024.jpg",800,916,true],"default":"https:\/\/ecrevisse-wissembourg.com\/wp-content\/plugins\/the-plus-addons-for-block-editor\/assets\/images\/tpgb-placeholder.jpg"},"tpgb_post_meta_info":{"get_date":"29 juin 2025","get_modified_date":"4 novembre 2025","author_name":"admin","author_url":"https:\/\/ecrevisse-wissembourg.com\/index.php\/author\/admin\/","author_email":"26matt.09@gmail.com","author_website":"https:\/\/ecrevisse-wissembourg.com\/","author_description":"","author_facebook":"","author_twitter":"","author_instagram":"","author_role":["administrator"],"author_firstname":"","author_lastname":"","user_login":"admin","author_avatar":"<img alt='' src='https:\/\/secure.gravatar.com\/avatar\/c1541f9bd026027cdc59818f3be1173fcde3540409c3d7136bcb4ca19fedecef?s=200&#038;d=mm&#038;r=g' srcset='https:\/\/secure.gravatar.com\/avatar\/c1541f9bd026027cdc59818f3be1173fcde3540409c3d7136bcb4ca19fedecef?s=400&#038;d=mm&#038;r=g 2x' class='avatar avatar-200 photo' height='200' width='200' decoding='async'\/>","author_avatar_url":"https:\/\/secure.gravatar.com\/avatar\/c1541f9bd026027cdc59818f3be1173fcde3540409c3d7136bcb4ca19fedecef?s=96&d=mm&r=g","comment_count":0,"post_likes":0,"post_views":0},"tpgb_post_category":[],"_links":{"self":[{"href":"https:\/\/ecrevisse-wissembourg.com\/index.php\/wp-json\/wp\/v2\/pages\/646","targetHints":{"allow":["GET"]}}],"collection":[{"href":"https:\/\/ecrevisse-wissembourg.com\/index.php\/wp-json\/wp\/v2\/pages"}],"about":[{"href":"https:\/\/ecrevisse-wissembourg.com\/index.php\/wp-json\/wp\/v2\/types\/page"}],"author":[{"embeddable":true,"href":"https:\/\/ecrevisse-wissembourg.com\/index.php\/wp-json\/wp\/v2\/users\/1"}],"replies":[{"embeddable":true,"href":"https:\/\/ecrevisse-wissembourg.com\/index.php\/wp-json\/wp\/v2\/comments?post=646"}],"version-history":[{"count":80,"href":"https:\/\/ecrevisse-wissembourg.com\/index.php\/wp-json\/wp\/v2\/pages\/646\/revisions"}],"predecessor-version":[{"id":2657,"href":"https:\/\/ecrevisse-wissembourg.com\/index.php\/wp-json\/wp\/v2\/pages\/646\/revisions\/2657"}],"wp:featuredmedia":[{"embeddable":true,"href":"https:\/\/ecrevisse-wissembourg.com\/index.php\/wp-json\/wp\/v2\/media\/331"}],"wp:attachment":[{"href":"https:\/\/ecrevisse-wissembourg.com\/index.php\/wp-json\/wp\/v2\/media?parent=646"}],"curies":[{"name":"wp","href":"https:\/\/api.w.org\/{rel}","templated":true}]}}