{"id":1863,"date":"2025-08-03T00:30:12","date_gmt":"2025-08-02T22:30:12","guid":{"rendered":"https:\/\/ecrevisse-wissembourg.com\/?page_id=1863"},"modified":"2026-01-20T09:42:49","modified_gmt":"2026-01-20T08:42:49","slug":"room-37-bourg-blanc","status":"publish","type":"page","link":"https:\/\/ecrevisse-wissembourg.com\/index.php\/en\/our-rooms\/room-37-bourg-blanc\/","title":{"rendered":"Room 37 Bourg Blanc"},"content":{"rendered":"\t\t<div data-elementor-type=\"wp-page\" data-elementor-id=\"1863\" class=\"elementor elementor-1863\" data-elementor-post-type=\"page\">\n\t\t\t\t<div class=\"elementor-element elementor-element-2162105 e-con-full e-flex e-con e-parent\" data-id=\"2162105\" data-element_type=\"container\" data-e-type=\"container\" data-settings=\"{&quot;background_background&quot;:&quot;classic&quot;}\">\n\t\t\t\t<div class=\"elementor-element elementor-element-681e962 elementor-widget__width-initial elementor-widget elementor-widget-heading\" data-id=\"681e962\" data-element_type=\"widget\" data-e-type=\"widget\" data-widget_type=\"heading.default\">\n\t\t\t\t<div class=\"elementor-widget-container\">\n\t\t\t\t\t<h1 class=\"elementor-heading-title elementor-size-default\">Room 37 Bourg Blanc<\/h1>\t\t\t\t<\/div>\n\t\t\t\t<\/div>\n\t\t\t\t<\/div>\n\t\t<div class=\"elementor-element elementor-element-d8cafd0 e-con-full e-flex e-con e-parent\" data-id=\"d8cafd0\" data-element_type=\"container\" data-e-type=\"container\">\n\t\t\t\t<div class=\"elementor-element elementor-element-cc784bd elementor-align-left elementor-widget elementor-widget-breadcrumbs\" data-id=\"cc784bd\" data-element_type=\"widget\" data-e-type=\"widget\" data-widget_type=\"breadcrumbs.default\">\n\t\t\t\t<div class=\"elementor-widget-container\">\n\t\t\t\t\t<p id=\"breadcrumbs\"><span><span><a href=\"https:\/\/ecrevisse-wissembourg.com\/\">Accueil<\/a><\/span><\/span><\/p>\t\t\t\t<\/div>\n\t\t\t\t<\/div>\n\t\t\t\t<\/div>\n\t\t<div class=\"elementor-element elementor-element-b7dcc9b e-con-full e-flex e-con e-parent\" data-id=\"b7dcc9b\" data-element_type=\"container\" data-e-type=\"container\">\n\t\t<div class=\"elementor-element elementor-element-bc5d80e e-con-full e-flex e-con e-child\" data-id=\"bc5d80e\" data-element_type=\"container\" data-e-type=\"container\" data-settings=\"{&quot;background_background&quot;:&quot;classic&quot;}\">\n\t\t<div class=\"elementor-element elementor-element-d4ef9c2 e-con-full e-flex e-con e-child\" data-id=\"d4ef9c2\" data-element_type=\"container\" data-e-type=\"container\" data-settings=\"{&quot;background_background&quot;:&quot;classic&quot;}\">\n\t\t\t\t<div class=\"elementor-element elementor-element-830861d elementor-widget__width-inherit elementor-widget elementor-widget-heading\" data-id=\"830861d\" data-element_type=\"widget\" data-e-type=\"widget\" data-widget_type=\"heading.default\">\n\t\t\t\t<div class=\"elementor-widget-container\">\n\t\t\t\t\t<span class=\"elementor-heading-title elementor-size-default\">A bright space for two, combining comfort and character<\/span>\t\t\t\t<\/div>\n\t\t\t\t<\/div>\n\t\t\t\t<\/div>\n\t\t<div class=\"elementor-element elementor-element-4f30383 e-con-full e-flex e-con e-child\" data-id=\"4f30383\" data-element_type=\"container\" data-e-type=\"container\" data-settings=\"{&quot;background_background&quot;:&quot;classic&quot;}\">\n\t\t\t\t<div class=\"elementor-element elementor-element-c61ae29 elementor-widget elementor-widget-text-editor\" data-id=\"c61ae29\" data-element_type=\"widget\" data-e-type=\"widget\" data-widget_type=\"text-editor.default\">\n\t\t\t\t<div class=\"elementor-widget-container\">\n\t\t\t\t\t\t\t\t\t<p>With its elegantly appointed 30 m\u00b2, the Fleckenstein room combines comfort and functionality. It features a large 160\u00d7200 cm bed, a cosy sitting area with two armchairs, and a spacious desk for two people.<\/p><p><br><\/p>\n<p>The 5 m\u00b2 bathroom is equipped with a large shower with a multi-jet column, ideal for relaxing after a day of exploring.<\/p><p><br><\/p>\n<p>Every detail has been designed to offer you a peaceful stay in an authentic setting, in the heart of a fully renovated historic building.<\/p><p><br><\/p><p>Discounted rates from the second night onwards.<\/p>\t\t\t\t\t\t\t\t<\/div>\n\t\t\t\t<\/div>\n\t\t\t\t<\/div>\n\t\t\t\t<div class=\"elementor-element elementor-element-9a6dee2 elementor-align-center elementor-widget elementor-widget-button\" data-id=\"9a6dee2\" data-element_type=\"widget\" data-e-type=\"widget\" data-widget_type=\"button.default\">\n\t\t\t\t<div class=\"elementor-widget-container\">\n\t\t\t\t\t\t\t\t\t<div class=\"elementor-button-wrapper\">\n\t\t\t\t\t<a class=\"elementor-button elementor-button-link elementor-size-sm\" href=\"https:\/\/via.eviivo.com\/LEcrevisse\">\n\t\t\t\t\t\t<span class=\"elementor-button-content-wrapper\">\n\t\t\t\t\t\t\t\t\t<span class=\"elementor-button-text\">Book<\/span>\n\t\t\t\t\t<\/span>\n\t\t\t\t\t<\/a>\n\t\t\t\t<\/div>\n\t\t\t\t\t\t\t\t<\/div>\n\t\t\t\t<\/div>\n\t\t\t\t<\/div>\n\t\t\t\t<div class=\"elementor-element elementor-element-29c4ca3 elementor-arrows-position-outside elementor-pagination-position-outside elementor-widget elementor-widget-image-carousel\" data-id=\"29c4ca3\" data-element_type=\"widget\" data-e-type=\"widget\" data-settings=\"{&quot;slides_to_show&quot;:&quot;1&quot;,&quot;navigation&quot;:&quot;both&quot;,&quot;autoplay&quot;:&quot;yes&quot;,&quot;pause_on_hover&quot;:&quot;yes&quot;,&quot;pause_on_interaction&quot;:&quot;yes&quot;,&quot;autoplay_speed&quot;:5000,&quot;infinite&quot;:&quot;yes&quot;,&quot;effect&quot;:&quot;slide&quot;,&quot;speed&quot;:500}\" data-widget_type=\"image-carousel.default\">\n\t\t\t\t<div class=\"elementor-widget-container\">\n\t\t\t\t\t\t\t<div class=\"elementor-image-carousel-wrapper swiper\" role=\"region\" aria-roledescription=\"carousel\" aria-label=\"Carrousel d\u2019images\" dir=\"ltr\">\n\t\t\t<div class=\"elementor-image-carousel swiper-wrapper\" aria-live=\"off\">\n\t\t\t\t\t\t\t\t<div class=\"swiper-slide\" role=\"group\" aria-roledescription=\"slide\" aria-label=\"1 of 7\"><figure class=\"swiper-slide-inner\"><img decoding=\"async\" class=\"swiper-slide-image\" src=\"https:\/\/ecrevisse-wissembourg.com\/wp-content\/uploads\/2025\/07\/PHOTO-CHAMBRE-37-1.jpg\" alt=\"Chambre lumineuse avec lit double confortable et fen\u00eatre avec rideaux blancs\" \/><\/figure><\/div><div class=\"swiper-slide\" role=\"group\" aria-roledescription=\"slide\" aria-label=\"2 of 7\"><figure class=\"swiper-slide-inner\"><img decoding=\"async\" class=\"swiper-slide-image\" src=\"https:\/\/ecrevisse-wissembourg.com\/wp-content\/uploads\/2025\/07\/PHOTO-CHAMBRE-37-2.jpg\" alt=\"Chambre 37 vue depuis le lit vers l&#039;entr\u00e9e avec d\u00e9coration moderne et minimaliste\" \/><\/figure><\/div><div class=\"swiper-slide\" role=\"group\" aria-roledescription=\"slide\" aria-label=\"3 of 7\"><figure class=\"swiper-slide-inner\"><img decoding=\"async\" class=\"swiper-slide-image\" src=\"https:\/\/ecrevisse-wissembourg.com\/wp-content\/uploads\/2025\/07\/PHOTO-CHAMBRE-37-3.jpg\" alt=\"Chambre double cosy avec lumi\u00e8re naturelle et d\u00e9cor chaleureux\" \/><\/figure><\/div><div class=\"swiper-slide\" role=\"group\" aria-roledescription=\"slide\" aria-label=\"4 of 7\"><figure class=\"swiper-slide-inner\"><img decoding=\"async\" class=\"swiper-slide-image\" src=\"https:\/\/ecrevisse-wissembourg.com\/wp-content\/uploads\/2025\/07\/PHOTO-CHAMBRE-37-4.jpg\" alt=\"Vue compl\u00e8te de la chambre 37, coin bureau et t\u00e9l\u00e9vision murale inclus\" \/><\/figure><\/div><div class=\"swiper-slide\" role=\"group\" aria-roledescription=\"slide\" aria-label=\"5 of 7\"><figure class=\"swiper-slide-inner\"><img decoding=\"async\" class=\"swiper-slide-image\" src=\"https:\/\/ecrevisse-wissembourg.com\/wp-content\/uploads\/2025\/07\/PHOTO-CHAMBRE-37-salle-de-bains-2.jpg\" alt=\"Salle de bains avec lavabo moderne, miroir \u00e9clair\u00e9 et douche s\u00e9par\u00e9e\" \/><\/figure><\/div><div class=\"swiper-slide\" role=\"group\" aria-roledescription=\"slide\" aria-label=\"6 of 7\"><figure class=\"swiper-slide-inner\"><img decoding=\"async\" class=\"swiper-slide-image\" src=\"https:\/\/ecrevisse-wissembourg.com\/wp-content\/uploads\/2025\/07\/PHOTO-CHAMBRE-37-salle-de-bains-1.jpg\" alt=\"Salle de bains \u00e9l\u00e9gante avec grande douche vitr\u00e9e et \u00e9quipements pratiques\" \/><\/figure><\/div><div class=\"swiper-slide\" role=\"group\" aria-roledescription=\"slide\" aria-label=\"7 of 7\"><figure class=\"swiper-slide-inner\"><img decoding=\"async\" class=\"swiper-slide-image\" src=\"https:\/\/ecrevisse-wissembourg.com\/wp-content\/uploads\/2026\/01\/ECREVISSE-PLATEAU-DE-COURTOISIE-9.jpg\" alt=\"\u00c9CREVISSE PLATEAU DE COURTOISIE\" \/><\/figure><\/div>\t\t\t<\/div>\n\t\t\t\t\t\t\t\t\t\t\t\t<div class=\"elementor-swiper-button elementor-swiper-button-prev\" role=\"button\" tabindex=\"0\">\n\t\t\t\t\t\t<svg aria-hidden=\"true\" class=\"e-font-icon-svg e-eicon-chevron-left\" viewBox=\"0 0 1000 1000\" xmlns=\"http:\/\/www.w3.org\/2000\/svg\"><path d=\"M646 125C629 125 613 133 604 142L308 442C296 454 292 471 292 487 292 504 296 521 308 533L604 854C617 867 629 875 646 875 663 875 679 871 692 858 704 846 713 829 713 812 713 796 708 779 692 767L438 487 692 225C700 217 708 204 708 187 708 171 704 154 692 142 675 129 663 125 646 125Z\"><\/path><\/svg>\t\t\t\t\t<\/div>\n\t\t\t\t\t<div class=\"elementor-swiper-button elementor-swiper-button-next\" role=\"button\" tabindex=\"0\">\n\t\t\t\t\t\t<svg aria-hidden=\"true\" class=\"e-font-icon-svg e-eicon-chevron-right\" viewBox=\"0 0 1000 1000\" xmlns=\"http:\/\/www.w3.org\/2000\/svg\"><path d=\"M696 533C708 521 713 504 713 487 713 471 708 454 696 446L400 146C388 133 375 125 354 125 338 125 325 129 313 142 300 154 292 171 292 187 292 204 296 221 308 233L563 492 304 771C292 783 288 800 288 817 288 833 296 850 308 863 321 871 338 875 354 875 371 875 388 867 400 854L696 533Z\"><\/path><\/svg>\t\t\t\t\t<\/div>\n\t\t\t\t\n\t\t\t\t\t\t\t\t\t<div class=\"swiper-pagination\"><\/div>\n\t\t\t\t\t\t\t\t\t<\/div>\n\t\t\t\t\t\t<\/div>\n\t\t\t\t<\/div>\n\t\t\t\t<\/div>\n\t\t<div class=\"elementor-element elementor-element-d97171d e-grid e-con-full e-con e-parent\" data-id=\"d97171d\" data-element_type=\"container\" data-e-type=\"container\" data-settings=\"{&quot;background_background&quot;:&quot;classic&quot;}\">\n\t\t<div class=\"elementor-element elementor-element-2aa7520 e-con-full e-flex e-con e-child\" data-id=\"2aa7520\" data-element_type=\"container\" data-e-type=\"container\" data-settings=\"{&quot;background_background&quot;:&quot;classic&quot;}\">\n\t\t\t\t<div class=\"elementor-element elementor-element-c3bacc7 elementor-widget elementor-widget-text-editor\" data-id=\"c3bacc7\" data-element_type=\"widget\" data-e-type=\"widget\" data-widget_type=\"text-editor.default\">\n\t\t\t\t<div class=\"elementor-widget-container\">\n\t\t\t\t\t\t\t\t\t<p data-pm-slice=\"1 1 [&quot;list&quot;,{&quot;spread&quot;:false,&quot;start&quot;:957,&quot;end&quot;:1400},&quot;regular_list_item&quot;,{&quot;start&quot;:957,&quot;end&quot;:978}]\">25 m\u00b2 room (lift)<br \/>160 \u00d7 200 cm double bed<br \/>Desk + 2 chairs<br \/>5 m\u00b2 bathroom with 80 \u00d7 80 cm quarter-round shower<br \/>High-speed Wi-Fi, television, DVD\/USB player<br \/>Reversible air conditioning<br \/>Safe, linen and toiletries provided<br \/>Quiet view of the inner courtyard<\/p>\t\t\t\t\t\t\t\t<\/div>\n\t\t\t\t<\/div>\n\t\t\t\t<\/div>\n\t\t\t\t<\/div>\n\t\t\t\t<\/div>\n\t\t","protected":false},"excerpt":{"rendered":"<p>Room 37 Bourg Blanc A bright space for two, combining comfort and character With its elegantly appointed 30 m\u00b2, the Fleckenstein room combines comfort and functionality. It features a large 160\u00d7200 cm bed, a cosy sitting area with two armchairs, and a spacious desk for two people. The 5 m\u00b2 bathroom is equipped with a [&hellip;]<\/p>\n","protected":false},"author":1,"featured_media":1083,"parent":1823,"menu_order":0,"comment_status":"closed","ping_status":"closed","template":"elementor_header_footer","meta":{"tpgb_global_settings":"","footnotes":""},"class_list":["post-1863","page","type-page","status-publish","has-post-thumbnail","hentry"],"yoast_head":"<!-- This site is optimized with the Yoast SEO plugin v27.3 - https:\/\/yoast.com\/product\/yoast-seo-wordpress\/ -->\n<title>L&#039;\u00c9crevisse - Room 37 Bourg Blanc<\/title>\n<meta name=\"description\" content=\"Chambre 37 Bourg Blanc, 25 m\u00b2 : lit 160\u00d7200, Wi-Fi, clim, bureau, douche, vue cour calme. S\u00e9jour paisible, r\u00e9servez.\" \/>\n<meta name=\"robots\" content=\"index, follow, max-snippet:-1, max-image-preview:large, max-video-preview:-1\" \/>\n<link rel=\"canonical\" href=\"https:\/\/ecrevisse-wissembourg.com\/index.php\/en\/our-rooms\/room-37-bourg-blanc\/\" \/>\n<meta property=\"og:locale\" content=\"fr_FR\" \/>\n<meta property=\"og:type\" content=\"article\" \/>\n<meta property=\"og:title\" content=\"L&#039;\u00c9crevisse - Room 37 Bourg Blanc\" \/>\n<meta property=\"og:description\" content=\"Chambre 37 Bourg Blanc, 25 m\u00b2 : lit 160\u00d7200, Wi-Fi, clim, bureau, douche, vue cour calme. S\u00e9jour paisible, r\u00e9servez.\" \/>\n<meta property=\"og:url\" content=\"https:\/\/ecrevisse-wissembourg.com\/index.php\/en\/our-rooms\/room-37-bourg-blanc\/\" \/>\n<meta property=\"og:site_name\" content=\"L&#039;\u00c9crevisse\" \/>\n<meta property=\"article:modified_time\" content=\"2026-01-20T08:42:49+00:00\" \/>\n<meta property=\"og:image\" content=\"https:\/\/ecrevisse-wissembourg.com\/wp-content\/uploads\/2025\/07\/PHOTO-CHAMBRE-37-4.jpg\" \/>\n\t<meta property=\"og:image:width\" content=\"1920\" \/>\n\t<meta property=\"og:image:height\" content=\"1080\" \/>\n\t<meta property=\"og:image:type\" content=\"image\/jpeg\" \/>\n<meta name=\"twitter:card\" content=\"summary_large_image\" \/>\n<meta name=\"twitter:label1\" content=\"Dur\u00e9e de lecture estim\u00e9e\" \/>\n\t<meta name=\"twitter:data1\" content=\"3 minutes\" \/>\n<script type=\"application\/ld+json\" class=\"yoast-schema-graph\">{\"@context\":\"https:\\\/\\\/schema.org\",\"@graph\":[{\"@type\":\"WebPage\",\"@id\":\"https:\\\/\\\/ecrevisse-wissembourg.com\\\/index.php\\\/en\\\/our-rooms\\\/room-37-bourg-blanc\\\/\",\"url\":\"https:\\\/\\\/ecrevisse-wissembourg.com\\\/index.php\\\/en\\\/our-rooms\\\/room-37-bourg-blanc\\\/\",\"name\":\"L&#039;\u00c9crevisse - Room 37 Bourg Blanc\",\"isPartOf\":{\"@id\":\"https:\\\/\\\/ecrevisse-wissembourg.com\\\/#website\"},\"primaryImageOfPage\":{\"@id\":\"https:\\\/\\\/ecrevisse-wissembourg.com\\\/index.php\\\/en\\\/our-rooms\\\/room-37-bourg-blanc\\\/#primaryimage\"},\"image\":{\"@id\":\"https:\\\/\\\/ecrevisse-wissembourg.com\\\/index.php\\\/en\\\/our-rooms\\\/room-37-bourg-blanc\\\/#primaryimage\"},\"thumbnailUrl\":\"https:\\\/\\\/ecrevisse-wissembourg.com\\\/wp-content\\\/uploads\\\/2025\\\/07\\\/PHOTO-CHAMBRE-37-4.jpg\",\"datePublished\":\"2025-08-02T22:30:12+00:00\",\"dateModified\":\"2026-01-20T08:42:49+00:00\",\"description\":\"Chambre 37 Bourg Blanc, 25 m\u00b2 : lit 160\u00d7200, Wi-Fi, clim, bureau, douche, vue cour calme. S\u00e9jour paisible, r\u00e9servez.\",\"breadcrumb\":{\"@id\":\"https:\\\/\\\/ecrevisse-wissembourg.com\\\/index.php\\\/en\\\/our-rooms\\\/room-37-bourg-blanc\\\/#breadcrumb\"},\"inLanguage\":\"fr-FR\",\"potentialAction\":[{\"@type\":\"ReadAction\",\"target\":[\"https:\\\/\\\/ecrevisse-wissembourg.com\\\/index.php\\\/en\\\/our-rooms\\\/room-37-bourg-blanc\\\/\"]}]},{\"@type\":\"ImageObject\",\"inLanguage\":\"fr-FR\",\"@id\":\"https:\\\/\\\/ecrevisse-wissembourg.com\\\/index.php\\\/en\\\/our-rooms\\\/room-37-bourg-blanc\\\/#primaryimage\",\"url\":\"https:\\\/\\\/ecrevisse-wissembourg.com\\\/wp-content\\\/uploads\\\/2025\\\/07\\\/PHOTO-CHAMBRE-37-4.jpg\",\"contentUrl\":\"https:\\\/\\\/ecrevisse-wissembourg.com\\\/wp-content\\\/uploads\\\/2025\\\/07\\\/PHOTO-CHAMBRE-37-4.jpg\",\"width\":1920,\"height\":1080,\"caption\":\"Chambre fonctionnelle et moderne\"},{\"@type\":\"BreadcrumbList\",\"@id\":\"https:\\\/\\\/ecrevisse-wissembourg.com\\\/index.php\\\/en\\\/our-rooms\\\/room-37-bourg-blanc\\\/#breadcrumb\",\"itemListElement\":[{\"@type\":\"ListItem\",\"position\":1,\"name\":\"Accueil\",\"item\":\"https:\\\/\\\/ecrevisse-wissembourg.com\\\/\"},{\"@type\":\"ListItem\",\"position\":2,\"name\":\"Our rooms\",\"item\":\"https:\\\/\\\/ecrevisse-wissembourg.com\\\/index.php\\\/en\\\/our-rooms\\\/\"},{\"@type\":\"ListItem\",\"position\":3,\"name\":\"Room 37 Bourg Blanc\"}]},{\"@type\":\"WebSite\",\"@id\":\"https:\\\/\\\/ecrevisse-wissembourg.com\\\/#website\",\"url\":\"https:\\\/\\\/ecrevisse-wissembourg.com\\\/\",\"name\":\"H\u00f4tel \u00c9crevisse\",\"description\":\"\",\"publisher\":{\"@id\":\"https:\\\/\\\/ecrevisse-wissembourg.com\\\/#organization\"},\"potentialAction\":[{\"@type\":\"SearchAction\",\"target\":{\"@type\":\"EntryPoint\",\"urlTemplate\":\"https:\\\/\\\/ecrevisse-wissembourg.com\\\/?s={search_term_string}\"},\"query-input\":{\"@type\":\"PropertyValueSpecification\",\"valueRequired\":true,\"valueName\":\"search_term_string\"}}],\"inLanguage\":\"fr-FR\"},{\"@type\":\"Organization\",\"@id\":\"https:\\\/\\\/ecrevisse-wissembourg.com\\\/#organization\",\"name\":\"H\u00f4tel \u00c9crevisse\",\"alternateName\":\"\u00c9crevisse\",\"url\":\"https:\\\/\\\/ecrevisse-wissembourg.com\\\/\",\"logo\":{\"@type\":\"ImageObject\",\"inLanguage\":\"fr-FR\",\"@id\":\"https:\\\/\\\/ecrevisse-wissembourg.com\\\/#\\\/schema\\\/logo\\\/image\\\/\",\"url\":\"https:\\\/\\\/ecrevisse-wissembourg.com\\\/wp-content\\\/uploads\\\/2025\\\/06\\\/Ecrevisse-1.png\",\"contentUrl\":\"https:\\\/\\\/ecrevisse-wissembourg.com\\\/wp-content\\\/uploads\\\/2025\\\/06\\\/Ecrevisse-1.png\",\"width\":513,\"height\":117,\"caption\":\"H\u00f4tel \u00c9crevisse\"},\"image\":{\"@id\":\"https:\\\/\\\/ecrevisse-wissembourg.com\\\/#\\\/schema\\\/logo\\\/image\\\/\"}}]}<\/script>\n<!-- \/ Yoast SEO plugin. -->","yoast_head_json":{"title":"L&#039;\u00c9crevisse - Room 37 Bourg Blanc","description":"Chambre 37 Bourg Blanc, 25 m\u00b2 : lit 160\u00d7200, Wi-Fi, clim, bureau, douche, vue cour calme. S\u00e9jour paisible, r\u00e9servez.","robots":{"index":"index","follow":"follow","max-snippet":"max-snippet:-1","max-image-preview":"max-image-preview:large","max-video-preview":"max-video-preview:-1"},"canonical":"https:\/\/ecrevisse-wissembourg.com\/index.php\/en\/our-rooms\/room-37-bourg-blanc\/","og_locale":"fr_FR","og_type":"article","og_title":"L&#039;\u00c9crevisse - Room 37 Bourg Blanc","og_description":"Chambre 37 Bourg Blanc, 25 m\u00b2 : lit 160\u00d7200, Wi-Fi, clim, bureau, douche, vue cour calme. S\u00e9jour paisible, r\u00e9servez.","og_url":"https:\/\/ecrevisse-wissembourg.com\/index.php\/en\/our-rooms\/room-37-bourg-blanc\/","og_site_name":"L&#039;\u00c9crevisse","article_modified_time":"2026-01-20T08:42:49+00:00","og_image":[{"width":1920,"height":1080,"url":"https:\/\/ecrevisse-wissembourg.com\/wp-content\/uploads\/2025\/07\/PHOTO-CHAMBRE-37-4.jpg","type":"image\/jpeg"}],"twitter_card":"summary_large_image","twitter_misc":{"Dur\u00e9e de lecture estim\u00e9e":"3 minutes"},"schema":{"@context":"https:\/\/schema.org","@graph":[{"@type":"WebPage","@id":"https:\/\/ecrevisse-wissembourg.com\/index.php\/en\/our-rooms\/room-37-bourg-blanc\/","url":"https:\/\/ecrevisse-wissembourg.com\/index.php\/en\/our-rooms\/room-37-bourg-blanc\/","name":"L&#039;\u00c9crevisse - Room 37 Bourg Blanc","isPartOf":{"@id":"https:\/\/ecrevisse-wissembourg.com\/#website"},"primaryImageOfPage":{"@id":"https:\/\/ecrevisse-wissembourg.com\/index.php\/en\/our-rooms\/room-37-bourg-blanc\/#primaryimage"},"image":{"@id":"https:\/\/ecrevisse-wissembourg.com\/index.php\/en\/our-rooms\/room-37-bourg-blanc\/#primaryimage"},"thumbnailUrl":"https:\/\/ecrevisse-wissembourg.com\/wp-content\/uploads\/2025\/07\/PHOTO-CHAMBRE-37-4.jpg","datePublished":"2025-08-02T22:30:12+00:00","dateModified":"2026-01-20T08:42:49+00:00","description":"Chambre 37 Bourg Blanc, 25 m\u00b2 : lit 160\u00d7200, Wi-Fi, clim, bureau, douche, vue cour calme. S\u00e9jour paisible, r\u00e9servez.","breadcrumb":{"@id":"https:\/\/ecrevisse-wissembourg.com\/index.php\/en\/our-rooms\/room-37-bourg-blanc\/#breadcrumb"},"inLanguage":"fr-FR","potentialAction":[{"@type":"ReadAction","target":["https:\/\/ecrevisse-wissembourg.com\/index.php\/en\/our-rooms\/room-37-bourg-blanc\/"]}]},{"@type":"ImageObject","inLanguage":"fr-FR","@id":"https:\/\/ecrevisse-wissembourg.com\/index.php\/en\/our-rooms\/room-37-bourg-blanc\/#primaryimage","url":"https:\/\/ecrevisse-wissembourg.com\/wp-content\/uploads\/2025\/07\/PHOTO-CHAMBRE-37-4.jpg","contentUrl":"https:\/\/ecrevisse-wissembourg.com\/wp-content\/uploads\/2025\/07\/PHOTO-CHAMBRE-37-4.jpg","width":1920,"height":1080,"caption":"Chambre fonctionnelle et moderne"},{"@type":"BreadcrumbList","@id":"https:\/\/ecrevisse-wissembourg.com\/index.php\/en\/our-rooms\/room-37-bourg-blanc\/#breadcrumb","itemListElement":[{"@type":"ListItem","position":1,"name":"Accueil","item":"https:\/\/ecrevisse-wissembourg.com\/"},{"@type":"ListItem","position":2,"name":"Our rooms","item":"https:\/\/ecrevisse-wissembourg.com\/index.php\/en\/our-rooms\/"},{"@type":"ListItem","position":3,"name":"Room 37 Bourg Blanc"}]},{"@type":"WebSite","@id":"https:\/\/ecrevisse-wissembourg.com\/#website","url":"https:\/\/ecrevisse-wissembourg.com\/","name":"H\u00f4tel \u00c9crevisse","description":"","publisher":{"@id":"https:\/\/ecrevisse-wissembourg.com\/#organization"},"potentialAction":[{"@type":"SearchAction","target":{"@type":"EntryPoint","urlTemplate":"https:\/\/ecrevisse-wissembourg.com\/?s={search_term_string}"},"query-input":{"@type":"PropertyValueSpecification","valueRequired":true,"valueName":"search_term_string"}}],"inLanguage":"fr-FR"},{"@type":"Organization","@id":"https:\/\/ecrevisse-wissembourg.com\/#organization","name":"H\u00f4tel \u00c9crevisse","alternateName":"\u00c9crevisse","url":"https:\/\/ecrevisse-wissembourg.com\/","logo":{"@type":"ImageObject","inLanguage":"fr-FR","@id":"https:\/\/ecrevisse-wissembourg.com\/#\/schema\/logo\/image\/","url":"https:\/\/ecrevisse-wissembourg.com\/wp-content\/uploads\/2025\/06\/Ecrevisse-1.png","contentUrl":"https:\/\/ecrevisse-wissembourg.com\/wp-content\/uploads\/2025\/06\/Ecrevisse-1.png","width":513,"height":117,"caption":"H\u00f4tel \u00c9crevisse"},"image":{"@id":"https:\/\/ecrevisse-wissembourg.com\/#\/schema\/logo\/image\/"}}]}},"tpgb_featured_images":{"full":["https:\/\/ecrevisse-wissembourg.com\/wp-content\/uploads\/2025\/07\/PHOTO-CHAMBRE-37-4.jpg",1920,1080,false],"tp-image-grid":["https:\/\/ecrevisse-wissembourg.com\/wp-content\/uploads\/2025\/07\/PHOTO-CHAMBRE-37-4-700x700.jpg",700,700,true],"thumbnail":["https:\/\/ecrevisse-wissembourg.com\/wp-content\/uploads\/2025\/07\/PHOTO-CHAMBRE-37-4-150x150.jpg",150,150,true],"medium":["https:\/\/ecrevisse-wissembourg.com\/wp-content\/uploads\/2025\/07\/PHOTO-CHAMBRE-37-4-300x169.jpg",300,169,true],"medium_large":["https:\/\/ecrevisse-wissembourg.com\/wp-content\/uploads\/2025\/07\/PHOTO-CHAMBRE-37-4-768x432.jpg",768,432,true],"large":["https:\/\/ecrevisse-wissembourg.com\/wp-content\/uploads\/2025\/07\/PHOTO-CHAMBRE-37-4-1024x576.jpg",800,450,true],"default":"https:\/\/ecrevisse-wissembourg.com\/wp-content\/plugins\/the-plus-addons-for-block-editor\/assets\/images\/tpgb-placeholder.jpg"},"tpgb_post_meta_info":{"get_date":"3 ao\u00fbt 2025","get_modified_date":"20 janvier 2026","author_name":"admin","author_url":"https:\/\/ecrevisse-wissembourg.com\/index.php\/author\/admin\/","author_email":"26matt.09@gmail.com","author_website":"https:\/\/ecrevisse-wissembourg.com\/","author_description":"","author_facebook":"","author_twitter":"","author_instagram":"","author_role":["administrator"],"author_firstname":"","author_lastname":"","user_login":"admin","author_avatar":"<img alt='' src='https:\/\/secure.gravatar.com\/avatar\/c1541f9bd026027cdc59818f3be1173fcde3540409c3d7136bcb4ca19fedecef?s=200&#038;d=mm&#038;r=g' srcset='https:\/\/secure.gravatar.com\/avatar\/c1541f9bd026027cdc59818f3be1173fcde3540409c3d7136bcb4ca19fedecef?s=400&#038;d=mm&#038;r=g 2x' class='avatar avatar-200 photo' height='200' width='200' decoding='async'\/>","author_avatar_url":"https:\/\/secure.gravatar.com\/avatar\/c1541f9bd026027cdc59818f3be1173fcde3540409c3d7136bcb4ca19fedecef?s=96&d=mm&r=g","comment_count":0,"post_likes":0,"post_views":0},"tpgb_post_category":[],"_links":{"self":[{"href":"https:\/\/ecrevisse-wissembourg.com\/index.php\/wp-json\/wp\/v2\/pages\/1863","targetHints":{"allow":["GET"]}}],"collection":[{"href":"https:\/\/ecrevisse-wissembourg.com\/index.php\/wp-json\/wp\/v2\/pages"}],"about":[{"href":"https:\/\/ecrevisse-wissembourg.com\/index.php\/wp-json\/wp\/v2\/types\/page"}],"author":[{"embeddable":true,"href":"https:\/\/ecrevisse-wissembourg.com\/index.php\/wp-json\/wp\/v2\/users\/1"}],"replies":[{"embeddable":true,"href":"https:\/\/ecrevisse-wissembourg.com\/index.php\/wp-json\/wp\/v2\/comments?post=1863"}],"version-history":[{"count":16,"href":"https:\/\/ecrevisse-wissembourg.com\/index.php\/wp-json\/wp\/v2\/pages\/1863\/revisions"}],"predecessor-version":[{"id":3037,"href":"https:\/\/ecrevisse-wissembourg.com\/index.php\/wp-json\/wp\/v2\/pages\/1863\/revisions\/3037"}],"up":[{"embeddable":true,"href":"https:\/\/ecrevisse-wissembourg.com\/index.php\/wp-json\/wp\/v2\/pages\/1823"}],"wp:featuredmedia":[{"embeddable":true,"href":"https:\/\/ecrevisse-wissembourg.com\/index.php\/wp-json\/wp\/v2\/media\/1083"}],"wp:attachment":[{"href":"https:\/\/ecrevisse-wissembourg.com\/index.php\/wp-json\/wp\/v2\/media?parent=1863"}],"curies":[{"name":"wp","href":"https:\/\/api.w.org\/{rel}","templated":true}]}}