{"id":1748,"date":"2025-07-31T11:43:10","date_gmt":"2025-07-31T09:43:10","guid":{"rendered":"https:\/\/ecrevisse-wissembourg.com\/?page_id=1748"},"modified":"2025-08-25T17:41:49","modified_gmt":"2025-08-25T15:41:49","slug":"privacy-policy","status":"publish","type":"page","link":"https:\/\/ecrevisse-wissembourg.com\/index.php\/en\/privacy-policy\/","title":{"rendered":"Privacy Policy"},"content":{"rendered":"\t\t<div data-elementor-type=\"wp-page\" data-elementor-id=\"1748\" class=\"elementor elementor-1748\" data-elementor-post-type=\"page\">\n\t\t\t\t<div class=\"elementor-element elementor-element-1dc5a89 e-con-full e-flex e-con e-parent\" data-id=\"1dc5a89\" data-element_type=\"container\" data-e-type=\"container\" data-settings=\"{&quot;background_background&quot;:&quot;classic&quot;}\">\n\t\t\t\t<div class=\"elementor-element elementor-element-2a36ac7 elementor-widget elementor-widget-heading\" data-id=\"2a36ac7\" data-element_type=\"widget\" data-e-type=\"widget\" data-widget_type=\"heading.default\">\n\t\t\t\t<div class=\"elementor-widget-container\">\n\t\t\t\t\t<h1 class=\"elementor-heading-title elementor-size-default\">Privacy Policy<\/h1>\t\t\t\t<\/div>\n\t\t\t\t<\/div>\n\t\t\t\t<\/div>\n\t\t<div class=\"elementor-element elementor-element-e663308 e-flex e-con-boxed e-con e-parent\" data-id=\"e663308\" data-element_type=\"container\" data-e-type=\"container\">\n\t\t\t\t\t<div class=\"e-con-inner\">\n\t\t<div class=\"elementor-element elementor-element-672d558 e-con-full e-flex e-con e-child\" data-id=\"672d558\" data-element_type=\"container\" data-e-type=\"container\">\n\t\t\t\t<div class=\"elementor-element elementor-element-7b46c19 elementor-widget elementor-widget-heading\" data-id=\"7b46c19\" data-element_type=\"widget\" data-e-type=\"widget\" data-widget_type=\"heading.default\">\n\t\t\t\t<div class=\"elementor-widget-container\">\n\t\t\t\t\t<h3 class=\"elementor-heading-title elementor-size-default\">1. Introduction\n<\/h3>\t\t\t\t<\/div>\n\t\t\t\t<\/div>\n\t\t\t\t<div class=\"elementor-element elementor-element-6f7617d elementor-widget elementor-widget-text-editor\" data-id=\"6f7617d\" data-element_type=\"widget\" data-e-type=\"widget\" data-widget_type=\"text-editor.default\">\n\t\t\t\t<div class=\"elementor-widget-container\">\n\t\t\t\t\t\t\t\t\t<p><br><\/p><p>L\u2019\u00e9tablissement \u00c9crevisse attaches great importance to protecting the privacy of its customers and visitors. The purpose of this policy is to provide you with clear information about how your personal data is collected, used, stored and secured when you browse our website or interact with our services.<\/p>\t\t\t\t\t\t\t\t<\/div>\n\t\t\t\t<\/div>\n\t\t\t\t<\/div>\n\t\t<div class=\"elementor-element elementor-element-83410e9 e-con-full e-flex e-con e-child\" data-id=\"83410e9\" data-element_type=\"container\" data-e-type=\"container\">\n\t\t\t\t<div class=\"elementor-element elementor-element-8820e35 elementor-widget elementor-widget-heading\" data-id=\"8820e35\" data-element_type=\"widget\" data-e-type=\"widget\" data-widget_type=\"heading.default\">\n\t\t\t\t<div class=\"elementor-widget-container\">\n\t\t\t\t\t<h3 class=\"elementor-heading-title elementor-size-default\">2. Identity of the data controller<\/h3>\t\t\t\t<\/div>\n\t\t\t\t<\/div>\n\t\t\t\t<div class=\"elementor-element elementor-element-d5c2a1b elementor-widget elementor-widget-text-editor\" data-id=\"d5c2a1b\" data-element_type=\"widget\" data-e-type=\"widget\" data-widget_type=\"text-editor.default\">\n\t\t\t\t<div class=\"elementor-widget-container\">\n\t\t\t\t\t\t\t\t\t<p>\u00a0<\/p><p>Personal data is processed by L\u2019\u00e9tablissement \u00c9crevisse, located at 8 rue des Cordonniers, 67510 Wissembourg, France. If you have any questions about your data, you can contact us at the following address: contact@ecrevisse-wissembourg.com.<\/p>\t\t\t\t\t\t\t\t<\/div>\n\t\t\t\t<\/div>\n\t\t\t\t<\/div>\n\t\t<div class=\"elementor-element elementor-element-95c921e e-con-full e-flex e-con e-child\" data-id=\"95c921e\" data-element_type=\"container\" data-e-type=\"container\">\n\t\t\t\t<div class=\"elementor-element elementor-element-439f58c elementor-widget elementor-widget-heading\" data-id=\"439f58c\" data-element_type=\"widget\" data-e-type=\"widget\" data-widget_type=\"heading.default\">\n\t\t\t\t<div class=\"elementor-widget-container\">\n\t\t\t\t\t<h3 class=\"elementor-heading-title elementor-size-default\">3. Data collected<\/h3>\t\t\t\t<\/div>\n\t\t\t\t<\/div>\n\t\t\t\t<div class=\"elementor-element elementor-element-033e65a elementor-widget elementor-widget-text-editor\" data-id=\"033e65a\" data-element_type=\"widget\" data-e-type=\"widget\" data-widget_type=\"text-editor.default\">\n\t\t\t\t<div class=\"elementor-widget-container\">\n\t\t\t\t\t\t\t\t\t<p>\u00a0<\/p><p>When you use our site, you may be required to provide us with certain personal information such as your name, email address, telephone number or data related to your stay (booking dates, preferences, etc.).<\/p><p>\u00a0<\/p><p>We also collect technical data such as your IP address, the type of browser used or the pages viewed, in particular through cookies.<\/p>\t\t\t\t\t\t\t\t<\/div>\n\t\t\t\t<\/div>\n\t\t\t\t<\/div>\n\t\t<div class=\"elementor-element elementor-element-623c39c e-con-full e-flex e-con e-child\" data-id=\"623c39c\" data-element_type=\"container\" data-e-type=\"container\">\n\t\t\t\t<div class=\"elementor-element elementor-element-cd5a965 elementor-widget elementor-widget-heading\" data-id=\"cd5a965\" data-element_type=\"widget\" data-e-type=\"widget\" data-widget_type=\"heading.default\">\n\t\t\t\t<div class=\"elementor-widget-container\">\n\t\t\t\t\t<h3 class=\"elementor-heading-title elementor-size-default\">4. Purpose and legal basis of processing\n<\/h3>\t\t\t\t<\/div>\n\t\t\t\t<\/div>\n\t\t\t\t<div class=\"elementor-element elementor-element-fd71aea elementor-widget elementor-widget-text-editor\" data-id=\"fd71aea\" data-element_type=\"widget\" data-e-type=\"widget\" data-widget_type=\"text-editor.default\">\n\t\t\t\t<div class=\"elementor-widget-container\">\n\t\t\t\t\t\t\t\t\t<p data-start=\"982\" data-end=\"1149\">\u00a0<\/p><p data-start=\"982\" data-end=\"1149\">The data collected mainly enables us to respond to your contact requests, manage your bookings and offer you a high-quality service during your stay. It may also be used for commercial communication purposes (with your consent) and statistical analysis to improve navigation on our website.<\/p><p data-start=\"982\" data-end=\"1149\">\u00a0<\/p><p data-start=\"982\" data-end=\"1149\">This processing is based either on your consent, on the need to perform a contract, on our legal obligations or on our legitimate interest in improving our services.<\/p>\t\t\t\t\t\t\t\t<\/div>\n\t\t\t\t<\/div>\n\t\t\t\t<\/div>\n\t\t<div class=\"elementor-element elementor-element-ca2f6aa e-con-full e-flex e-con e-child\" data-id=\"ca2f6aa\" data-element_type=\"container\" data-e-type=\"container\">\n\t\t\t\t<div class=\"elementor-element elementor-element-789079a elementor-widget elementor-widget-heading\" data-id=\"789079a\" data-element_type=\"widget\" data-e-type=\"widget\" data-widget_type=\"heading.default\">\n\t\t\t\t<div class=\"elementor-widget-container\">\n\t\t\t\t\t<h3 class=\"elementor-heading-title elementor-size-default\">5. Retention period\n<\/h3>\t\t\t\t<\/div>\n\t\t\t\t<\/div>\n\t\t\t\t<div class=\"elementor-element elementor-element-01ad5b6 elementor-widget elementor-widget-text-editor\" data-id=\"01ad5b6\" data-element_type=\"widget\" data-e-type=\"widget\" data-widget_type=\"text-editor.default\">\n\t\t\t\t<div class=\"elementor-widget-container\">\n\t\t\t\t\t\t\t\t\t<p data-start=\"1765\" data-end=\"1799\">\u00a0<\/p><p data-start=\"2051\" data-end=\"2427\">The information you provide us with is kept for a period appropriate to its purpose. For example, data from contact forms is kept for up to one year after our last exchange. Data relating to a booking may be kept for up to three years after your stay, and billing data for a legal period of ten years.<\/p>\t\t\t\t\t\t\t\t<\/div>\n\t\t\t\t<\/div>\n\t\t\t\t<div class=\"elementor-element elementor-element-994c719 elementor-widget elementor-widget-heading\" data-id=\"994c719\" data-element_type=\"widget\" data-e-type=\"widget\" data-widget_type=\"heading.default\">\n\t\t\t\t<div class=\"elementor-widget-container\">\n\t\t\t\t\t<h3 class=\"elementor-heading-title elementor-size-default\">6. Access to data\n<\/h3>\t\t\t\t<\/div>\n\t\t\t\t<\/div>\n\t\t\t\t<div class=\"elementor-element elementor-element-3248210 elementor-widget elementor-widget-text-editor\" data-id=\"3248210\" data-element_type=\"widget\" data-e-type=\"widget\" data-widget_type=\"text-editor.default\">\n\t\t\t\t<div class=\"elementor-widget-container\">\n\t\t\t\t\t\t\t\t\t<p data-start=\"1765\" data-end=\"1799\">\u00a0<\/p><p>Access to your personal data is strictly limited to authorised persons within our establishment and our technical service providers (hosting, booking tools, emailing), all of whom are subject to a confidentiality obligation. No data is sold or transferred to unauthorised third parties.<\/p><p>\u00a0<\/p><p>In the event of a legal obligation, certain information may be passed on to the competent authorities.<\/p>\t\t\t\t\t\t\t\t<\/div>\n\t\t\t\t<\/div>\n\t\t\t\t<div class=\"elementor-element elementor-element-41839b8 elementor-widget elementor-widget-heading\" data-id=\"41839b8\" data-element_type=\"widget\" data-e-type=\"widget\" data-widget_type=\"heading.default\">\n\t\t\t\t<div class=\"elementor-widget-container\">\n\t\t\t\t\t<h3 class=\"elementor-heading-title elementor-size-default\">7. Security\n<\/h3>\t\t\t\t<\/div>\n\t\t\t\t<\/div>\n\t\t\t\t<div class=\"elementor-element elementor-element-d7ba352 elementor-widget elementor-widget-text-editor\" data-id=\"d7ba352\" data-element_type=\"widget\" data-e-type=\"widget\" data-widget_type=\"text-editor.default\">\n\t\t\t\t<div class=\"elementor-widget-container\">\n\t\t\t\t\t\t\t\t\t<p data-start=\"1765\" data-end=\"1799\">\u00a0<\/p><p>We take all necessary precautions, both technical and organisational, to ensure the confidentiality, integrity and availability of your personal data. Security measures are in place to prevent unauthorised access, loss or disclosure.<\/p><p>\u00a0<\/p><p>In the event of a legal obligation, certain information may be transmitted to the competent authorities.<\/p>\t\t\t\t\t\t\t\t<\/div>\n\t\t\t\t<\/div>\n\t\t\t\t<div class=\"elementor-element elementor-element-d838857 elementor-widget elementor-widget-heading\" data-id=\"d838857\" data-element_type=\"widget\" data-e-type=\"widget\" data-widget_type=\"heading.default\">\n\t\t\t\t<div class=\"elementor-widget-container\">\n\t\t\t\t\t<h3 class=\"elementor-heading-title elementor-size-default\">8.  Your rights<\/h3>\t\t\t\t<\/div>\n\t\t\t\t<\/div>\n\t\t\t\t<div class=\"elementor-element elementor-element-97e381e elementor-widget elementor-widget-text-editor\" data-id=\"97e381e\" data-element_type=\"widget\" data-e-type=\"widget\" data-widget_type=\"text-editor.default\">\n\t\t\t\t<div class=\"elementor-widget-container\">\n\t\t\t\t\t\t\t\t\t<p data-start=\"1765\" data-end=\"1799\">\u00a0<\/p><p>In accordance with the General Data Protection Regulation (GDPR), you have the right to access, rectify, erase, restrict the processing of, and transfer your data, as well as the right to object.<\/p><p>\u00a0<\/p><p>You can exercise these rights at any time by writing to us at contact@ecrevisse-wissembourg.com. If you believe that your rights have not been respected, you also have the option of lodging a complaint with the CNIL (www.cnil.fr).<\/p>\t\t\t\t\t\t\t\t<\/div>\n\t\t\t\t<\/div>\n\t\t\t\t<div class=\"elementor-element elementor-element-b2ce5c6 elementor-widget elementor-widget-heading\" data-id=\"b2ce5c6\" data-element_type=\"widget\" data-e-type=\"widget\" data-widget_type=\"heading.default\">\n\t\t\t\t<div class=\"elementor-widget-container\">\n\t\t\t\t\t<h3 class=\"elementor-heading-title elementor-size-default\">9. Cookies\n\n<\/h3>\t\t\t\t<\/div>\n\t\t\t\t<\/div>\n\t\t\t\t<div class=\"elementor-element elementor-element-6ad0c71 elementor-widget elementor-widget-text-editor\" data-id=\"6ad0c71\" data-element_type=\"widget\" data-e-type=\"widget\" data-widget_type=\"text-editor.default\">\n\t\t\t\t<div class=\"elementor-widget-container\">\n\t\t\t\t\t\t\t\t\t<p data-start=\"1765\" data-end=\"1799\">\u00a0<\/p><p>When you browse our website, files called \u2018cookies\u2019 may be stored on your device (computer, smartphone, tablet). A cookie is a small text file that collects information about your browsing activity in order to improve your user experience, measure audience numbers or activate certain features of the website.<\/p><p>\u00a0<\/p><p>We use different types of cookies:<\/p><p>\u00a0<\/p><ul><li><b>Strictly necessary cookies<\/b>: these are essential for the website to function properly (e.g. session management, security, responsive display).<\/li><li><b>Performance and statistics cookies<\/b>: used anonymously to understand how visitors interact with the site (e.g. pages visited, browsing time), in particular via tools such as Google Analytics.<\/li>Functional cookies: these enable us to remember your preferences (language, display preferences, etc.).<li><b>Third-party cookies<\/b>: placed by external services integrated into the website (e.g. YouTube video players, Google Maps, booking tools, etc.).<\/li><\/ul><p>\u00a0<\/p><p>When you first visit our website, an <b>information banner<\/b> is displayed to obtain your consent before placing any non-essential cookies. You have the option to:<\/p><p>\u00a0<\/p><ul><li><b>Accept<\/b> all cookies,<\/li><li><b>Reject<\/b> all cookies that are not strictly necessary,<\/li><li>Or <b>customise<\/b> your choices according to cookie categories.<\/li><\/ul><p>\u00a0<\/p><p>No non-essential cookies are activated without your explicit consent.<\/p><p>\u00a0<\/p><p>You can change or withdraw your consent at any time by using the \u2018Manage cookies\u2019 button at the bottom of each page, or via your browser settings.<\/p><p>\u00a0<\/p><p>Cookies are stored for a maximum of 13 months from the date they are placed. After this period, your consent will be requested again.<\/p>\t\t\t\t\t\t\t\t<\/div>\n\t\t\t\t<\/div>\n\t\t\t\t<div class=\"elementor-element elementor-element-09b1142 elementor-widget elementor-widget-heading\" data-id=\"09b1142\" data-element_type=\"widget\" data-e-type=\"widget\" data-widget_type=\"heading.default\">\n\t\t\t\t<div class=\"elementor-widget-container\">\n\t\t\t\t\t<h3 class=\"elementor-heading-title elementor-size-default\">10. Updates\n\n<\/h3>\t\t\t\t<\/div>\n\t\t\t\t<\/div>\n\t\t\t\t<div class=\"elementor-element elementor-element-f2a09b6 elementor-widget elementor-widget-text-editor\" data-id=\"f2a09b6\" data-element_type=\"widget\" data-e-type=\"widget\" data-widget_type=\"text-editor.default\">\n\t\t\t\t<div class=\"elementor-widget-container\">\n\t\t\t\t\t\t\t\t\t<p data-start=\"1765\" data-end=\"1799\">\u00a0<\/p><p data-start=\"2037\" data-end=\"2183\">This privacy policy may be modified at any time to adapt to legal or technical developments. The version in force is the one published on this page.<\/p><p data-start=\"2037\" data-end=\"2183\"><br \/>Last update: 23 July 2025<\/p>\t\t\t\t\t\t\t\t<\/div>\n\t\t\t\t<\/div>\n\t\t\t\t<\/div>\n\t\t\t\t\t<\/div>\n\t\t\t\t<\/div>\n\t\t<div class=\"elementor-element elementor-element-b3a3f70 e-con-full e-flex e-con e-child\" data-id=\"b3a3f70\" data-element_type=\"container\" data-e-type=\"container\">\n\t\t\t\t<\/div>\n\t\t\t\t<\/div>\n\t\t","protected":false},"excerpt":{"rendered":"<p>Privacy Policy 1. Introduction L\u2019\u00e9tablissement \u00c9crevisse attaches great importance to protecting the privacy of its customers and visitors. The purpose of this policy is to provide you with clear information about how your personal data is collected, used, stored and secured when you browse our website or interact with our services. 2. Identity of the [&hellip;]<\/p>\n","protected":false},"author":1,"featured_media":0,"parent":0,"menu_order":0,"comment_status":"closed","ping_status":"closed","template":"elementor_header_footer","meta":{"tpgb_global_settings":"","footnotes":""},"class_list":["post-1748","page","type-page","status-publish","hentry"],"yoast_head":"<!-- This site is optimized with the Yoast SEO plugin v27.3 - https:\/\/yoast.com\/product\/yoast-seo-wordpress\/ -->\n<title>Privacy Policy - L&#039;\u00c9crevisse<\/title>\n<meta name=\"robots\" content=\"index, follow, max-snippet:-1, max-image-preview:large, max-video-preview:-1\" \/>\n<link rel=\"canonical\" href=\"https:\/\/ecrevisse-wissembourg.com\/index.php\/en\/privacy-policy\/\" \/>\n<meta property=\"og:locale\" content=\"fr_FR\" \/>\n<meta property=\"og:type\" content=\"article\" \/>\n<meta property=\"og:title\" content=\"Privacy Policy - L&#039;\u00c9crevisse\" \/>\n<meta property=\"og:description\" content=\"Privacy Policy 1. Introduction L\u2019\u00e9tablissement \u00c9crevisse attaches great importance to protecting the privacy of its customers and visitors. The purpose of this policy is to provide you with clear information about how your personal data is collected, used, stored and secured when you browse our website or interact with our services. 2. Identity of the [&hellip;]\" \/>\n<meta property=\"og:url\" content=\"https:\/\/ecrevisse-wissembourg.com\/index.php\/en\/privacy-policy\/\" \/>\n<meta property=\"og:site_name\" content=\"L&#039;\u00c9crevisse\" \/>\n<meta property=\"article:modified_time\" content=\"2025-08-25T15:41:49+00:00\" \/>\n<meta name=\"twitter:card\" content=\"summary_large_image\" \/>\n<meta name=\"twitter:label1\" content=\"Dur\u00e9e de lecture estim\u00e9e\" \/>\n\t<meta name=\"twitter:data1\" content=\"4 minutes\" \/>\n<script type=\"application\/ld+json\" class=\"yoast-schema-graph\">{\"@context\":\"https:\\\/\\\/schema.org\",\"@graph\":[{\"@type\":\"WebPage\",\"@id\":\"https:\\\/\\\/ecrevisse-wissembourg.com\\\/index.php\\\/en\\\/privacy-policy\\\/\",\"url\":\"https:\\\/\\\/ecrevisse-wissembourg.com\\\/index.php\\\/en\\\/privacy-policy\\\/\",\"name\":\"Privacy Policy - L&#039;\u00c9crevisse\",\"isPartOf\":{\"@id\":\"https:\\\/\\\/ecrevisse-wissembourg.com\\\/#website\"},\"datePublished\":\"2025-07-31T09:43:10+00:00\",\"dateModified\":\"2025-08-25T15:41:49+00:00\",\"breadcrumb\":{\"@id\":\"https:\\\/\\\/ecrevisse-wissembourg.com\\\/index.php\\\/en\\\/privacy-policy\\\/#breadcrumb\"},\"inLanguage\":\"fr-FR\",\"potentialAction\":[{\"@type\":\"ReadAction\",\"target\":[\"https:\\\/\\\/ecrevisse-wissembourg.com\\\/index.php\\\/en\\\/privacy-policy\\\/\"]}]},{\"@type\":\"BreadcrumbList\",\"@id\":\"https:\\\/\\\/ecrevisse-wissembourg.com\\\/index.php\\\/en\\\/privacy-policy\\\/#breadcrumb\",\"itemListElement\":[{\"@type\":\"ListItem\",\"position\":1,\"name\":\"Accueil\",\"item\":\"https:\\\/\\\/ecrevisse-wissembourg.com\\\/\"},{\"@type\":\"ListItem\",\"position\":2,\"name\":\"Privacy Policy\"}]},{\"@type\":\"WebSite\",\"@id\":\"https:\\\/\\\/ecrevisse-wissembourg.com\\\/#website\",\"url\":\"https:\\\/\\\/ecrevisse-wissembourg.com\\\/\",\"name\":\"H\u00f4tel \u00c9crevisse\",\"description\":\"\",\"publisher\":{\"@id\":\"https:\\\/\\\/ecrevisse-wissembourg.com\\\/#organization\"},\"potentialAction\":[{\"@type\":\"SearchAction\",\"target\":{\"@type\":\"EntryPoint\",\"urlTemplate\":\"https:\\\/\\\/ecrevisse-wissembourg.com\\\/?s={search_term_string}\"},\"query-input\":{\"@type\":\"PropertyValueSpecification\",\"valueRequired\":true,\"valueName\":\"search_term_string\"}}],\"inLanguage\":\"fr-FR\"},{\"@type\":\"Organization\",\"@id\":\"https:\\\/\\\/ecrevisse-wissembourg.com\\\/#organization\",\"name\":\"H\u00f4tel \u00c9crevisse\",\"alternateName\":\"\u00c9crevisse\",\"url\":\"https:\\\/\\\/ecrevisse-wissembourg.com\\\/\",\"logo\":{\"@type\":\"ImageObject\",\"inLanguage\":\"fr-FR\",\"@id\":\"https:\\\/\\\/ecrevisse-wissembourg.com\\\/#\\\/schema\\\/logo\\\/image\\\/\",\"url\":\"https:\\\/\\\/ecrevisse-wissembourg.com\\\/wp-content\\\/uploads\\\/2025\\\/06\\\/Ecrevisse-1.png\",\"contentUrl\":\"https:\\\/\\\/ecrevisse-wissembourg.com\\\/wp-content\\\/uploads\\\/2025\\\/06\\\/Ecrevisse-1.png\",\"width\":513,\"height\":117,\"caption\":\"H\u00f4tel \u00c9crevisse\"},\"image\":{\"@id\":\"https:\\\/\\\/ecrevisse-wissembourg.com\\\/#\\\/schema\\\/logo\\\/image\\\/\"}}]}<\/script>\n<!-- \/ Yoast SEO plugin. -->","yoast_head_json":{"title":"Privacy Policy - L&#039;\u00c9crevisse","robots":{"index":"index","follow":"follow","max-snippet":"max-snippet:-1","max-image-preview":"max-image-preview:large","max-video-preview":"max-video-preview:-1"},"canonical":"https:\/\/ecrevisse-wissembourg.com\/index.php\/en\/privacy-policy\/","og_locale":"fr_FR","og_type":"article","og_title":"Privacy Policy - L&#039;\u00c9crevisse","og_description":"Privacy Policy 1. Introduction L\u2019\u00e9tablissement \u00c9crevisse attaches great importance to protecting the privacy of its customers and visitors. The purpose of this policy is to provide you with clear information about how your personal data is collected, used, stored and secured when you browse our website or interact with our services. 2. Identity of the [&hellip;]","og_url":"https:\/\/ecrevisse-wissembourg.com\/index.php\/en\/privacy-policy\/","og_site_name":"L&#039;\u00c9crevisse","article_modified_time":"2025-08-25T15:41:49+00:00","twitter_card":"summary_large_image","twitter_misc":{"Dur\u00e9e de lecture estim\u00e9e":"4 minutes"},"schema":{"@context":"https:\/\/schema.org","@graph":[{"@type":"WebPage","@id":"https:\/\/ecrevisse-wissembourg.com\/index.php\/en\/privacy-policy\/","url":"https:\/\/ecrevisse-wissembourg.com\/index.php\/en\/privacy-policy\/","name":"Privacy Policy - L&#039;\u00c9crevisse","isPartOf":{"@id":"https:\/\/ecrevisse-wissembourg.com\/#website"},"datePublished":"2025-07-31T09:43:10+00:00","dateModified":"2025-08-25T15:41:49+00:00","breadcrumb":{"@id":"https:\/\/ecrevisse-wissembourg.com\/index.php\/en\/privacy-policy\/#breadcrumb"},"inLanguage":"fr-FR","potentialAction":[{"@type":"ReadAction","target":["https:\/\/ecrevisse-wissembourg.com\/index.php\/en\/privacy-policy\/"]}]},{"@type":"BreadcrumbList","@id":"https:\/\/ecrevisse-wissembourg.com\/index.php\/en\/privacy-policy\/#breadcrumb","itemListElement":[{"@type":"ListItem","position":1,"name":"Accueil","item":"https:\/\/ecrevisse-wissembourg.com\/"},{"@type":"ListItem","position":2,"name":"Privacy Policy"}]},{"@type":"WebSite","@id":"https:\/\/ecrevisse-wissembourg.com\/#website","url":"https:\/\/ecrevisse-wissembourg.com\/","name":"H\u00f4tel \u00c9crevisse","description":"","publisher":{"@id":"https:\/\/ecrevisse-wissembourg.com\/#organization"},"potentialAction":[{"@type":"SearchAction","target":{"@type":"EntryPoint","urlTemplate":"https:\/\/ecrevisse-wissembourg.com\/?s={search_term_string}"},"query-input":{"@type":"PropertyValueSpecification","valueRequired":true,"valueName":"search_term_string"}}],"inLanguage":"fr-FR"},{"@type":"Organization","@id":"https:\/\/ecrevisse-wissembourg.com\/#organization","name":"H\u00f4tel \u00c9crevisse","alternateName":"\u00c9crevisse","url":"https:\/\/ecrevisse-wissembourg.com\/","logo":{"@type":"ImageObject","inLanguage":"fr-FR","@id":"https:\/\/ecrevisse-wissembourg.com\/#\/schema\/logo\/image\/","url":"https:\/\/ecrevisse-wissembourg.com\/wp-content\/uploads\/2025\/06\/Ecrevisse-1.png","contentUrl":"https:\/\/ecrevisse-wissembourg.com\/wp-content\/uploads\/2025\/06\/Ecrevisse-1.png","width":513,"height":117,"caption":"H\u00f4tel \u00c9crevisse"},"image":{"@id":"https:\/\/ecrevisse-wissembourg.com\/#\/schema\/logo\/image\/"}}]}},"tpgb_featured_images":null,"tpgb_post_meta_info":{"get_date":"31 juillet 2025","get_modified_date":"25 ao\u00fbt 2025","author_name":"admin","author_url":"https:\/\/ecrevisse-wissembourg.com\/index.php\/author\/admin\/","author_email":"26matt.09@gmail.com","author_website":"https:\/\/ecrevisse-wissembourg.com\/","author_description":"","author_facebook":"","author_twitter":"","author_instagram":"","author_role":["administrator"],"author_firstname":"","author_lastname":"","user_login":"admin","author_avatar":"<img alt='' src='https:\/\/secure.gravatar.com\/avatar\/c1541f9bd026027cdc59818f3be1173fcde3540409c3d7136bcb4ca19fedecef?s=200&#038;d=mm&#038;r=g' srcset='https:\/\/secure.gravatar.com\/avatar\/c1541f9bd026027cdc59818f3be1173fcde3540409c3d7136bcb4ca19fedecef?s=400&#038;d=mm&#038;r=g 2x' class='avatar avatar-200 photo' height='200' width='200' decoding='async'\/>","author_avatar_url":"https:\/\/secure.gravatar.com\/avatar\/c1541f9bd026027cdc59818f3be1173fcde3540409c3d7136bcb4ca19fedecef?s=96&d=mm&r=g","comment_count":0,"post_likes":0,"post_views":0},"tpgb_post_category":[],"_links":{"self":[{"href":"https:\/\/ecrevisse-wissembourg.com\/index.php\/wp-json\/wp\/v2\/pages\/1748","targetHints":{"allow":["GET"]}}],"collection":[{"href":"https:\/\/ecrevisse-wissembourg.com\/index.php\/wp-json\/wp\/v2\/pages"}],"about":[{"href":"https:\/\/ecrevisse-wissembourg.com\/index.php\/wp-json\/wp\/v2\/types\/page"}],"author":[{"embeddable":true,"href":"https:\/\/ecrevisse-wissembourg.com\/index.php\/wp-json\/wp\/v2\/users\/1"}],"replies":[{"embeddable":true,"href":"https:\/\/ecrevisse-wissembourg.com\/index.php\/wp-json\/wp\/v2\/comments?post=1748"}],"version-history":[{"count":7,"href":"https:\/\/ecrevisse-wissembourg.com\/index.php\/wp-json\/wp\/v2\/pages\/1748\/revisions"}],"predecessor-version":[{"id":2267,"href":"https:\/\/ecrevisse-wissembourg.com\/index.php\/wp-json\/wp\/v2\/pages\/1748\/revisions\/2267"}],"wp:attachment":[{"href":"https:\/\/ecrevisse-wissembourg.com\/index.php\/wp-json\/wp\/v2\/media?parent=1748"}],"curies":[{"name":"wp","href":"https:\/\/api.w.org\/{rel}","templated":true}]}}