{"id":1737,"date":"2025-07-31T11:24:54","date_gmt":"2025-07-31T09:24:54","guid":{"rendered":"https:\/\/ecrevisse-wissembourg.com\/?page_id=1737"},"modified":"2025-08-25T18:35:57","modified_gmt":"2025-08-25T16:35:57","slug":"rechtliche-hinweise","status":"publish","type":"page","link":"https:\/\/ecrevisse-wissembourg.com\/index.php\/de\/rechtliche-hinweise\/","title":{"rendered":"Rechtliche Hinweise"},"content":{"rendered":"\t\t<div data-elementor-type=\"wp-page\" data-elementor-id=\"1737\" class=\"elementor elementor-1737\" data-elementor-post-type=\"page\">\n\t\t\t\t<div class=\"elementor-element elementor-element-1dc5a89 e-con-full e-flex e-con e-parent\" data-id=\"1dc5a89\" data-element_type=\"container\" data-e-type=\"container\" data-settings=\"{&quot;background_background&quot;:&quot;classic&quot;}\">\n\t\t\t\t<div class=\"elementor-element elementor-element-2a36ac7 elementor-widget elementor-widget-heading\" data-id=\"2a36ac7\" data-element_type=\"widget\" data-e-type=\"widget\" data-widget_type=\"heading.default\">\n\t\t\t\t<div class=\"elementor-widget-container\">\n\t\t\t\t\t<h1 class=\"elementor-heading-title elementor-size-default\">Rechtliche Hinweise<\/h1>\t\t\t\t<\/div>\n\t\t\t\t<\/div>\n\t\t\t\t<\/div>\n\t\t<div class=\"elementor-element elementor-element-e663308 e-flex e-con-boxed e-con e-parent\" data-id=\"e663308\" data-element_type=\"container\" data-e-type=\"container\">\n\t\t\t\t\t<div class=\"e-con-inner\">\n\t\t<div class=\"elementor-element elementor-element-672d558 e-con-full e-flex e-con e-child\" data-id=\"672d558\" data-element_type=\"container\" data-e-type=\"container\">\n\t\t\t\t<div class=\"elementor-element elementor-element-7b46c19 elementor-widget elementor-widget-heading\" data-id=\"7b46c19\" data-element_type=\"widget\" data-e-type=\"widget\" data-widget_type=\"heading.default\">\n\t\t\t\t<div class=\"elementor-widget-container\">\n\t\t\t\t\t<h3 class=\"elementor-heading-title elementor-size-default\">1. Herausgeber der Website<\/h3>\t\t\t\t<\/div>\n\t\t\t\t<\/div>\n\t\t\t\t<div class=\"elementor-element elementor-element-6f7617d elementor-widget elementor-widget-text-editor\" data-id=\"6f7617d\" data-element_type=\"widget\" data-e-type=\"widget\" data-widget_type=\"text-editor.default\">\n\t\t\t\t<div class=\"elementor-widget-container\">\n\t\t\t\t\t\t\t\t\t<p>\u00a0<\/p><p>Diese Website wird herausgegeben von L\u2019\u00e9tablissement \u00c9crevisse mit Sitz in:\u2028<br \/>8 rue des cordonniers, 67510 Wissembourg, Frankreich\u2028<br \/>Telefon: +33 3 88 54 87 87<br \/>E-Mail: contact@ecrevisse-wissembourg.com\u2028<br \/>Verantwortlicher Herausgeber: Nicolas Kany<br \/>SIRET-Nummer: 945 373 660 00014<\/p>\t\t\t\t\t\t\t\t<\/div>\n\t\t\t\t<\/div>\n\t\t\t\t<\/div>\n\t\t<div class=\"elementor-element elementor-element-83410e9 e-con-full e-flex e-con e-child\" data-id=\"83410e9\" data-element_type=\"container\" data-e-type=\"container\">\n\t\t\t\t<div class=\"elementor-element elementor-element-8820e35 elementor-widget elementor-widget-heading\" data-id=\"8820e35\" data-element_type=\"widget\" data-e-type=\"widget\" data-widget_type=\"heading.default\">\n\t\t\t\t<div class=\"elementor-widget-container\">\n\t\t\t\t\t<h3 class=\"elementor-heading-title elementor-size-default\">2. Hosting\n<\/h3>\t\t\t\t<\/div>\n\t\t\t\t<\/div>\n\t\t\t\t<div class=\"elementor-element elementor-element-d5c2a1b elementor-widget elementor-widget-text-editor\" data-id=\"d5c2a1b\" data-element_type=\"widget\" data-e-type=\"widget\" data-widget_type=\"text-editor.default\">\n\t\t\t\t<div class=\"elementor-widget-container\">\n\t\t\t\t\t\t\t\t\t<p>\u00a0<\/p><p>Hosting-Anbieter: OVH SAS\u2028<br \/>2 rue Kellermann \u2013 59100 Roubaix \u2013 Frankreich\u2028<br \/>www.ovh.com<\/p>\t\t\t\t\t\t\t\t<\/div>\n\t\t\t\t<\/div>\n\t\t\t\t<\/div>\n\t\t<div class=\"elementor-element elementor-element-95c921e e-con-full e-flex e-con e-child\" data-id=\"95c921e\" data-element_type=\"container\" data-e-type=\"container\">\n\t\t\t\t<div class=\"elementor-element elementor-element-439f58c elementor-widget elementor-widget-heading\" data-id=\"439f58c\" data-element_type=\"widget\" data-e-type=\"widget\" data-widget_type=\"heading.default\">\n\t\t\t\t<div class=\"elementor-widget-container\">\n\t\t\t\t\t<h3 class=\"elementor-heading-title elementor-size-default\">3. Geistiges Eigentum\n<\/h3>\t\t\t\t<\/div>\n\t\t\t\t<\/div>\n\t\t\t\t<div class=\"elementor-element elementor-element-033e65a elementor-widget elementor-widget-text-editor\" data-id=\"033e65a\" data-element_type=\"widget\" data-e-type=\"widget\" data-widget_type=\"text-editor.default\">\n\t\t\t\t<div class=\"elementor-widget-container\">\n\t\t\t\t\t\t\t\t\t<p>\u00a0<\/p><p>Die gesamte Website (Texte, Bilder, Grafiken, Logos, Videos usw.) ist ausschlie\u00dfliches Eigentum von L\u2019\u00c9crevisse.<br \/>Jede vollst\u00e4ndige oder teilweise Vervielf\u00e4ltigung oder Darstellung ist ohne vorherige schriftliche Genehmigung untersagt.<\/p>\t\t\t\t\t\t\t\t<\/div>\n\t\t\t\t<\/div>\n\t\t\t\t<\/div>\n\t\t<div class=\"elementor-element elementor-element-623c39c e-con-full e-flex e-con e-child\" data-id=\"623c39c\" data-element_type=\"container\" data-e-type=\"container\">\n\t\t\t\t<div class=\"elementor-element elementor-element-cd5a965 elementor-widget elementor-widget-heading\" data-id=\"cd5a965\" data-element_type=\"widget\" data-e-type=\"widget\" data-widget_type=\"heading.default\">\n\t\t\t\t<div class=\"elementor-widget-container\">\n\t\t\t\t\t<h3 class=\"elementor-heading-title elementor-size-default\">4. Personenbezogene Daten<\/h3>\t\t\t\t<\/div>\n\t\t\t\t<\/div>\n\t\t\t\t<div class=\"elementor-element elementor-element-fd71aea elementor-widget elementor-widget-text-editor\" data-id=\"fd71aea\" data-element_type=\"widget\" data-e-type=\"widget\" data-widget_type=\"text-editor.default\">\n\t\t\t\t<div class=\"elementor-widget-container\">\n\t\t\t\t\t\t\t\t\t<p data-start=\"982\" data-end=\"1149\">\u00a0<\/p><p>Ohne Ihr Wissen werden keine personenbezogenen Daten erfasst. Die \u00fcber das Kontaktformular \u00fcbermittelten Informationen werden ausschlie\u00dflich zur Beantwortung Ihrer Anfrage verwendet.<\/p><p>\u00a0<\/p><p>Gem\u00e4\u00df der <b>Datenschutz-Grundverordnung (DSGVO)<\/b> haben Sie das Recht auf Zugang, Berichtigung, L\u00f6schung, Widerspruch, Einschr\u00e4nkung der Verarbeitung und \u00dcbertragbarkeit Ihrer Daten.<\/p><p>\u00a0<\/p><p>Sie k\u00f6nnen diese Rechte unter folgender Adresse aus\u00fcben: contact@ecrevisse-wissembourg.com<\/p><p>\u00a0<\/p><ul><li><b>Rechtsgrundlage f\u00fcr die Verarbeitung<\/b>: ausdr\u00fcckliche Zustimmung des Nutzers.<\/li><li><b>Dauer der Datenspeicherung<\/b>: maximal 12 Monate nach der letzten Interaktion.<\/li><li>Im Falle einer Beschwerde k\u00f6nnen Sie sich an die <b>CNIL<\/b> (www.cnil.fr) wenden.<\/li><\/ul>\t\t\t\t\t\t\t\t<\/div>\n\t\t\t\t<\/div>\n\t\t\t\t<\/div>\n\t\t<div class=\"elementor-element elementor-element-ca2f6aa e-con-full e-flex e-con e-child\" data-id=\"ca2f6aa\" data-element_type=\"container\" data-e-type=\"container\">\n\t\t\t\t<div class=\"elementor-element elementor-element-789079a elementor-widget elementor-widget-heading\" data-id=\"789079a\" data-element_type=\"widget\" data-e-type=\"widget\" data-widget_type=\"heading.default\">\n\t\t\t\t<div class=\"elementor-widget-container\">\n\t\t\t\t\t<h3 class=\"elementor-heading-title elementor-size-default\">5. Cookies<\/h3>\t\t\t\t<\/div>\n\t\t\t\t<\/div>\n\t\t\t\t<div class=\"elementor-element elementor-element-01ad5b6 elementor-widget elementor-widget-text-editor\" data-id=\"01ad5b6\" data-element_type=\"widget\" data-e-type=\"widget\" data-widget_type=\"text-editor.default\">\n\t\t\t\t<div class=\"elementor-widget-container\">\n\t\t\t\t\t\t\t\t\t<p data-start=\"1765\" data-end=\"1799\">\u00a0<\/p><p>Diese Website verwendet Cookies f\u00fcr folgende Zwecke:<\/p><ul><li>Messung der Besucherzahlen (z. B. \u00fcber Google Analytics)<\/li><li>Verbesserung der Benutzererfahrung (Sitzungscookies)<\/li><\/ul><p>Bei Ihrem ersten Besuch werden Sie \u00fcber die Verwendung von Cookies informiert. Sie k\u00f6nnen jederzeit:<\/p><ul><li>Cookies akzeptieren oder ablehnen<\/li><li>Ihre Einstellungen \u00fcber die Leiste oder die Einstellungen Ihres Browsers anpassen<\/li><\/ul>\t\t\t\t\t\t\t\t<\/div>\n\t\t\t\t<\/div>\n\t\t\t\t<div class=\"elementor-element elementor-element-994c719 elementor-widget elementor-widget-heading\" data-id=\"994c719\" data-element_type=\"widget\" data-e-type=\"widget\" data-widget_type=\"heading.default\">\n\t\t\t\t<div class=\"elementor-widget-container\">\n\t\t\t\t\t<h3 class=\"elementor-heading-title elementor-size-default\">6. Verbrauchermediation\n<\/h3>\t\t\t\t<\/div>\n\t\t\t\t<\/div>\n\t\t\t\t<div class=\"elementor-element elementor-element-3248210 elementor-widget elementor-widget-text-editor\" data-id=\"3248210\" data-element_type=\"widget\" data-e-type=\"widget\" data-widget_type=\"text-editor.default\">\n\t\t\t\t<div class=\"elementor-widget-container\">\n\t\t\t\t\t\t\t\t\t<p data-start=\"1765\" data-end=\"1799\">\u00a0<\/p><p>Gem\u00e4\u00df Artikel L.612-1 des franz\u00f6sischen Verbrauchergesetzbuchs hat jeder Kunde das Recht, sich zur g\u00fctlichen Beilegung einer Streitigkeit kostenlos an einen Verbrauchermediator zu wenden.<\/p><p>Bei Streitigkeiten, die mit unserem Kundendienst nicht beigelegt werden k\u00f6nnen, k\u00f6nnen Sie sich an folgenden Mediator wenden:<\/p><p>\u00a0<\/p><p><b><strong>CM2C \u2013 Centre de M\u00e9diation de la Consommation de Conciliateurs de Justice (Verbraucherschlichtungsstelle)<\/strong><\/b><\/p><p>Adresse: 49 rue de Ponthieu, 75008 Paris<\/p><p>Website: www.cm2c.net<\/p>\t\t\t\t\t\t\t\t<\/div>\n\t\t\t\t<\/div>\n\t\t\t\t<\/div>\n\t\t\t\t\t<\/div>\n\t\t\t\t<\/div>\n\t\t<div class=\"elementor-element elementor-element-b3a3f70 e-con-full e-flex e-con e-child\" data-id=\"b3a3f70\" data-element_type=\"container\" data-e-type=\"container\">\n\t\t\t\t<\/div>\n\t\t\t\t<\/div>\n\t\t","protected":false},"excerpt":{"rendered":"<p>Rechtliche Hinweise 1. Herausgeber der Website \u00a0 Diese Website wird herausgegeben von L\u2019\u00e9tablissement \u00c9crevisse mit Sitz in:\u20288 rue des cordonniers, 67510 Wissembourg, Frankreich\u2028Telefon: +33 3 88 54 87 87E-Mail: contact@ecrevisse-wissembourg.com\u2028Verantwortlicher Herausgeber: Nicolas KanySIRET-Nummer: 945 373 660 00014 2. Hosting \u00a0 Hosting-Anbieter: OVH SAS\u20282 rue Kellermann \u2013 59100 Roubaix \u2013 Frankreich\u2028www.ovh.com 3. Geistiges Eigentum \u00a0 Die [&hellip;]<\/p>\n","protected":false},"author":1,"featured_media":0,"parent":0,"menu_order":0,"comment_status":"closed","ping_status":"closed","template":"elementor_header_footer","meta":{"tpgb_global_settings":"","footnotes":""},"class_list":["post-1737","page","type-page","status-publish","hentry"],"yoast_head":"<!-- This site is optimized with the Yoast SEO plugin v27.3 - https:\/\/yoast.com\/product\/yoast-seo-wordpress\/ -->\n<title>Rechtliche Hinweise - L&#039;\u00c9crevisse<\/title>\n<meta name=\"robots\" content=\"index, follow, max-snippet:-1, max-image-preview:large, max-video-preview:-1\" \/>\n<link rel=\"canonical\" href=\"https:\/\/ecrevisse-wissembourg.com\/index.php\/de\/rechtliche-hinweise\/\" \/>\n<meta property=\"og:locale\" content=\"fr_FR\" \/>\n<meta property=\"og:type\" content=\"article\" \/>\n<meta property=\"og:title\" content=\"Rechtliche Hinweise - L&#039;\u00c9crevisse\" \/>\n<meta property=\"og:description\" content=\"Rechtliche Hinweise 1. Herausgeber der Website \u00a0 Diese Website wird herausgegeben von L\u2019\u00e9tablissement \u00c9crevisse mit Sitz in:\u20288 rue des cordonniers, 67510 Wissembourg, Frankreich\u2028Telefon: +33 3 88 54 87 87E-Mail: contact@ecrevisse-wissembourg.com\u2028Verantwortlicher Herausgeber: Nicolas KanySIRET-Nummer: 945 373 660 00014 2. Hosting \u00a0 Hosting-Anbieter: OVH SAS\u20282 rue Kellermann \u2013 59100 Roubaix \u2013 Frankreich\u2028www.ovh.com 3. Geistiges Eigentum \u00a0 Die [&hellip;]\" \/>\n<meta property=\"og:url\" content=\"https:\/\/ecrevisse-wissembourg.com\/index.php\/de\/rechtliche-hinweise\/\" \/>\n<meta property=\"og:site_name\" content=\"L&#039;\u00c9crevisse\" \/>\n<meta property=\"article:modified_time\" content=\"2025-08-25T16:35:57+00:00\" \/>\n<meta name=\"twitter:card\" content=\"summary_large_image\" \/>\n<meta name=\"twitter:label1\" content=\"Dur\u00e9e de lecture estim\u00e9e\" \/>\n\t<meta name=\"twitter:data1\" content=\"2 minutes\" \/>\n<script type=\"application\/ld+json\" class=\"yoast-schema-graph\">{\"@context\":\"https:\\\/\\\/schema.org\",\"@graph\":[{\"@type\":\"WebPage\",\"@id\":\"https:\\\/\\\/ecrevisse-wissembourg.com\\\/index.php\\\/de\\\/rechtliche-hinweise\\\/\",\"url\":\"https:\\\/\\\/ecrevisse-wissembourg.com\\\/index.php\\\/de\\\/rechtliche-hinweise\\\/\",\"name\":\"Rechtliche Hinweise - L&#039;\u00c9crevisse\",\"isPartOf\":{\"@id\":\"https:\\\/\\\/ecrevisse-wissembourg.com\\\/#website\"},\"datePublished\":\"2025-07-31T09:24:54+00:00\",\"dateModified\":\"2025-08-25T16:35:57+00:00\",\"breadcrumb\":{\"@id\":\"https:\\\/\\\/ecrevisse-wissembourg.com\\\/index.php\\\/de\\\/rechtliche-hinweise\\\/#breadcrumb\"},\"inLanguage\":\"fr-FR\",\"potentialAction\":[{\"@type\":\"ReadAction\",\"target\":[\"https:\\\/\\\/ecrevisse-wissembourg.com\\\/index.php\\\/de\\\/rechtliche-hinweise\\\/\"]}]},{\"@type\":\"BreadcrumbList\",\"@id\":\"https:\\\/\\\/ecrevisse-wissembourg.com\\\/index.php\\\/de\\\/rechtliche-hinweise\\\/#breadcrumb\",\"itemListElement\":[{\"@type\":\"ListItem\",\"position\":1,\"name\":\"Accueil\",\"item\":\"https:\\\/\\\/ecrevisse-wissembourg.com\\\/\"},{\"@type\":\"ListItem\",\"position\":2,\"name\":\"Rechtliche Hinweise\"}]},{\"@type\":\"WebSite\",\"@id\":\"https:\\\/\\\/ecrevisse-wissembourg.com\\\/#website\",\"url\":\"https:\\\/\\\/ecrevisse-wissembourg.com\\\/\",\"name\":\"H\u00f4tel \u00c9crevisse\",\"description\":\"\",\"publisher\":{\"@id\":\"https:\\\/\\\/ecrevisse-wissembourg.com\\\/#organization\"},\"potentialAction\":[{\"@type\":\"SearchAction\",\"target\":{\"@type\":\"EntryPoint\",\"urlTemplate\":\"https:\\\/\\\/ecrevisse-wissembourg.com\\\/?s={search_term_string}\"},\"query-input\":{\"@type\":\"PropertyValueSpecification\",\"valueRequired\":true,\"valueName\":\"search_term_string\"}}],\"inLanguage\":\"fr-FR\"},{\"@type\":\"Organization\",\"@id\":\"https:\\\/\\\/ecrevisse-wissembourg.com\\\/#organization\",\"name\":\"H\u00f4tel \u00c9crevisse\",\"alternateName\":\"\u00c9crevisse\",\"url\":\"https:\\\/\\\/ecrevisse-wissembourg.com\\\/\",\"logo\":{\"@type\":\"ImageObject\",\"inLanguage\":\"fr-FR\",\"@id\":\"https:\\\/\\\/ecrevisse-wissembourg.com\\\/#\\\/schema\\\/logo\\\/image\\\/\",\"url\":\"https:\\\/\\\/ecrevisse-wissembourg.com\\\/wp-content\\\/uploads\\\/2025\\\/06\\\/Ecrevisse-1.png\",\"contentUrl\":\"https:\\\/\\\/ecrevisse-wissembourg.com\\\/wp-content\\\/uploads\\\/2025\\\/06\\\/Ecrevisse-1.png\",\"width\":513,\"height\":117,\"caption\":\"H\u00f4tel \u00c9crevisse\"},\"image\":{\"@id\":\"https:\\\/\\\/ecrevisse-wissembourg.com\\\/#\\\/schema\\\/logo\\\/image\\\/\"}}]}<\/script>\n<!-- \/ Yoast SEO plugin. -->","yoast_head_json":{"title":"Rechtliche Hinweise - L&#039;\u00c9crevisse","robots":{"index":"index","follow":"follow","max-snippet":"max-snippet:-1","max-image-preview":"max-image-preview:large","max-video-preview":"max-video-preview:-1"},"canonical":"https:\/\/ecrevisse-wissembourg.com\/index.php\/de\/rechtliche-hinweise\/","og_locale":"fr_FR","og_type":"article","og_title":"Rechtliche Hinweise - L&#039;\u00c9crevisse","og_description":"Rechtliche Hinweise 1. Herausgeber der Website \u00a0 Diese Website wird herausgegeben von L\u2019\u00e9tablissement \u00c9crevisse mit Sitz in:\u20288 rue des cordonniers, 67510 Wissembourg, Frankreich\u2028Telefon: +33 3 88 54 87 87E-Mail: contact@ecrevisse-wissembourg.com\u2028Verantwortlicher Herausgeber: Nicolas KanySIRET-Nummer: 945 373 660 00014 2. Hosting \u00a0 Hosting-Anbieter: OVH SAS\u20282 rue Kellermann \u2013 59100 Roubaix \u2013 Frankreich\u2028www.ovh.com 3. Geistiges Eigentum \u00a0 Die [&hellip;]","og_url":"https:\/\/ecrevisse-wissembourg.com\/index.php\/de\/rechtliche-hinweise\/","og_site_name":"L&#039;\u00c9crevisse","article_modified_time":"2025-08-25T16:35:57+00:00","twitter_card":"summary_large_image","twitter_misc":{"Dur\u00e9e de lecture estim\u00e9e":"2 minutes"},"schema":{"@context":"https:\/\/schema.org","@graph":[{"@type":"WebPage","@id":"https:\/\/ecrevisse-wissembourg.com\/index.php\/de\/rechtliche-hinweise\/","url":"https:\/\/ecrevisse-wissembourg.com\/index.php\/de\/rechtliche-hinweise\/","name":"Rechtliche Hinweise - L&#039;\u00c9crevisse","isPartOf":{"@id":"https:\/\/ecrevisse-wissembourg.com\/#website"},"datePublished":"2025-07-31T09:24:54+00:00","dateModified":"2025-08-25T16:35:57+00:00","breadcrumb":{"@id":"https:\/\/ecrevisse-wissembourg.com\/index.php\/de\/rechtliche-hinweise\/#breadcrumb"},"inLanguage":"fr-FR","potentialAction":[{"@type":"ReadAction","target":["https:\/\/ecrevisse-wissembourg.com\/index.php\/de\/rechtliche-hinweise\/"]}]},{"@type":"BreadcrumbList","@id":"https:\/\/ecrevisse-wissembourg.com\/index.php\/de\/rechtliche-hinweise\/#breadcrumb","itemListElement":[{"@type":"ListItem","position":1,"name":"Accueil","item":"https:\/\/ecrevisse-wissembourg.com\/"},{"@type":"ListItem","position":2,"name":"Rechtliche Hinweise"}]},{"@type":"WebSite","@id":"https:\/\/ecrevisse-wissembourg.com\/#website","url":"https:\/\/ecrevisse-wissembourg.com\/","name":"H\u00f4tel \u00c9crevisse","description":"","publisher":{"@id":"https:\/\/ecrevisse-wissembourg.com\/#organization"},"potentialAction":[{"@type":"SearchAction","target":{"@type":"EntryPoint","urlTemplate":"https:\/\/ecrevisse-wissembourg.com\/?s={search_term_string}"},"query-input":{"@type":"PropertyValueSpecification","valueRequired":true,"valueName":"search_term_string"}}],"inLanguage":"fr-FR"},{"@type":"Organization","@id":"https:\/\/ecrevisse-wissembourg.com\/#organization","name":"H\u00f4tel \u00c9crevisse","alternateName":"\u00c9crevisse","url":"https:\/\/ecrevisse-wissembourg.com\/","logo":{"@type":"ImageObject","inLanguage":"fr-FR","@id":"https:\/\/ecrevisse-wissembourg.com\/#\/schema\/logo\/image\/","url":"https:\/\/ecrevisse-wissembourg.com\/wp-content\/uploads\/2025\/06\/Ecrevisse-1.png","contentUrl":"https:\/\/ecrevisse-wissembourg.com\/wp-content\/uploads\/2025\/06\/Ecrevisse-1.png","width":513,"height":117,"caption":"H\u00f4tel \u00c9crevisse"},"image":{"@id":"https:\/\/ecrevisse-wissembourg.com\/#\/schema\/logo\/image\/"}}]}},"tpgb_featured_images":null,"tpgb_post_meta_info":{"get_date":"31 juillet 2025","get_modified_date":"25 ao\u00fbt 2025","author_name":"admin","author_url":"https:\/\/ecrevisse-wissembourg.com\/index.php\/author\/admin\/","author_email":"26matt.09@gmail.com","author_website":"https:\/\/ecrevisse-wissembourg.com\/","author_description":"","author_facebook":"","author_twitter":"","author_instagram":"","author_role":["administrator"],"author_firstname":"","author_lastname":"","user_login":"admin","author_avatar":"<img alt='' src='https:\/\/secure.gravatar.com\/avatar\/c1541f9bd026027cdc59818f3be1173fcde3540409c3d7136bcb4ca19fedecef?s=200&#038;d=mm&#038;r=g' srcset='https:\/\/secure.gravatar.com\/avatar\/c1541f9bd026027cdc59818f3be1173fcde3540409c3d7136bcb4ca19fedecef?s=400&#038;d=mm&#038;r=g 2x' class='avatar avatar-200 photo' height='200' width='200' decoding='async'\/>","author_avatar_url":"https:\/\/secure.gravatar.com\/avatar\/c1541f9bd026027cdc59818f3be1173fcde3540409c3d7136bcb4ca19fedecef?s=96&d=mm&r=g","comment_count":0,"post_likes":0,"post_views":0},"tpgb_post_category":[],"_links":{"self":[{"href":"https:\/\/ecrevisse-wissembourg.com\/index.php\/wp-json\/wp\/v2\/pages\/1737","targetHints":{"allow":["GET"]}}],"collection":[{"href":"https:\/\/ecrevisse-wissembourg.com\/index.php\/wp-json\/wp\/v2\/pages"}],"about":[{"href":"https:\/\/ecrevisse-wissembourg.com\/index.php\/wp-json\/wp\/v2\/types\/page"}],"author":[{"embeddable":true,"href":"https:\/\/ecrevisse-wissembourg.com\/index.php\/wp-json\/wp\/v2\/users\/1"}],"replies":[{"embeddable":true,"href":"https:\/\/ecrevisse-wissembourg.com\/index.php\/wp-json\/wp\/v2\/comments?post=1737"}],"version-history":[{"count":8,"href":"https:\/\/ecrevisse-wissembourg.com\/index.php\/wp-json\/wp\/v2\/pages\/1737\/revisions"}],"predecessor-version":[{"id":2277,"href":"https:\/\/ecrevisse-wissembourg.com\/index.php\/wp-json\/wp\/v2\/pages\/1737\/revisions\/2277"}],"wp:attachment":[{"href":"https:\/\/ecrevisse-wissembourg.com\/index.php\/wp-json\/wp\/v2\/media?parent=1737"}],"curies":[{"name":"wp","href":"https:\/\/api.w.org\/{rel}","templated":true}]}}